{"id":24785,"date":"2025-05-28T11:41:32","date_gmt":"2025-05-28T09:41:32","guid":{"rendered":"https:\/\/eterle.cz\/eshop\/produkt\/komoda-na-nozickach-jitona\/"},"modified":"2025-07-12T21:15:56","modified_gmt":"2025-07-12T19:15:56","slug":"komoda-na-nozickach-jitona","status":"publish","type":"product","link":"https:\/\/eterle.cz\/eshop\/produkt\/komoda-na-nozickach-jitona\/","title":{"rendered":"Komoda na no\u017ei\u010dk\u00e1ch \/ Jitona"},"content":{"rendered":"<p>Elegantn\u00ed komoda na vysok\u00fdch \u0161ikm\u00fdch noh\u00e1ch je esenc\u00ed bruselsk\u00e9ho stylu, kter\u00fd se v 60. letech zhmotnil do organick\u00fdch tvar\u016f, hrav\u00e9 barevnosti a optimismu pov\u00e1le\u010dn\u00e9 moderny. Kombinace ho\u0159\u010dicov\u011b \u017elut\u00fdch dv\u00ed\u0159ek a \u010dern\u00e9ho dekoru s linkov\u00fdm vzorem p\u0159ipom\u00edn\u00e1 v\u00fdtvarnou estetiku Expo 58 i d\u016fv\u011bru v kr\u00e1su designu pro ka\u017ed\u00fd den.<\/p>\n<p>Tento kousek nen\u00ed jen \u00falo\u017en\u00fdm prostorem, ale i v\u00fdtvarn\u00fdm objektem \u2013 s gr\u00e1ci\u00ed obstoj\u00ed jako solit\u00e9r v modern\u00edm interi\u00e9ru, nebo se stane st\u0159edobodem kompozice z n\u00e1bytku 60. let.<\/p>\n<p>Stav: velmi dobr\u00fd, jen jedno sklo je \u0161t\u00edpl\u00e9<br \/>\nZna\u010dka: Jitona<br \/>\nRozm\u011br<br \/>\nV\u00fd\u0161ka: 115 cm<br \/>\n\u0160\u00ed\u0159ka: 122 cm (118 bez nohou)<br \/>\nHloubka: 36 cm (31 bez nohou)<\/p>\n<p>&nbsp;<\/p>\n","protected":false},"excerpt":{"rendered":"<p>Elegantn\u00ed komoda na vysok\u00fdch \u0161ikm\u00fdch noh\u00e1ch je esenc\u00ed bruselsk\u00e9ho stylu, kter\u00fd se v 60. letech zhmotnil do organick\u00fdch tvar\u016f, hrav\u00e9<\/p>\n","protected":false},"featured_media":24787,"template":"","meta":[],"product_brand":[],"product_cat":[130,125],"product_tag":[],"class_list":{"0":"post-24785","1":"product","2":"type-product","3":"status-publish","4":"has-post-thumbnail","6":"product_cat-nabytek","7":"product_cat-komody-a-skrine","8":"product_shipping_class-nadrozmerne","10":"first","11":"instock","12":"purchasable","13":"product-type-simple"},"_links":{"self":[{"href":"https:\/\/eterle.cz\/eshop\/wp-json\/wp\/v2\/product\/24785","targetHints":{"allow":["GET"]}}],"collection":[{"href":"https:\/\/eterle.cz\/eshop\/wp-json\/wp\/v2\/product"}],"about":[{"href":"https:\/\/eterle.cz\/eshop\/wp-json\/wp\/v2\/types\/product"}],"version-history":[{"count":1,"href":"https:\/\/eterle.cz\/eshop\/wp-json\/wp\/v2\/product\/24785\/revisions"}],"predecessor-version":[{"id":24786,"href":"https:\/\/eterle.cz\/eshop\/wp-json\/wp\/v2\/product\/24785\/revisions\/24786"}],"wp:featuredmedia":[{"embeddable":true,"href":"https:\/\/eterle.cz\/eshop\/wp-json\/wp\/v2\/media\/24787"}],"wp:attachment":[{"href":"https:\/\/eterle.cz\/eshop\/wp-json\/wp\/v2\/media?parent=24785"}],"wp:term":[{"taxonomy":"product_brand","embeddable":true,"href":"https:\/\/eterle.cz\/eshop\/wp-json\/wp\/v2\/product_brand?post=24785"},{"taxonomy":"product_cat","embeddable":true,"href":"https:\/\/eterle.cz\/eshop\/wp-json\/wp\/v2\/product_cat?post=24785"},{"taxonomy":"product_tag","embeddable":true,"href":"https:\/\/eterle.cz\/eshop\/wp-json\/wp\/v2\/product_tag?post=24785"}],"curies":[{"name":"wp","href":"https:\/\/api.w.org\/{rel}","templated":true}]}}