{"id":24800,"date":"2025-05-28T11:41:39","date_gmt":"2025-05-28T09:41:39","guid":{"rendered":"https:\/\/eterle.cz\/eshop\/produkt\/sofa-art-deco\/"},"modified":"2026-02-12T17:34:04","modified_gmt":"2026-02-12T16:34:04","slug":"sofa-art-deco","status":"publish","type":"product","link":"https:\/\/eterle.cz\/eshop\/produkt\/sofa-art-deco\/","title":{"rendered":"Sofa Art deco"},"content":{"rendered":"<p>Unik\u00e1tn\u00ed pohovka z obdob\u00ed pozdn\u00edho art deca (30.-40. l\u00e9ta minul\u00e9ho stolet\u00ed), kter\u00e1 propojuje pohodln\u00e9 trojm\u00edstn\u00e9 sezen\u00ed s praktick\u00fdmi dopl\u0148ky. Integrovan\u00fd bo\u010dn\u00ed stolek a nen\u00e1padn\u011b skryt\u00fdm \u00falo\u017en\u00fdm prostorem na druh\u00e9m boku, kter\u00fd je p\u0159\u00edstupn\u00fd zezadu a jde o tzv. &#8222;mal\u00fd trezor&#8220;. \u010cerven\u00e9 \u010daloun\u011bn\u00ed, geometrick\u00e1 konstrukce a chytr\u00e9 \u010dlen\u011bn\u00ed d\u011blaj\u00ed z tohoto kusu nejen funk\u010dn\u00ed prvek interi\u00e9ru, ale i pozoruhodn\u00fd sb\u011bratelsk\u00fd artefakt meziv\u00e1le\u010dn\u00e9ho \u010deskoslovensk\u00e9ho designu.<\/p>\n<p>Stav: p\u016fvodn\u00ed zachoval\u00fd, matrace nemaj\u00ed stejn\u00e9 \u010daloun\u011bn\u00ed<br \/>\nRozm\u011br<br \/>\nV\u00fd\u0161ka: 83 cm<br \/>\nD\u00e9lka: 238 cm<br \/>\nD\u00e9lka \u010d\u00e1sti s matrac\u00ed: 188 cm<br \/>\nHloubka: 83 cm<br \/>\nHloubka matrac\u00ed 78 cm<\/p>\n<p>&nbsp;<\/p>\n","protected":false},"excerpt":{"rendered":"<p>Unik\u00e1tn\u00ed pohovka z obdob\u00ed pozdn\u00edho art deca (30.-40. l\u00e9ta minul\u00e9ho stolet\u00ed), kter\u00e1 propojuje pohodln\u00e9 trojm\u00edstn\u00e9 sezen\u00ed s praktick\u00fdmi dopl\u0148ky. Integrovan\u00fd<\/p>\n","protected":false},"featured_media":24802,"template":"","meta":[],"product_brand":[],"product_cat":[91],"product_tag":[],"class_list":{"0":"post-24800","1":"product","2":"type-product","3":"status-publish","4":"has-post-thumbnail","6":"product_cat-prodane","7":"product_shipping_class-nadrozmerne","9":"first","10":"outofstock","11":"purchasable","12":"product-type-simple"},"_links":{"self":[{"href":"https:\/\/eterle.cz\/eshop\/wp-json\/wp\/v2\/product\/24800","targetHints":{"allow":["GET"]}}],"collection":[{"href":"https:\/\/eterle.cz\/eshop\/wp-json\/wp\/v2\/product"}],"about":[{"href":"https:\/\/eterle.cz\/eshop\/wp-json\/wp\/v2\/types\/product"}],"version-history":[{"count":1,"href":"https:\/\/eterle.cz\/eshop\/wp-json\/wp\/v2\/product\/24800\/revisions"}],"predecessor-version":[{"id":24801,"href":"https:\/\/eterle.cz\/eshop\/wp-json\/wp\/v2\/product\/24800\/revisions\/24801"}],"wp:featuredmedia":[{"embeddable":true,"href":"https:\/\/eterle.cz\/eshop\/wp-json\/wp\/v2\/media\/24802"}],"wp:attachment":[{"href":"https:\/\/eterle.cz\/eshop\/wp-json\/wp\/v2\/media?parent=24800"}],"wp:term":[{"taxonomy":"product_brand","embeddable":true,"href":"https:\/\/eterle.cz\/eshop\/wp-json\/wp\/v2\/product_brand?post=24800"},{"taxonomy":"product_cat","embeddable":true,"href":"https:\/\/eterle.cz\/eshop\/wp-json\/wp\/v2\/product_cat?post=24800"},{"taxonomy":"product_tag","embeddable":true,"href":"https:\/\/eterle.cz\/eshop\/wp-json\/wp\/v2\/product_tag?post=24800"}],"curies":[{"name":"wp","href":"https:\/\/api.w.org\/{rel}","templated":true}]}}