{"id":24828,"date":"2025-05-28T11:41:55","date_gmt":"2025-05-28T09:41:55","guid":{"rendered":"https:\/\/eterle.cz\/eshop\/produkt\/konferencni-stolek-11\/"},"modified":"2025-07-12T21:15:56","modified_gmt":"2025-07-12T19:15:56","slug":"konferencni-stolek-11","status":"publish","type":"product","link":"https:\/\/eterle.cz\/eshop\/produkt\/konferencni-stolek-11\/","title":{"rendered":"Konferen\u010dn\u00ed stolek"},"content":{"rendered":"<p>Elegantn\u00ed j\u00eddeln\u00ed st\u016fl z 60. let minul\u00e9ho stolet\u00ed s organicky tvarovan\u00fdm profilem desky. D\u00fdhovan\u00e1 deska v tmav\u00e9m odst\u00ednu a subtiln\u00ed konstrukce dod\u00e1v\u00e1 stolu modern\u00ed v\u00fdraz.<\/p>\n<p>Stav: po renovaci<br \/>\nRozm\u011br<br \/>\nV\u00fd\u0161ka: 57 cm<br \/>\n\u0160\u00ed\u0159ka: 104 cm<br \/>\nHloubka: 50 cm<\/p>\n<p>&nbsp;<\/p>\n","protected":false},"excerpt":{"rendered":"<p>Elegantn\u00ed j\u00eddeln\u00ed st\u016fl z 60. let minul\u00e9ho stolet\u00ed s organicky tvarovan\u00fdm profilem desky. D\u00fdhovan\u00e1 deska v tmav\u00e9m odst\u00ednu a subtiln\u00ed<\/p>\n","protected":false},"featured_media":24830,"template":"","meta":[],"product_brand":[],"product_cat":[130,124],"product_tag":[],"class_list":{"0":"post-24828","1":"product","2":"type-product","3":"status-publish","4":"has-post-thumbnail","6":"product_cat-nabytek","7":"product_cat-stoly","8":"product_shipping_class-nadrozmerne","10":"first","11":"instock","12":"purchasable","13":"product-type-simple"},"_links":{"self":[{"href":"https:\/\/eterle.cz\/eshop\/wp-json\/wp\/v2\/product\/24828","targetHints":{"allow":["GET"]}}],"collection":[{"href":"https:\/\/eterle.cz\/eshop\/wp-json\/wp\/v2\/product"}],"about":[{"href":"https:\/\/eterle.cz\/eshop\/wp-json\/wp\/v2\/types\/product"}],"version-history":[{"count":1,"href":"https:\/\/eterle.cz\/eshop\/wp-json\/wp\/v2\/product\/24828\/revisions"}],"predecessor-version":[{"id":24829,"href":"https:\/\/eterle.cz\/eshop\/wp-json\/wp\/v2\/product\/24828\/revisions\/24829"}],"wp:featuredmedia":[{"embeddable":true,"href":"https:\/\/eterle.cz\/eshop\/wp-json\/wp\/v2\/media\/24830"}],"wp:attachment":[{"href":"https:\/\/eterle.cz\/eshop\/wp-json\/wp\/v2\/media?parent=24828"}],"wp:term":[{"taxonomy":"product_brand","embeddable":true,"href":"https:\/\/eterle.cz\/eshop\/wp-json\/wp\/v2\/product_brand?post=24828"},{"taxonomy":"product_cat","embeddable":true,"href":"https:\/\/eterle.cz\/eshop\/wp-json\/wp\/v2\/product_cat?post=24828"},{"taxonomy":"product_tag","embeddable":true,"href":"https:\/\/eterle.cz\/eshop\/wp-json\/wp\/v2\/product_tag?post=24828"}],"curies":[{"name":"wp","href":"https:\/\/api.w.org\/{rel}","templated":true}]}}