{"id":24877,"date":"2025-05-28T11:42:23","date_gmt":"2025-05-28T09:42:23","guid":{"rendered":"https:\/\/eterle.cz\/eshop\/produkt\/komoda-f-mezulanik\/"},"modified":"2025-10-27T11:09:54","modified_gmt":"2025-10-27T10:09:54","slug":"komoda-f-mezulanik","status":"publish","type":"product","link":"https:\/\/eterle.cz\/eshop\/produkt\/komoda-f-mezulanik\/","title":{"rendered":"Komoda \/ F. Mezul\u00e1nik"},"content":{"rendered":"<p>Elegannt\u00ed a praktick\u00e1 podlouh\u00e1 komoda od design\u00e9ra Franti\u0161ka Mezul\u00e1nika, kter\u00fd byl jeden z ocen\u011bn\u00fdch architekt\u016f za odleh\u010den\u00fd sektorov\u00fd n\u00e1bytek (U-1) v pov\u00e1le\u010dn\u00e9m obdob\u00ed.<\/p>\n<p>Od stejnojmen\u00e9ho n\u00e1vrh\u00e1\u0159e m\u00e1me k dispozici je\u0161t\u011b n\u011bkolik dal\u0161\u00edch kousk\u016f: sk\u0159\u00ed\u0148 se stolkem, knihovnu, pe\u0159i\u0148\u00e1k a sk\u0159\u00ed\u0148.<\/p>\n<p>Stav: velmi dobr\u00fd<br \/>\nZna\u010dka: Franti\u0161ek Mezul\u00e1nik<br \/>\nRozm\u011br<br \/>\nV\u00fd\u0161ka: 77 cm<br \/>\n\u0160\u00ed\u0159ka: 161,5 cm<br \/>\nHloubka:45 cm<\/p>\n<p>&nbsp;<\/p>\n","protected":false},"excerpt":{"rendered":"<p>Elegannt\u00ed a praktick\u00e1 podlouh\u00e1 komoda od design\u00e9ra Franti\u0161ka Mezul\u00e1nika, kter\u00fd byl jeden z ocen\u011bn\u00fdch architekt\u016f za odleh\u010den\u00fd sektorov\u00fd n\u00e1bytek (U-1)<\/p>\n","protected":false},"featured_media":24879,"template":"","meta":[],"product_brand":[],"product_cat":[91],"product_tag":[],"class_list":{"0":"post-24877","1":"product","2":"type-product","3":"status-publish","4":"has-post-thumbnail","6":"product_cat-prodane","7":"product_shipping_class-nadrozmerne","9":"first","10":"outofstock","11":"purchasable","12":"product-type-simple"},"_links":{"self":[{"href":"https:\/\/eterle.cz\/eshop\/wp-json\/wp\/v2\/product\/24877","targetHints":{"allow":["GET"]}}],"collection":[{"href":"https:\/\/eterle.cz\/eshop\/wp-json\/wp\/v2\/product"}],"about":[{"href":"https:\/\/eterle.cz\/eshop\/wp-json\/wp\/v2\/types\/product"}],"version-history":[{"count":4,"href":"https:\/\/eterle.cz\/eshop\/wp-json\/wp\/v2\/product\/24877\/revisions"}],"predecessor-version":[{"id":30694,"href":"https:\/\/eterle.cz\/eshop\/wp-json\/wp\/v2\/product\/24877\/revisions\/30694"}],"wp:featuredmedia":[{"embeddable":true,"href":"https:\/\/eterle.cz\/eshop\/wp-json\/wp\/v2\/media\/24879"}],"wp:attachment":[{"href":"https:\/\/eterle.cz\/eshop\/wp-json\/wp\/v2\/media?parent=24877"}],"wp:term":[{"taxonomy":"product_brand","embeddable":true,"href":"https:\/\/eterle.cz\/eshop\/wp-json\/wp\/v2\/product_brand?post=24877"},{"taxonomy":"product_cat","embeddable":true,"href":"https:\/\/eterle.cz\/eshop\/wp-json\/wp\/v2\/product_cat?post=24877"},{"taxonomy":"product_tag","embeddable":true,"href":"https:\/\/eterle.cz\/eshop\/wp-json\/wp\/v2\/product_tag?post=24877"}],"curies":[{"name":"wp","href":"https:\/\/api.w.org\/{rel}","templated":true}]}}