{"id":24902,"date":"2025-05-28T11:42:36","date_gmt":"2025-05-28T09:42:36","guid":{"rendered":"https:\/\/eterle.cz\/eshop\/produkt\/perinak-f-mezulanik\/"},"modified":"2025-07-12T21:15:54","modified_gmt":"2025-07-12T19:15:54","slug":"perinak-f-mezulanik","status":"publish","type":"product","link":"https:\/\/eterle.cz\/eshop\/produkt\/perinak-f-mezulanik\/","title":{"rendered":"Pe\u0159i\u0148\u00e1k \/ F. Mezul\u00e1nik"},"content":{"rendered":"<p>Minimalistick\u00fd pe\u0159i\u0148\u00e1k men\u0161\u00edch rozm\u011br\u016f akor\u00e1t vhodn\u00fd do hostinsk\u00e9ho pokoje. N\u00e1bytek poch\u00e1z\u00ed od od design\u00e9ra Franti\u0161ka Mezul\u00e1nika, kter\u00fd byl jeden z ocen\u011bn\u00fdch architekt\u016f za odleh\u010den\u00fd sektorov\u00fd n\u00e1bytek (U-1) v pov\u00e1le\u010dn\u00e9m obdob\u00ed. <\/p>\n<p>Od stejnojmen\u00e9ho n\u00e1vrh\u00e1\u0159e m\u00e1me k dispozici je\u0161t\u011b n\u011bkolik dal\u0161\u00edch kousk\u016f: komodu, knihovnu, sk\u0159\u00ed\u0148 se stolkem a sk\u0159\u00ed\u0148.<\/p>\n<p>Stav: velmi dobr\u00fd<br \/>\nZna\u010dka: Franti\u0161ek Mezul\u00e1nik<br \/>\nRozm\u011br<br \/>\nV\u00fd\u0161ka: 77 cm<br \/>\n\u0160\u00ed\u0159ka: 79 cm<br \/>\nHloubka: 47 cm<\/p>\n<p>&nbsp;<\/p>\n","protected":false},"excerpt":{"rendered":"<p>Minimalistick\u00fd pe\u0159i\u0148\u00e1k men\u0161\u00edch rozm\u011br\u016f akor\u00e1t vhodn\u00fd do hostinsk\u00e9ho pokoje. N\u00e1bytek poch\u00e1z\u00ed od od design\u00e9ra Franti\u0161ka Mezul\u00e1nika, kter\u00fd byl jeden z<\/p>\n","protected":false},"featured_media":24904,"template":"","meta":[],"product_brand":[],"product_cat":[130,125],"product_tag":[],"class_list":{"0":"post-24902","1":"product","2":"type-product","3":"status-publish","4":"has-post-thumbnail","6":"product_cat-nabytek","7":"product_cat-komody-a-skrine","8":"product_shipping_class-nadrozmerne","10":"first","11":"instock","12":"purchasable","13":"product-type-simple"},"_links":{"self":[{"href":"https:\/\/eterle.cz\/eshop\/wp-json\/wp\/v2\/product\/24902","targetHints":{"allow":["GET"]}}],"collection":[{"href":"https:\/\/eterle.cz\/eshop\/wp-json\/wp\/v2\/product"}],"about":[{"href":"https:\/\/eterle.cz\/eshop\/wp-json\/wp\/v2\/types\/product"}],"version-history":[{"count":1,"href":"https:\/\/eterle.cz\/eshop\/wp-json\/wp\/v2\/product\/24902\/revisions"}],"predecessor-version":[{"id":24903,"href":"https:\/\/eterle.cz\/eshop\/wp-json\/wp\/v2\/product\/24902\/revisions\/24903"}],"wp:featuredmedia":[{"embeddable":true,"href":"https:\/\/eterle.cz\/eshop\/wp-json\/wp\/v2\/media\/24904"}],"wp:attachment":[{"href":"https:\/\/eterle.cz\/eshop\/wp-json\/wp\/v2\/media?parent=24902"}],"wp:term":[{"taxonomy":"product_brand","embeddable":true,"href":"https:\/\/eterle.cz\/eshop\/wp-json\/wp\/v2\/product_brand?post=24902"},{"taxonomy":"product_cat","embeddable":true,"href":"https:\/\/eterle.cz\/eshop\/wp-json\/wp\/v2\/product_cat?post=24902"},{"taxonomy":"product_tag","embeddable":true,"href":"https:\/\/eterle.cz\/eshop\/wp-json\/wp\/v2\/product_tag?post=24902"}],"curies":[{"name":"wp","href":"https:\/\/api.w.org\/{rel}","templated":true}]}}