{"id":24912,"date":"2025-05-28T11:42:42","date_gmt":"2025-05-28T09:42:42","guid":{"rendered":"https:\/\/eterle.cz\/eshop\/produkt\/nocni-stolky-par-2\/"},"modified":"2025-06-23T01:33:38","modified_gmt":"2025-06-22T23:33:38","slug":"nocni-stolky-par-2","status":"publish","type":"product","link":"https:\/\/eterle.cz\/eshop\/produkt\/nocni-stolky-par-2\/","title":{"rendered":"No\u010dn\u00ed stolky (p\u00e1r)"},"content":{"rendered":"<p>P\u00e1r no\u010dn\u00edch stolk\u016f jako z noblesn\u00edho pokoje prvn\u00ed republiky. V\u00fdrazn\u00e1 d\u00fdha z ko\u0159enice p\u0159ipom\u00edn\u00e1 symetrickou malbu inkoustem. V ka\u017ed\u00e9m ze stolk\u016f jako by se otiskoval cel\u00fd les. Otev\u0159en\u00e1 p\u0159ihr\u00e1dka a dv\u011b z\u00e1suvky s p\u016fvabn\u00fdmi bakelitov\u00fdmi \u00fachytkami nab\u00edzej\u00ed praktick\u00e9 vyu\u017eit\u00ed a\u0165 u\u017e vedle postele, v hale nebo jako solit\u00e9ry po stran\u00e1ch pohovky.<\/p>\n<p>Stav: veli dobr\u00fd p\u016fvodn\u00ed<br \/>\nRozm\u011br<br \/>\nV\u00fd\u0161ka: 61,5 cm<br \/>\n\u0160\u00ed\u0159ka: 48 cm<br \/>\nHloubka: 40 cm<\/p>\n<p>&nbsp;<\/p>\n","protected":false},"excerpt":{"rendered":"<p>P\u00e1r no\u010dn\u00edch stolk\u016f jako z noblesn\u00edho pokoje prvn\u00ed republiky. V\u00fdrazn\u00e1 d\u00fdha z ko\u0159enice p\u0159ipom\u00edn\u00e1 symetrickou malbu inkoustem. V ka\u017ed\u00e9m ze<\/p>\n","protected":false},"featured_media":24914,"template":"","meta":[],"product_brand":[],"product_cat":[91],"product_tag":[],"class_list":{"0":"post-24912","1":"product","2":"type-product","3":"status-publish","4":"has-post-thumbnail","6":"product_cat-prodane","7":"product_shipping_class-nadrozmerne","9":"first","10":"outofstock","11":"purchasable","12":"product-type-simple"},"_links":{"self":[{"href":"https:\/\/eterle.cz\/eshop\/wp-json\/wp\/v2\/product\/24912","targetHints":{"allow":["GET"]}}],"collection":[{"href":"https:\/\/eterle.cz\/eshop\/wp-json\/wp\/v2\/product"}],"about":[{"href":"https:\/\/eterle.cz\/eshop\/wp-json\/wp\/v2\/types\/product"}],"version-history":[{"count":1,"href":"https:\/\/eterle.cz\/eshop\/wp-json\/wp\/v2\/product\/24912\/revisions"}],"predecessor-version":[{"id":24913,"href":"https:\/\/eterle.cz\/eshop\/wp-json\/wp\/v2\/product\/24912\/revisions\/24913"}],"wp:featuredmedia":[{"embeddable":true,"href":"https:\/\/eterle.cz\/eshop\/wp-json\/wp\/v2\/media\/24914"}],"wp:attachment":[{"href":"https:\/\/eterle.cz\/eshop\/wp-json\/wp\/v2\/media?parent=24912"}],"wp:term":[{"taxonomy":"product_brand","embeddable":true,"href":"https:\/\/eterle.cz\/eshop\/wp-json\/wp\/v2\/product_brand?post=24912"},{"taxonomy":"product_cat","embeddable":true,"href":"https:\/\/eterle.cz\/eshop\/wp-json\/wp\/v2\/product_cat?post=24912"},{"taxonomy":"product_tag","embeddable":true,"href":"https:\/\/eterle.cz\/eshop\/wp-json\/wp\/v2\/product_tag?post=24912"}],"curies":[{"name":"wp","href":"https:\/\/api.w.org\/{rel}","templated":true}]}}