{"id":24922,"date":"2025-05-28T11:42:48","date_gmt":"2025-05-28T09:42:48","guid":{"rendered":"https:\/\/eterle.cz\/eshop\/produkt\/kuchynsky-stul-2\/"},"modified":"2025-07-12T21:15:54","modified_gmt":"2025-07-12T19:15:54","slug":"kuchynsky-stul-2","status":"publish","type":"product","link":"https:\/\/eterle.cz\/eshop\/produkt\/kuchynsky-stul-2\/","title":{"rendered":"Kuchy\u0148sk\u00fd st\u016fl"},"content":{"rendered":"<p>Jednoduch\u00fd venkovsk\u00fd st\u016fl s p\u0159ekvapiv\u011b promy\u0161len\u00fdm detailem \u2013 bo\u010dn\u011b v\u00fdsuvn\u00fdm \u0161upl\u00edkem z pozinkovan\u00e9ho plechu, kter\u00fd pravd\u011bpodobn\u011b slou\u017eil pro skladov\u00e1n\u00ed pe\u010diva. D\u0159ev\u011bn\u00e1 konstrukce je v p\u016fvodn\u00ed patin\u011b a deska je z umakartu v hn\u011bdo\u010derven\u00e9m odst\u00ednu. Autentick\u00fd st\u016fl  z prvn\u00ed poloviny 20. stolet\u00ed, kter\u00fd bude kr\u00e1sn\u00fdm dopl\u0148kem chalupy.<\/p>\n<p>Stav: s v\u00fdrazn\u011bj\u0161\u00ed patinou, kter\u00e1 ale tomuto typu stolu dod\u00e1v\u00e1 na autenti\u010dnosti<br \/>\nRozm\u011br<br \/>\nV\u00fd\u0161ka: 80 cm<br \/>\n\u0160\u00ed\u0159ka: 112 cm<br \/>\nHloubka: 66 cm<\/p>\n<p>&nbsp;<\/p>\n","protected":false},"excerpt":{"rendered":"<p>Jednoduch\u00fd venkovsk\u00fd st\u016fl s p\u0159ekvapiv\u011b promy\u0161len\u00fdm detailem \u2013 bo\u010dn\u011b v\u00fdsuvn\u00fdm \u0161upl\u00edkem z pozinkovan\u00e9ho plechu, kter\u00fd pravd\u011bpodobn\u011b slou\u017eil pro skladov\u00e1n\u00ed pe\u010diva.<\/p>\n","protected":false},"featured_media":24924,"template":"","meta":[],"product_brand":[],"product_cat":[130,124],"product_tag":[],"class_list":{"0":"post-24922","1":"product","2":"type-product","3":"status-publish","4":"has-post-thumbnail","6":"product_cat-nabytek","7":"product_cat-stoly","8":"product_shipping_class-nadrozmerne","10":"first","11":"instock","12":"purchasable","13":"product-type-simple"},"_links":{"self":[{"href":"https:\/\/eterle.cz\/eshop\/wp-json\/wp\/v2\/product\/24922","targetHints":{"allow":["GET"]}}],"collection":[{"href":"https:\/\/eterle.cz\/eshop\/wp-json\/wp\/v2\/product"}],"about":[{"href":"https:\/\/eterle.cz\/eshop\/wp-json\/wp\/v2\/types\/product"}],"version-history":[{"count":1,"href":"https:\/\/eterle.cz\/eshop\/wp-json\/wp\/v2\/product\/24922\/revisions"}],"predecessor-version":[{"id":24923,"href":"https:\/\/eterle.cz\/eshop\/wp-json\/wp\/v2\/product\/24922\/revisions\/24923"}],"wp:featuredmedia":[{"embeddable":true,"href":"https:\/\/eterle.cz\/eshop\/wp-json\/wp\/v2\/media\/24924"}],"wp:attachment":[{"href":"https:\/\/eterle.cz\/eshop\/wp-json\/wp\/v2\/media?parent=24922"}],"wp:term":[{"taxonomy":"product_brand","embeddable":true,"href":"https:\/\/eterle.cz\/eshop\/wp-json\/wp\/v2\/product_brand?post=24922"},{"taxonomy":"product_cat","embeddable":true,"href":"https:\/\/eterle.cz\/eshop\/wp-json\/wp\/v2\/product_cat?post=24922"},{"taxonomy":"product_tag","embeddable":true,"href":"https:\/\/eterle.cz\/eshop\/wp-json\/wp\/v2\/product_tag?post=24922"}],"curies":[{"name":"wp","href":"https:\/\/api.w.org\/{rel}","templated":true}]}}