{"id":24935,"date":"2025-05-28T11:42:55","date_gmt":"2025-05-28T09:42:55","guid":{"rendered":"https:\/\/eterle.cz\/eshop\/produkt\/jidleni-stul-halabala\/"},"modified":"2025-11-09T00:30:33","modified_gmt":"2025-11-08T23:30:33","slug":"jidleni-stul-halabala","status":"publish","type":"product","link":"https:\/\/eterle.cz\/eshop\/produkt\/jidleni-stul-halabala\/","title":{"rendered":"J\u00eddlen\u00ed st\u016fl \/ Halabala"},"content":{"rendered":"<p>Rozkl\u00e1dac\u00ed j\u00eddelni st\u016fl od Jind\u0159icha Halabaly vhodn\u00fd pro 4 a\u017e 6 osob.<\/p>\n<p>Stav: dobr\u00fd p\u016fvodn\u00ed, m\u00edsty lehk\u00e9 od\u0159eniny v laku<br \/>\nZna\u010dka: Jind\u0159ich Halabala<br \/>\nRozm\u011br<br \/>\nV\u00fd\u0161ka: 77 cm<br \/>\n\u0160\u00ed\u0159ka: 120 cm (190 cm rozlo\u017een\u00fd)<br \/>\nHloubka: 85 cm<\/p>\n<p>&nbsp;<\/p>\n","protected":false},"excerpt":{"rendered":"<p>Rozkl\u00e1dac\u00ed j\u00eddelni st\u016fl od Jind\u0159icha Halabaly vhodn\u00fd pro 4 a\u017e 6 osob. Stav: dobr\u00fd p\u016fvodn\u00ed, m\u00edsty lehk\u00e9 od\u0159eniny v laku<\/p>\n","protected":false},"featured_media":24937,"template":"","meta":[],"product_brand":[],"product_cat":[91],"product_tag":[],"class_list":{"0":"post-24935","1":"product","2":"type-product","3":"status-publish","4":"has-post-thumbnail","6":"product_cat-prodane","7":"product_shipping_class-nadrozmerne","9":"first","10":"outofstock","11":"purchasable","12":"product-type-simple"},"_links":{"self":[{"href":"https:\/\/eterle.cz\/eshop\/wp-json\/wp\/v2\/product\/24935","targetHints":{"allow":["GET"]}}],"collection":[{"href":"https:\/\/eterle.cz\/eshop\/wp-json\/wp\/v2\/product"}],"about":[{"href":"https:\/\/eterle.cz\/eshop\/wp-json\/wp\/v2\/types\/product"}],"version-history":[{"count":3,"href":"https:\/\/eterle.cz\/eshop\/wp-json\/wp\/v2\/product\/24935\/revisions"}],"predecessor-version":[{"id":28816,"href":"https:\/\/eterle.cz\/eshop\/wp-json\/wp\/v2\/product\/24935\/revisions\/28816"}],"wp:featuredmedia":[{"embeddable":true,"href":"https:\/\/eterle.cz\/eshop\/wp-json\/wp\/v2\/media\/24937"}],"wp:attachment":[{"href":"https:\/\/eterle.cz\/eshop\/wp-json\/wp\/v2\/media?parent=24935"}],"wp:term":[{"taxonomy":"product_brand","embeddable":true,"href":"https:\/\/eterle.cz\/eshop\/wp-json\/wp\/v2\/product_brand?post=24935"},{"taxonomy":"product_cat","embeddable":true,"href":"https:\/\/eterle.cz\/eshop\/wp-json\/wp\/v2\/product_cat?post=24935"},{"taxonomy":"product_tag","embeddable":true,"href":"https:\/\/eterle.cz\/eshop\/wp-json\/wp\/v2\/product_tag?post=24935"}],"curies":[{"name":"wp","href":"https:\/\/api.w.org\/{rel}","templated":true}]}}