{"id":24947,"date":"2025-05-28T11:43:03","date_gmt":"2025-05-28T09:43:03","guid":{"rendered":"https:\/\/eterle.cz\/eshop\/produkt\/jidleni-set-drevotvar-jablonec\/"},"modified":"2025-09-12T13:35:49","modified_gmt":"2025-09-12T11:35:49","slug":"jidleni-set-drevotvar-jablonec","status":"publish","type":"product","link":"https:\/\/eterle.cz\/eshop\/produkt\/jidleni-set-drevotvar-jablonec\/","title":{"rendered":"J\u00eddlen\u00ed set \/ D\u0159evotvar Jablonec"},"content":{"rendered":"<p>J\u00eddeln\u00ed set pro \u010dty\u0159i osoby vyroben\u00fd v 70. let minul\u00e9ho stolet\u00ed firmou D\u0159evotvar Jablonn\u00e9 nad Orlic\u00ed. V\u00fdrobn\u00ed dru\u017estvo D\u0159evotvar vyr\u00e1b\u00ed n\u00e1bytek od roku 1951, kdy bylo zalo\u017eeno spojen\u00edm sedmn\u00e1cti men\u0161\u00edch \u0159emesln\u00edk\u016f, na trhu p\u016fsob\u00ed dodnes. St\u016fl je vyroben z masivn\u00edho d\u0159eva, stoj\u00ed na kulat\u00e9 d\u0159ev\u011bn\u00e9 noze s \u010dern\u011b lakovanou kovovou podno\u017e\u00ed. D\u0159evo je mo\u0159eno do na\u010dervenal\u00e9 tmav\u00e9 barvy, kulat\u00e1 deska stolu je d\u00fdhovan\u00e1.<\/p>\n<p>ST\u016eL<br \/>\nStav: deska po renovaci, noha p\u016fvodn\u00ed dobr\u00fd stav<br \/>\nZna\u010dka: D\u0159evotvar Jablonec<br \/>\nRozm\u011br<br \/>\nV\u00fd\u0161ka: 74 cm<br \/>\nPr\u016fm\u011br: 119<\/p>\n<p>\u017dIDLE<br \/>\nStav: \u017eidle v dobr\u00e9m stavu s patinou<br \/>\nV\u00fd\u0161ka: 94 cm<br \/>\nV\u00fd\u0161ka sed\u00e1ku: 46<br \/>\nHloubka: 84 cm<br \/>\n\u0160\u00ed\u0159ka: 44 cm<\/p>\n<p>&nbsp;<\/p>\n","protected":false},"excerpt":{"rendered":"<p>J\u00eddeln\u00ed set pro \u010dty\u0159i osoby vyroben\u00fd v 70. let minul\u00e9ho stolet\u00ed firmou D\u0159evotvar Jablonn\u00e9 nad Orlic\u00ed. V\u00fdrobn\u00ed dru\u017estvo D\u0159evotvar vyr\u00e1b\u00ed<\/p>\n","protected":false},"featured_media":24949,"template":"","meta":[],"product_brand":[],"product_cat":[91],"product_tag":[],"class_list":{"0":"post-24947","1":"product","2":"type-product","3":"status-publish","4":"has-post-thumbnail","6":"product_cat-prodane","7":"product_shipping_class-nadrozmerne","9":"first","10":"outofstock","11":"purchasable","12":"product-type-simple"},"_links":{"self":[{"href":"https:\/\/eterle.cz\/eshop\/wp-json\/wp\/v2\/product\/24947","targetHints":{"allow":["GET"]}}],"collection":[{"href":"https:\/\/eterle.cz\/eshop\/wp-json\/wp\/v2\/product"}],"about":[{"href":"https:\/\/eterle.cz\/eshop\/wp-json\/wp\/v2\/types\/product"}],"version-history":[{"count":1,"href":"https:\/\/eterle.cz\/eshop\/wp-json\/wp\/v2\/product\/24947\/revisions"}],"predecessor-version":[{"id":24948,"href":"https:\/\/eterle.cz\/eshop\/wp-json\/wp\/v2\/product\/24947\/revisions\/24948"}],"wp:featuredmedia":[{"embeddable":true,"href":"https:\/\/eterle.cz\/eshop\/wp-json\/wp\/v2\/media\/24949"}],"wp:attachment":[{"href":"https:\/\/eterle.cz\/eshop\/wp-json\/wp\/v2\/media?parent=24947"}],"wp:term":[{"taxonomy":"product_brand","embeddable":true,"href":"https:\/\/eterle.cz\/eshop\/wp-json\/wp\/v2\/product_brand?post=24947"},{"taxonomy":"product_cat","embeddable":true,"href":"https:\/\/eterle.cz\/eshop\/wp-json\/wp\/v2\/product_cat?post=24947"},{"taxonomy":"product_tag","embeddable":true,"href":"https:\/\/eterle.cz\/eshop\/wp-json\/wp\/v2\/product_tag?post=24947"}],"curies":[{"name":"wp","href":"https:\/\/api.w.org\/{rel}","templated":true}]}}