{"id":24970,"date":"2025-05-28T11:43:17","date_gmt":"2025-05-28T09:43:17","guid":{"rendered":"https:\/\/eterle.cz\/eshop\/produkt\/kuchynsky-stul-3\/"},"modified":"2025-08-19T10:46:50","modified_gmt":"2025-08-19T08:46:50","slug":"kuchynsky-stul-3","status":"publish","type":"product","link":"https:\/\/eterle.cz\/eshop\/produkt\/kuchynsky-stul-3\/","title":{"rendered":"Kuchy\u0148sk\u00fd st\u016fl"},"content":{"rendered":"<p>Praktick\u00fd rozkl\u00e1dac\u00ed kuchy\u0148sk\u00fd st\u016fl z 50.\u201360. let minul\u00e9ho stolet\u00ed v klasick\u00e9 kombinac\u00ed b\u00edle lakovan\u00e9 konstrukce a p\u0159\u00edrodn\u00ed d\u00fdhovan\u00e9 desky. Dva \u0161upl\u00edky s kovov\u00fdmi \u00fachytkami nab\u00edzej\u00ed dostatek prostoru na p\u0159\u00edbory nebo drobnosti. Ide\u00e1ln\u00ed do rustik\u00e1ln\u00ed kuchyn\u011b nebo na chalupu.<\/p>\n<p>Stav: dobr\u00fd, p\u016fvodn\u00ed<br \/>\nRozm\u011br<br \/>\nV\u00fd\u0161ka: 82 cm<br \/>\n\u0160\u00ed\u0159ka: 98 cm (183 rozlo\u017een\u00fd)<br \/>\nHloubka: 65 cm<\/p>\n<p>cislo z pujcovny 118<\/p>\n<p>&nbsp;<\/p>\n","protected":false},"excerpt":{"rendered":"<p>Praktick\u00fd rozkl\u00e1dac\u00ed kuchy\u0148sk\u00fd st\u016fl z 50.\u201360. let minul\u00e9ho stolet\u00ed v klasick\u00e9 kombinac\u00ed b\u00edle lakovan\u00e9 konstrukce a p\u0159\u00edrodn\u00ed d\u00fdhovan\u00e9 desky. Dva<\/p>\n","protected":false},"featured_media":24972,"template":"","meta":[],"product_brand":[],"product_cat":[91],"product_tag":[],"class_list":{"0":"post-24970","1":"product","2":"type-product","3":"status-publish","4":"has-post-thumbnail","6":"product_cat-prodane","7":"product_shipping_class-nadrozmerne","9":"first","10":"outofstock","11":"purchasable","12":"product-type-simple"},"_links":{"self":[{"href":"https:\/\/eterle.cz\/eshop\/wp-json\/wp\/v2\/product\/24970","targetHints":{"allow":["GET"]}}],"collection":[{"href":"https:\/\/eterle.cz\/eshop\/wp-json\/wp\/v2\/product"}],"about":[{"href":"https:\/\/eterle.cz\/eshop\/wp-json\/wp\/v2\/types\/product"}],"version-history":[{"count":3,"href":"https:\/\/eterle.cz\/eshop\/wp-json\/wp\/v2\/product\/24970\/revisions"}],"predecessor-version":[{"id":28126,"href":"https:\/\/eterle.cz\/eshop\/wp-json\/wp\/v2\/product\/24970\/revisions\/28126"}],"wp:featuredmedia":[{"embeddable":true,"href":"https:\/\/eterle.cz\/eshop\/wp-json\/wp\/v2\/media\/24972"}],"wp:attachment":[{"href":"https:\/\/eterle.cz\/eshop\/wp-json\/wp\/v2\/media?parent=24970"}],"wp:term":[{"taxonomy":"product_brand","embeddable":true,"href":"https:\/\/eterle.cz\/eshop\/wp-json\/wp\/v2\/product_brand?post=24970"},{"taxonomy":"product_cat","embeddable":true,"href":"https:\/\/eterle.cz\/eshop\/wp-json\/wp\/v2\/product_cat?post=24970"},{"taxonomy":"product_tag","embeddable":true,"href":"https:\/\/eterle.cz\/eshop\/wp-json\/wp\/v2\/product_tag?post=24970"}],"curies":[{"name":"wp","href":"https:\/\/api.w.org\/{rel}","templated":true}]}}