{"id":24981,"date":"2025-05-28T11:43:22","date_gmt":"2025-05-28T09:43:22","guid":{"rendered":"https:\/\/eterle.cz\/eshop\/produkt\/toaletni-skrinka-4\/"},"modified":"2025-08-13T23:50:20","modified_gmt":"2025-08-13T21:50:20","slug":"toaletni-skrinka-4","status":"publish","type":"product","link":"https:\/\/eterle.cz\/eshop\/produkt\/toaletni-skrinka-4\/","title":{"rendered":"Toaletn\u00ed sk\u0159\u00ed\u0148ka"},"content":{"rendered":"<p>Kr\u00e1sn\u00e1 toaletn\u00ed sk\u0159\u00ed\u0148ka z obdob\u00ed Art Deca s bohat\u00fdm \u00falo\u017en\u00fdm prostorem. Toaletka je vhodn\u00e1 nap\u0159\u00edklad do haly, kde m\u016f\u017eete odlo\u017eit kabelku a zkontrolvat sv\u016fj vzhled p\u0159ed odchodem.<\/p>\n<p>Stav: p\u016fvodn\u00ed zachoval\u00fd s lehkou patinou d\u0159eva, sklen\u011bn\u00e1 dv\u00ed\u0159ka maj\u00ed o\u0161t\u00edpan\u00e9 sklo<br \/>\nRozm\u011br<br \/>\nV\u00fd\u0161ka: 170 cm<br \/>\n\u0160\u00ed\u0159ka: 120 cm<br \/>\nHloubka: 40 cm<\/p>\n<p>&nbsp;<\/p>\n","protected":false},"excerpt":{"rendered":"<p>Kr\u00e1sn\u00e1 toaletn\u00ed sk\u0159\u00ed\u0148ka z obdob\u00ed Art Deca s bohat\u00fdm \u00falo\u017en\u00fdm prostorem. Toaletka je vhodn\u00e1 nap\u0159\u00edklad do haly, kde m\u016f\u017eete odlo\u017eit<\/p>\n","protected":false},"featured_media":24983,"template":"","meta":[],"product_brand":[],"product_cat":[91],"product_tag":[],"class_list":{"0":"post-24981","1":"product","2":"type-product","3":"status-publish","4":"has-post-thumbnail","6":"product_cat-prodane","7":"product_shipping_class-nadrozmerne","9":"first","10":"outofstock","11":"purchasable","12":"product-type-simple"},"_links":{"self":[{"href":"https:\/\/eterle.cz\/eshop\/wp-json\/wp\/v2\/product\/24981","targetHints":{"allow":["GET"]}}],"collection":[{"href":"https:\/\/eterle.cz\/eshop\/wp-json\/wp\/v2\/product"}],"about":[{"href":"https:\/\/eterle.cz\/eshop\/wp-json\/wp\/v2\/types\/product"}],"version-history":[{"count":1,"href":"https:\/\/eterle.cz\/eshop\/wp-json\/wp\/v2\/product\/24981\/revisions"}],"predecessor-version":[{"id":24982,"href":"https:\/\/eterle.cz\/eshop\/wp-json\/wp\/v2\/product\/24981\/revisions\/24982"}],"wp:featuredmedia":[{"embeddable":true,"href":"https:\/\/eterle.cz\/eshop\/wp-json\/wp\/v2\/media\/24983"}],"wp:attachment":[{"href":"https:\/\/eterle.cz\/eshop\/wp-json\/wp\/v2\/media?parent=24981"}],"wp:term":[{"taxonomy":"product_brand","embeddable":true,"href":"https:\/\/eterle.cz\/eshop\/wp-json\/wp\/v2\/product_brand?post=24981"},{"taxonomy":"product_cat","embeddable":true,"href":"https:\/\/eterle.cz\/eshop\/wp-json\/wp\/v2\/product_cat?post=24981"},{"taxonomy":"product_tag","embeddable":true,"href":"https:\/\/eterle.cz\/eshop\/wp-json\/wp\/v2\/product_tag?post=24981"}],"curies":[{"name":"wp","href":"https:\/\/api.w.org\/{rel}","templated":true}]}}