{"id":24997,"date":"2025-05-28T11:43:31","date_gmt":"2025-05-28T09:43:31","guid":{"rendered":"https:\/\/eterle.cz\/eshop\/produkt\/obyvakova-stena\/"},"modified":"2025-08-02T00:00:07","modified_gmt":"2025-08-01T22:00:07","slug":"obyvakova-stena","status":"publish","type":"product","link":"https:\/\/eterle.cz\/eshop\/produkt\/obyvakova-stena\/","title":{"rendered":"Ob\u00fdv\u00e1kov\u00e1 st\u011bna"},"content":{"rendered":"<p>Vizu\u00e1ln\u011b lehk\u00e1, ale mimo\u0159\u00e1dn\u011b praktick\u00e1 ob\u00fdvac\u00ed st\u011bna z obdob\u00ed 60. a\u017e 70. let minul\u00e9ho stolet\u00ed. Sestava je slo\u017een\u00e1 z jednotliv\u00fdch modul\u016f, kter\u00e9 lze variabiln\u011b uspo\u0159\u00e1dat podle pot\u0159eb prostoru i funkce. Kombinuje otev\u0159en\u00e9 police, uzav\u0159en\u00e9 sk\u0159\u00ed\u0148ky, barovou sk\u0159\u00ed\u0148ku s v\u00fdklopnou deskou a z\u00e1suvkov\u00fd d\u00edl v elegantn\u00ed \u010dernob\u00edl\u00e9 kombinaci.<\/p>\n<p>T\u011blo je z d\u00fdhovan\u00e9ho d\u0159eva v tepl\u00e9m medov\u00e9m odst\u00ednu, podno\u017ee jsou v kontrastn\u011b \u010dern\u00e9 barv\u011b. Tento typ st\u011bn byl typick\u00fd pro modern\u00ed \u010deskoslovensk\u00e9 dom\u00e1cnosti a znovu se st\u00e1v\u00e1 obl\u00edben\u00fdm kusem mnoha sou\u010dasn\u00fdch interi\u00e9r\u016f.<\/p>\n<p>Stav: zachoval\u00fd p\u016fvodn\u00ed, vodorovn\u00e9 police m\u00edsty fleky (lehce vy\u0161isovan\u00fd \/ po\u0161kozen\u00fd lak)<br \/>\nRozm\u011br<br \/>\nV\u00fd\u0161ka: 215 cm<br \/>\n\u0160\u00ed\u0159ka: 288 cm<br \/>\nHloubka: 50 cm<\/p>\n<p>&nbsp;<\/p>\n","protected":false},"excerpt":{"rendered":"<p>Vizu\u00e1ln\u011b lehk\u00e1, ale mimo\u0159\u00e1dn\u011b praktick\u00e1 ob\u00fdvac\u00ed st\u011bna z obdob\u00ed 60. a\u017e 70. let minul\u00e9ho stolet\u00ed. Sestava je slo\u017een\u00e1 z jednotliv\u00fdch<\/p>\n","protected":false},"featured_media":24999,"template":"","meta":[],"product_brand":[],"product_cat":[91],"product_tag":[],"class_list":{"0":"post-24997","1":"product","2":"type-product","3":"status-publish","4":"has-post-thumbnail","6":"product_cat-prodane","7":"product_shipping_class-nadrozmerne","9":"first","10":"outofstock","11":"purchasable","12":"product-type-simple"},"_links":{"self":[{"href":"https:\/\/eterle.cz\/eshop\/wp-json\/wp\/v2\/product\/24997","targetHints":{"allow":["GET"]}}],"collection":[{"href":"https:\/\/eterle.cz\/eshop\/wp-json\/wp\/v2\/product"}],"about":[{"href":"https:\/\/eterle.cz\/eshop\/wp-json\/wp\/v2\/types\/product"}],"version-history":[{"count":1,"href":"https:\/\/eterle.cz\/eshop\/wp-json\/wp\/v2\/product\/24997\/revisions"}],"predecessor-version":[{"id":24998,"href":"https:\/\/eterle.cz\/eshop\/wp-json\/wp\/v2\/product\/24997\/revisions\/24998"}],"wp:featuredmedia":[{"embeddable":true,"href":"https:\/\/eterle.cz\/eshop\/wp-json\/wp\/v2\/media\/24999"}],"wp:attachment":[{"href":"https:\/\/eterle.cz\/eshop\/wp-json\/wp\/v2\/media?parent=24997"}],"wp:term":[{"taxonomy":"product_brand","embeddable":true,"href":"https:\/\/eterle.cz\/eshop\/wp-json\/wp\/v2\/product_brand?post=24997"},{"taxonomy":"product_cat","embeddable":true,"href":"https:\/\/eterle.cz\/eshop\/wp-json\/wp\/v2\/product_cat?post=24997"},{"taxonomy":"product_tag","embeddable":true,"href":"https:\/\/eterle.cz\/eshop\/wp-json\/wp\/v2\/product_tag?post=24997"}],"curies":[{"name":"wp","href":"https:\/\/api.w.org\/{rel}","templated":true}]}}