{"id":25021,"date":"2025-05-28T11:43:44","date_gmt":"2025-05-28T09:43:44","guid":{"rendered":"https:\/\/eterle.cz\/eshop\/produkt\/toaletni-skrinka-interier-praha\/"},"modified":"2025-07-12T21:15:52","modified_gmt":"2025-07-12T19:15:52","slug":"toaletni-skrinka-interier-praha","status":"publish","type":"product","link":"https:\/\/eterle.cz\/eshop\/produkt\/toaletni-skrinka-interier-praha\/","title":{"rendered":"Toaletn\u00ed sk\u0159\u00ed\u0148ka \/ Interi\u00e9r Praha"},"content":{"rendered":"<p>Elegantn\u00ed toaletn\u00ed sk\u0159\u00ed\u0148ka s trojd\u00edln\u00fdm zrcadlem poch\u00e1z\u00ed z d\u00edlny Interi\u00e9r Praha, jednoho z p\u0159edn\u00edch \u010deskoslovensk\u00fdch n\u00e1bytkov\u00fdch podnik\u016f poloviny 20. stolet\u00ed. T\u011blo sk\u0159\u00ed\u0148ky je zhotoveno z d\u00fdhovan\u00e9ho d\u0159eva s bohatou kresbou.  Zaoblen\u00e9 tvary, bakelitov\u00e1 \u00fachytka a praktick\u00fd \u00falo\u017en\u00fd prostor d\u011blaj\u00ed z tohoto kusu nad\u010dasov\u00fd solit\u00e9r do lo\u017enice nebo p\u0159eds\u00edn\u011b.<\/p>\n<p>Stav: p\u016fvodn\u00ed zachoval\u00fd, spodn\u00ed \u010dern\u00e9 sklo je barven\u00e9 a m\u00edsty je barva pry\u010d<br \/>\nZna\u010dka: Interi\u00e9r Praha<br \/>\nRozm\u011br<br \/>\nV\u00fd\u0161ka: 164 cm<br \/>\n\u0160\u00ed\u0159ka: 101 cm<br \/>\nHloubka: 40 cm<\/p>\n<p>&nbsp;<\/p>\n","protected":false},"excerpt":{"rendered":"<p>Elegantn\u00ed toaletn\u00ed sk\u0159\u00ed\u0148ka s trojd\u00edln\u00fdm zrcadlem poch\u00e1z\u00ed z d\u00edlny Interi\u00e9r Praha, jednoho z p\u0159edn\u00edch \u010deskoslovensk\u00fdch n\u00e1bytkov\u00fdch podnik\u016f poloviny 20. stolet\u00ed.<\/p>\n","protected":false},"featured_media":25023,"template":"","meta":[],"product_brand":[],"product_cat":[130,139,125],"product_tag":[],"class_list":{"0":"post-25021","1":"product","2":"type-product","3":"status-publish","4":"has-post-thumbnail","6":"product_cat-nabytek","7":"product_cat-postele-a-loznice","8":"product_cat-komody-a-skrine","9":"product_shipping_class-nadrozmerne","11":"first","12":"instock","13":"purchasable","14":"product-type-simple"},"_links":{"self":[{"href":"https:\/\/eterle.cz\/eshop\/wp-json\/wp\/v2\/product\/25021","targetHints":{"allow":["GET"]}}],"collection":[{"href":"https:\/\/eterle.cz\/eshop\/wp-json\/wp\/v2\/product"}],"about":[{"href":"https:\/\/eterle.cz\/eshop\/wp-json\/wp\/v2\/types\/product"}],"version-history":[{"count":1,"href":"https:\/\/eterle.cz\/eshop\/wp-json\/wp\/v2\/product\/25021\/revisions"}],"predecessor-version":[{"id":25022,"href":"https:\/\/eterle.cz\/eshop\/wp-json\/wp\/v2\/product\/25021\/revisions\/25022"}],"wp:featuredmedia":[{"embeddable":true,"href":"https:\/\/eterle.cz\/eshop\/wp-json\/wp\/v2\/media\/25023"}],"wp:attachment":[{"href":"https:\/\/eterle.cz\/eshop\/wp-json\/wp\/v2\/media?parent=25021"}],"wp:term":[{"taxonomy":"product_brand","embeddable":true,"href":"https:\/\/eterle.cz\/eshop\/wp-json\/wp\/v2\/product_brand?post=25021"},{"taxonomy":"product_cat","embeddable":true,"href":"https:\/\/eterle.cz\/eshop\/wp-json\/wp\/v2\/product_cat?post=25021"},{"taxonomy":"product_tag","embeddable":true,"href":"https:\/\/eterle.cz\/eshop\/wp-json\/wp\/v2\/product_tag?post=25021"}],"curies":[{"name":"wp","href":"https:\/\/api.w.org\/{rel}","templated":true}]}}