{"id":25034,"date":"2025-05-28T11:43:50","date_gmt":"2025-05-28T09:43:50","guid":{"rendered":"https:\/\/eterle.cz\/eshop\/produkt\/skrin-f-jirak\/"},"modified":"2025-06-28T16:56:56","modified_gmt":"2025-06-28T14:56:56","slug":"skrin-f-jirak","status":"publish","type":"product","link":"https:\/\/eterle.cz\/eshop\/produkt\/skrin-f-jirak\/","title":{"rendered":"Sk\u0159\u00ed\u0148 \/ F. Jir\u00e1k"},"content":{"rendered":"<p>\u0160atn\u00ed sk\u0159\u00ed\u0148 navr\u017een\u00e1 v\u00fdznamn\u00fdm \u010deskoslovensk\u00fdm design\u00e9rem Franti\u0161kem Jir\u00e1kem v 60. letech minul\u00e9ho stolet\u00ed pro podnik Tatra n\u00e1bytok. Jir\u00e1k pat\u0159il k p\u0159edn\u00edm p\u0159edstavitel\u016fm n\u00e1bytkov\u00e9ho modernismu, jeho\u017e tvorba vynik\u00e1 d\u016frazem na funk\u010dnost, proporce a estetickou \u010distotu<\/p>\n<p>Stav: dobr\u00fd p\u016fvodn\u00ed<br \/>\nZna\u010dka: Tatra n\u00e1bytok Pravenec, Franti\u0161ek Jir\u00e1k<br \/>\nRozm\u011br<br \/>\nV\u00fd\u0161ka: 171 cm<br \/>\n\u0160\u00ed\u0159ka: 118 cm<br \/>\nHloubka: 50,5 cm<\/p>\n<p>&nbsp;<\/p>\n","protected":false},"excerpt":{"rendered":"<p>\u0160atn\u00ed sk\u0159\u00ed\u0148 navr\u017een\u00e1 v\u00fdznamn\u00fdm \u010deskoslovensk\u00fdm design\u00e9rem Franti\u0161kem Jir\u00e1kem v 60. letech minul\u00e9ho stolet\u00ed pro podnik Tatra n\u00e1bytok. Jir\u00e1k pat\u0159il k<\/p>\n","protected":false},"featured_media":25036,"template":"","meta":[],"product_brand":[],"product_cat":[91],"product_tag":[],"class_list":{"0":"post-25034","1":"product","2":"type-product","3":"status-publish","4":"has-post-thumbnail","6":"product_cat-prodane","7":"product_shipping_class-nadrozmerne","9":"first","10":"outofstock","11":"purchasable","12":"product-type-simple"},"_links":{"self":[{"href":"https:\/\/eterle.cz\/eshop\/wp-json\/wp\/v2\/product\/25034","targetHints":{"allow":["GET"]}}],"collection":[{"href":"https:\/\/eterle.cz\/eshop\/wp-json\/wp\/v2\/product"}],"about":[{"href":"https:\/\/eterle.cz\/eshop\/wp-json\/wp\/v2\/types\/product"}],"version-history":[{"count":1,"href":"https:\/\/eterle.cz\/eshop\/wp-json\/wp\/v2\/product\/25034\/revisions"}],"predecessor-version":[{"id":25035,"href":"https:\/\/eterle.cz\/eshop\/wp-json\/wp\/v2\/product\/25034\/revisions\/25035"}],"wp:featuredmedia":[{"embeddable":true,"href":"https:\/\/eterle.cz\/eshop\/wp-json\/wp\/v2\/media\/25036"}],"wp:attachment":[{"href":"https:\/\/eterle.cz\/eshop\/wp-json\/wp\/v2\/media?parent=25034"}],"wp:term":[{"taxonomy":"product_brand","embeddable":true,"href":"https:\/\/eterle.cz\/eshop\/wp-json\/wp\/v2\/product_brand?post=25034"},{"taxonomy":"product_cat","embeddable":true,"href":"https:\/\/eterle.cz\/eshop\/wp-json\/wp\/v2\/product_cat?post=25034"},{"taxonomy":"product_tag","embeddable":true,"href":"https:\/\/eterle.cz\/eshop\/wp-json\/wp\/v2\/product_tag?post=25034"}],"curies":[{"name":"wp","href":"https:\/\/api.w.org\/{rel}","templated":true}]}}