{"id":25050,"date":"2025-05-28T11:43:59","date_gmt":"2025-05-28T09:43:59","guid":{"rendered":"https:\/\/eterle.cz\/eshop\/produkt\/sekretar-f-jirak\/"},"modified":"2025-07-12T21:15:52","modified_gmt":"2025-07-12T19:15:52","slug":"sekretar-f-jirak","status":"publish","type":"product","link":"https:\/\/eterle.cz\/eshop\/produkt\/sekretar-f-jirak\/","title":{"rendered":"Sekret\u00e1\u0159\/ F. Jir\u00e1k"},"content":{"rendered":"<p>Sekret\u00e1\u0159 navr\u017een\u00fd v\u00fdznamn\u00fdm \u010deskoslovensk\u00fdm design\u00e9rem Franti\u0161kem Jir\u00e1kem v 60. letech minul\u00e9ho stolet\u00ed pro podnik Tatra n\u00e1bytok. Jir\u00e1k pat\u0159il k p\u0159edn\u00edm p\u0159edstavitel\u016fm n\u00e1bytkov\u00e9ho modernismu, jeho\u017e tvorba vynik\u00e1 d\u016frazem na funk\u010dnost, proporce a estetickou \u010distotu.<\/p>\n<p>Prakti\u010dnost nezap\u0159e ani tento sekret\u00e1\u0159, kter\u00fd m\u00e1 jak prosklen\u00fd prostor na v\u011bci, kter\u00fdmi se chcete pochlubit, tak dostatek \u00falo\u017en\u00fdch z\u00e1suvek a polic na v\u011bci pot\u0159ebn\u00e9, ale oku m\u00e9n\u011b lahod\u00edc\u00ed. T\u011blo je vyrobeno z d\u00fdhovan\u00e9ho d\u0159eva v tepl\u00e9m odst\u00ednu medov\u00e9 barvy, detaily jako subtiln\u00ed no\u017eky a decentn\u00ed \u00fachytky odkazuj\u00ed na dobu, kdy design spojoval jednoduchost s eleganc\u00ed.<\/p>\n<p>Stav: dobr\u00fd p\u016fvodn\u00ed, jedno zrcadlo v barov\u00e9 \u010d\u00e1sti je po\u0161kozen\u00e9 viz foto<br \/>\nZna\u010dka: Tatra n\u00e1bytok Pravenec, Franti\u0161ek Jir\u00e1k<br \/>\nRozm\u011br<br \/>\nV\u00fd\u0161ka: 156,5 cm<br \/>\n\u0160\u00ed\u0159ka: 158,5 cm<br \/>\nHloubka: 46 cm<\/p>\n<p>&nbsp;<\/p>\n","protected":false},"excerpt":{"rendered":"<p>Sekret\u00e1\u0159 navr\u017een\u00fd v\u00fdznamn\u00fdm \u010deskoslovensk\u00fdm design\u00e9rem Franti\u0161kem Jir\u00e1kem v 60. letech minul\u00e9ho stolet\u00ed pro podnik Tatra n\u00e1bytok. Jir\u00e1k pat\u0159il k p\u0159edn\u00edm<\/p>\n","protected":false},"featured_media":25052,"template":"","meta":[],"product_brand":[],"product_cat":[130,125],"product_tag":[],"class_list":{"0":"post-25050","1":"product","2":"type-product","3":"status-publish","4":"has-post-thumbnail","6":"product_cat-nabytek","7":"product_cat-komody-a-skrine","8":"product_shipping_class-nadrozmerne","10":"first","11":"instock","12":"purchasable","13":"product-type-simple"},"_links":{"self":[{"href":"https:\/\/eterle.cz\/eshop\/wp-json\/wp\/v2\/product\/25050","targetHints":{"allow":["GET"]}}],"collection":[{"href":"https:\/\/eterle.cz\/eshop\/wp-json\/wp\/v2\/product"}],"about":[{"href":"https:\/\/eterle.cz\/eshop\/wp-json\/wp\/v2\/types\/product"}],"version-history":[{"count":1,"href":"https:\/\/eterle.cz\/eshop\/wp-json\/wp\/v2\/product\/25050\/revisions"}],"predecessor-version":[{"id":25051,"href":"https:\/\/eterle.cz\/eshop\/wp-json\/wp\/v2\/product\/25050\/revisions\/25051"}],"wp:featuredmedia":[{"embeddable":true,"href":"https:\/\/eterle.cz\/eshop\/wp-json\/wp\/v2\/media\/25052"}],"wp:attachment":[{"href":"https:\/\/eterle.cz\/eshop\/wp-json\/wp\/v2\/media?parent=25050"}],"wp:term":[{"taxonomy":"product_brand","embeddable":true,"href":"https:\/\/eterle.cz\/eshop\/wp-json\/wp\/v2\/product_brand?post=25050"},{"taxonomy":"product_cat","embeddable":true,"href":"https:\/\/eterle.cz\/eshop\/wp-json\/wp\/v2\/product_cat?post=25050"},{"taxonomy":"product_tag","embeddable":true,"href":"https:\/\/eterle.cz\/eshop\/wp-json\/wp\/v2\/product_tag?post=25050"}],"curies":[{"name":"wp","href":"https:\/\/api.w.org\/{rel}","templated":true}]}}