{"id":25067,"date":"2025-05-28T11:44:08","date_gmt":"2025-05-28T09:44:08","guid":{"rendered":"https:\/\/eterle.cz\/eshop\/produkt\/zahradni-stul-eterle\/"},"modified":"2025-07-12T21:18:41","modified_gmt":"2025-07-12T19:18:41","slug":"zahradni-stul-eterle","status":"publish","type":"product","link":"https:\/\/eterle.cz\/eshop\/produkt\/zahradni-stul-eterle\/","title":{"rendered":"Zahradn\u00ed st\u016fl \/ Eterle"},"content":{"rendered":"<p>Geometrick\u00e1 konstrukce z b\u00edl\u00e9ho ocelov\u00e9ho dr\u00e1tu p\u0159ipom\u00edn\u00e1 architektonick\u00fd n\u00e1\u010drt, kter\u00fd n\u011bkdo zapomn\u011bl p\u0159ev\u00e9st do betonu. Lehk\u00fd, vzdu\u0161n\u00fd, a p\u0159itom pevn\u00fd st\u016fl p\u016fsob\u00ed jako prostorov\u00e1 kresba. Ka\u017ed\u00e1 linie m\u00e1 sv\u016fj rytmus, ka\u017ed\u00e1 hrana sv\u016fj d\u016fvod.<\/p>\n<p>Sklen\u011bn\u00e1 deska neuzav\u00edr\u00e1 tvar, ale d\u00e1v\u00e1 mu prostor d\u00fdchat. A pak to p\u0159ijde \u2013 dv\u011b laboratorn\u00ed zkumavky vsazen\u00e9 p\u0159\u00edmo do skla jako zcela ne\u010dekan\u00fd detail. V nich kv\u011bt, jeden nebo dva  jako p\u0159ipom\u00ednka, \u017ee i chladn\u00e1 geometrie m\u00e1 sv\u00e9 m\u00edsto pro poezii.<\/p>\n<p>Ide\u00e1ln\u00ed do sou\u010dasn\u00e9ho interi\u00e9ru, ateli\u00e9ru nebo galerie. St\u016fl, kter\u00fd nen\u00ed jen kusem n\u00e1bytku, ale rozhovorem mezi technikou a p\u0159\u00edrodou.<\/p>\n<p>Stav: nov\u00fd<br \/>\nZna\u010dka: Eterle<br \/>\nRozm\u011br<br \/>\nV\u00fd\u0161ka: 71 cm<br \/>\n\u0160\u00ed\u0159ka: 85,5 cm<br \/>\nHloubka: 58 cm<\/p>\n<p>&nbsp;<\/p>\n","protected":false},"excerpt":{"rendered":"<p>Geometrick\u00e1 konstrukce z b\u00edl\u00e9ho ocelov\u00e9ho dr\u00e1tu p\u0159ipom\u00edn\u00e1 architektonick\u00fd n\u00e1\u010drt, kter\u00fd n\u011bkdo zapomn\u011bl p\u0159ev\u00e9st do betonu. Lehk\u00fd, vzdu\u0161n\u00fd, a p\u0159itom pevn\u00fd<\/p>\n","protected":false},"featured_media":25069,"template":"","meta":[],"product_brand":[],"product_cat":[130,124],"product_tag":[],"class_list":{"0":"post-25067","1":"product","2":"type-product","3":"status-publish","4":"has-post-thumbnail","6":"product_cat-nabytek","7":"product_cat-stoly","8":"product_shipping_class-nadrozmerne","10":"first","11":"instock","12":"purchasable","13":"product-type-simple"},"_links":{"self":[{"href":"https:\/\/eterle.cz\/eshop\/wp-json\/wp\/v2\/product\/25067","targetHints":{"allow":["GET"]}}],"collection":[{"href":"https:\/\/eterle.cz\/eshop\/wp-json\/wp\/v2\/product"}],"about":[{"href":"https:\/\/eterle.cz\/eshop\/wp-json\/wp\/v2\/types\/product"}],"version-history":[{"count":1,"href":"https:\/\/eterle.cz\/eshop\/wp-json\/wp\/v2\/product\/25067\/revisions"}],"predecessor-version":[{"id":25068,"href":"https:\/\/eterle.cz\/eshop\/wp-json\/wp\/v2\/product\/25067\/revisions\/25068"}],"wp:featuredmedia":[{"embeddable":true,"href":"https:\/\/eterle.cz\/eshop\/wp-json\/wp\/v2\/media\/25069"}],"wp:attachment":[{"href":"https:\/\/eterle.cz\/eshop\/wp-json\/wp\/v2\/media?parent=25067"}],"wp:term":[{"taxonomy":"product_brand","embeddable":true,"href":"https:\/\/eterle.cz\/eshop\/wp-json\/wp\/v2\/product_brand?post=25067"},{"taxonomy":"product_cat","embeddable":true,"href":"https:\/\/eterle.cz\/eshop\/wp-json\/wp\/v2\/product_cat?post=25067"},{"taxonomy":"product_tag","embeddable":true,"href":"https:\/\/eterle.cz\/eshop\/wp-json\/wp\/v2\/product_tag?post=25067"}],"curies":[{"name":"wp","href":"https:\/\/api.w.org\/{rel}","templated":true}]}}