{"id":25087,"date":"2025-05-28T11:44:21","date_gmt":"2025-05-28T09:44:21","guid":{"rendered":"https:\/\/eterle.cz\/eshop\/produkt\/nocni-stolky-par-3\/"},"modified":"2025-07-30T23:10:26","modified_gmt":"2025-07-30T21:10:26","slug":"nocni-stolky-par-3","status":"publish","type":"product","link":"https:\/\/eterle.cz\/eshop\/produkt\/nocni-stolky-par-3\/","title":{"rendered":"No\u010dn\u00ed stolky (p\u00e1r)"},"content":{"rendered":"<p>P\u00e1r no\u010dn\u00edch stolk\u016f, kter\u00e9 na prvn\u00ed pohled zaujmou harmonick\u00fdm kontrastem d\u00fdhovan\u00e9ho korpusu a leskl\u00e9 \u010dern\u00e9 sklen\u011bn\u00e9 desky. Zaoblen\u00e9 hrany, kovov\u00e9 \u00fachytky a asymetrick\u00e1 stavba odkazuj\u00ed na styl art deco, kter\u00fd v sob\u011b spojuje dekorativnost a prakti\u010dnost meziv\u00e1le\u010dn\u00e9ho obdob\u00ed.<\/p>\n<p>Stolky z\u0159ejm\u011b poch\u00e1zej\u00ed z \u010deskoslovensk\u00e9 produkce 30.\u201340. let minul\u00e9ho stolet\u00ed. Vyniknou jako u postele, v p\u0159eds\u00edni i jako ne\u010dekan\u00e9 podstavce pro kv\u011btiny \u010di lampu.<\/p>\n<p>Stav: velmi dobr\u00fd<br \/>\nRozm\u011br<br \/>\nV\u00fd\u0161ka: 57 cm<br \/>\n\u0160\u00ed\u0159ka: 46 cm<br \/>\nHloubka: 41 cm<\/p>\n<p>&nbsp;<\/p>\n","protected":false},"excerpt":{"rendered":"<p>P\u00e1r no\u010dn\u00edch stolk\u016f, kter\u00e9 na prvn\u00ed pohled zaujmou harmonick\u00fdm kontrastem d\u00fdhovan\u00e9ho korpusu a leskl\u00e9 \u010dern\u00e9 sklen\u011bn\u00e9 desky. Zaoblen\u00e9 hrany, kovov\u00e9<\/p>\n","protected":false},"featured_media":25089,"template":"","meta":[],"product_brand":[],"product_cat":[91],"product_tag":[],"class_list":{"0":"post-25087","1":"product","2":"type-product","3":"status-publish","4":"has-post-thumbnail","6":"product_cat-prodane","7":"product_shipping_class-nadrozmerne","9":"first","10":"outofstock","11":"purchasable","12":"product-type-simple"},"_links":{"self":[{"href":"https:\/\/eterle.cz\/eshop\/wp-json\/wp\/v2\/product\/25087","targetHints":{"allow":["GET"]}}],"collection":[{"href":"https:\/\/eterle.cz\/eshop\/wp-json\/wp\/v2\/product"}],"about":[{"href":"https:\/\/eterle.cz\/eshop\/wp-json\/wp\/v2\/types\/product"}],"version-history":[{"count":1,"href":"https:\/\/eterle.cz\/eshop\/wp-json\/wp\/v2\/product\/25087\/revisions"}],"predecessor-version":[{"id":25088,"href":"https:\/\/eterle.cz\/eshop\/wp-json\/wp\/v2\/product\/25087\/revisions\/25088"}],"wp:featuredmedia":[{"embeddable":true,"href":"https:\/\/eterle.cz\/eshop\/wp-json\/wp\/v2\/media\/25089"}],"wp:attachment":[{"href":"https:\/\/eterle.cz\/eshop\/wp-json\/wp\/v2\/media?parent=25087"}],"wp:term":[{"taxonomy":"product_brand","embeddable":true,"href":"https:\/\/eterle.cz\/eshop\/wp-json\/wp\/v2\/product_brand?post=25087"},{"taxonomy":"product_cat","embeddable":true,"href":"https:\/\/eterle.cz\/eshop\/wp-json\/wp\/v2\/product_cat?post=25087"},{"taxonomy":"product_tag","embeddable":true,"href":"https:\/\/eterle.cz\/eshop\/wp-json\/wp\/v2\/product_tag?post=25087"}],"curies":[{"name":"wp","href":"https:\/\/api.w.org\/{rel}","templated":true}]}}