{"id":25098,"date":"2025-05-28T11:44:27","date_gmt":"2025-05-28T09:44:27","guid":{"rendered":"https:\/\/eterle.cz\/eshop\/produkt\/toaletni-skrinka-5\/"},"modified":"2026-03-25T13:44:50","modified_gmt":"2026-03-25T12:44:50","slug":"toaletni-skrinka-5","status":"publish","type":"product","link":"https:\/\/eterle.cz\/eshop\/produkt\/toaletni-skrinka-5\/","title":{"rendered":"Toaletn\u00ed sk\u0159\u00ed\u0148ka"},"content":{"rendered":"<p>Toaletka jako stvo\u0159en\u00e1 pro rann\u00ed ritu\u00e1ly i ve\u010dern\u00ed kontemplace. Vysok\u00e9 zrcadlo s p\u016fvodn\u00ed patinou odr\u00e1\u017e\u00ed eleganci doby, kdy ladnost byla ot\u00e1zkou denn\u00ed rutiny. Kombinace o\u0159echov\u00e9 d\u00fdhy, \u010dern\u00e9ho skla a p\u016fvodn\u00edho kov\u00e1n\u00ed vytv\u00e1\u0159\u00ed harmonick\u00fd celek s typick\u00fdmi znaky art deca \u2013 zaoblen\u00e9 linie, u\u0161lechtil\u00e9 materi\u00e1ly a promy\u0161len\u00e1 asymetrie.<\/p>\n<p>Pravd\u011bpodobn\u011b \u010deskoslovensk\u00e1 v\u00fdroba ze 30.\u201340. let minul\u00e9tho stolet\u00ed. Praktick\u00e9 z\u00e1suvky a sklen\u011bn\u00e1 odkl\u00e1dac\u00ed plocha d\u011blaj\u00ed z t\u00e9to toaletky nejen kr\u00e1sn\u00fd solit\u00e9r, ale i pln\u011b funk\u010dn\u00ed kus n\u00e1bytku. Pro ty, kdo se r\u00e1di zhl\u00ed\u017eej\u00ed v minulosti \u2013 v tom nejlep\u0161\u00edm slova smyslu.<\/p>\n<p>Stav: velmi dobr\u00fd, jen sklo m\u00e1 v\u011bt\u0161\u00ed patinu<br \/>\nRozm\u011br<br \/>\nV\u00fd\u0161ka: 170 cm<br \/>\n\u0160\u00ed\u0159ka: 106 cm<br \/>\nHloubka: 41 cm<\/p>\n<p>&nbsp;<\/p>\n","protected":false},"excerpt":{"rendered":"<p>Toaletka jako stvo\u0159en\u00e1 pro rann\u00ed ritu\u00e1ly i ve\u010dern\u00ed kontemplace. Vysok\u00e9 zrcadlo s p\u016fvodn\u00ed patinou odr\u00e1\u017e\u00ed eleganci doby, kdy ladnost byla<\/p>\n","protected":false},"featured_media":25100,"template":"","meta":[],"product_brand":[],"product_cat":[91],"product_tag":[],"class_list":{"0":"post-25098","1":"product","2":"type-product","3":"status-publish","4":"has-post-thumbnail","6":"product_cat-prodane","7":"product_shipping_class-nadrozmerne","9":"first","10":"outofstock","11":"purchasable","12":"product-type-simple"},"_links":{"self":[{"href":"https:\/\/eterle.cz\/eshop\/wp-json\/wp\/v2\/product\/25098","targetHints":{"allow":["GET"]}}],"collection":[{"href":"https:\/\/eterle.cz\/eshop\/wp-json\/wp\/v2\/product"}],"about":[{"href":"https:\/\/eterle.cz\/eshop\/wp-json\/wp\/v2\/types\/product"}],"version-history":[{"count":3,"href":"https:\/\/eterle.cz\/eshop\/wp-json\/wp\/v2\/product\/25098\/revisions"}],"predecessor-version":[{"id":32952,"href":"https:\/\/eterle.cz\/eshop\/wp-json\/wp\/v2\/product\/25098\/revisions\/32952"}],"wp:featuredmedia":[{"embeddable":true,"href":"https:\/\/eterle.cz\/eshop\/wp-json\/wp\/v2\/media\/25100"}],"wp:attachment":[{"href":"https:\/\/eterle.cz\/eshop\/wp-json\/wp\/v2\/media?parent=25098"}],"wp:term":[{"taxonomy":"product_brand","embeddable":true,"href":"https:\/\/eterle.cz\/eshop\/wp-json\/wp\/v2\/product_brand?post=25098"},{"taxonomy":"product_cat","embeddable":true,"href":"https:\/\/eterle.cz\/eshop\/wp-json\/wp\/v2\/product_cat?post=25098"},{"taxonomy":"product_tag","embeddable":true,"href":"https:\/\/eterle.cz\/eshop\/wp-json\/wp\/v2\/product_tag?post=25098"}],"curies":[{"name":"wp","href":"https:\/\/api.w.org\/{rel}","templated":true}]}}