{"id":25110,"date":"2025-05-28T11:44:34","date_gmt":"2025-05-28T09:44:34","guid":{"rendered":"https:\/\/eterle.cz\/eshop\/produkt\/konferencni-stolek-peter-ghyczyh\/"},"modified":"2025-12-01T00:14:06","modified_gmt":"2025-11-30T23:14:06","slug":"konferencni-stolek-peter-ghyczyh","status":"publish","type":"product","link":"https:\/\/eterle.cz\/eshop\/produkt\/konferencni-stolek-peter-ghyczyh\/","title":{"rendered":"Konferen\u010dn\u00ed stolek \/ Peter Ghyczyh"},"content":{"rendered":"<p>Stolek jako vyst\u0159i\u017een\u00fd z dob, kdy interi\u00e9ry snily o budoucnosti. Navr\u017een v 70. letech minul\u00e9ho stolet\u00ed vizion\u00e1\u0159em Peterem Ghyczym pro n\u011bmeckou firmu Horn Collection, je uk\u00e1zkou stylu Space Age \u2013 obdob\u00ed, kter\u00e9 si zamilovalo plast, \u010dist\u00e9 k\u0159ivky a pocit bezt\u00ed\u017ee.<\/p>\n<p>Zaoblen\u00e9 hrany, monolitick\u00e9 t\u011blo a leskl\u00fd b\u00edl\u00fd povrch z lakovan\u00e9ho polyuretanu p\u016fsob\u00ed jako artefakt z \u00e9ry optimistick\u00fdch viz\u00ed, kdy se v\u011b\u0159ilo, \u017ee i n\u00e1bytek m\u016f\u017ee b\u00fdt elegantn\u011b jednoduch\u00fd a z\u00e1rove\u0148 praktick\u00fd.<\/p>\n<p>Stav: velmi dobr\u00fd<br \/>\nZna\u010dka: Peter Ghyczyh<br \/>\nRozm\u011br<br \/>\nV\u00fd\u0161ka: 40 cm<br \/>\nDeska: 70 x 70 cm<\/p>\n<p>&nbsp;<\/p>\n","protected":false},"excerpt":{"rendered":"<p>Stolek jako vyst\u0159i\u017een\u00fd z dob, kdy interi\u00e9ry snily o budoucnosti. Navr\u017een v 70. letech minul\u00e9ho stolet\u00ed vizion\u00e1\u0159em Peterem Ghyczym pro<\/p>\n","protected":false},"featured_media":25112,"template":"","meta":[],"product_brand":[],"product_cat":[91],"product_tag":[],"class_list":{"0":"post-25110","1":"product","2":"type-product","3":"status-publish","4":"has-post-thumbnail","6":"product_cat-prodane","7":"product_shipping_class-nadrozmerne","9":"first","10":"outofstock","11":"purchasable","12":"product-type-simple"},"_links":{"self":[{"href":"https:\/\/eterle.cz\/eshop\/wp-json\/wp\/v2\/product\/25110","targetHints":{"allow":["GET"]}}],"collection":[{"href":"https:\/\/eterle.cz\/eshop\/wp-json\/wp\/v2\/product"}],"about":[{"href":"https:\/\/eterle.cz\/eshop\/wp-json\/wp\/v2\/types\/product"}],"version-history":[{"count":1,"href":"https:\/\/eterle.cz\/eshop\/wp-json\/wp\/v2\/product\/25110\/revisions"}],"predecessor-version":[{"id":25111,"href":"https:\/\/eterle.cz\/eshop\/wp-json\/wp\/v2\/product\/25110\/revisions\/25111"}],"wp:featuredmedia":[{"embeddable":true,"href":"https:\/\/eterle.cz\/eshop\/wp-json\/wp\/v2\/media\/25112"}],"wp:attachment":[{"href":"https:\/\/eterle.cz\/eshop\/wp-json\/wp\/v2\/media?parent=25110"}],"wp:term":[{"taxonomy":"product_brand","embeddable":true,"href":"https:\/\/eterle.cz\/eshop\/wp-json\/wp\/v2\/product_brand?post=25110"},{"taxonomy":"product_cat","embeddable":true,"href":"https:\/\/eterle.cz\/eshop\/wp-json\/wp\/v2\/product_cat?post=25110"},{"taxonomy":"product_tag","embeddable":true,"href":"https:\/\/eterle.cz\/eshop\/wp-json\/wp\/v2\/product_tag?post=25110"}],"curies":[{"name":"wp","href":"https:\/\/api.w.org\/{rel}","templated":true}]}}