{"id":25274,"date":"2025-05-30T08:53:04","date_gmt":"2025-05-30T06:53:04","guid":{"rendered":"https:\/\/eterle.cz\/eshop\/produkt\/zrcadlo-rtenka\/"},"modified":"2025-07-12T21:18:38","modified_gmt":"2025-07-12T19:18:38","slug":"zrcadlo-rtenka","status":"publish","type":"product","link":"https:\/\/eterle.cz\/eshop\/produkt\/zrcadlo-rtenka\/","title":{"rendered":"Zrcadlo rt\u011bnka"},"content":{"rendered":"<p>Podlahov\u00e9 zrcadlo s kou\u0159ov\u00fdm sklen\u011bn\u00fdm podstavcem, kter\u00fd tvo\u0159\u00ed socha\u0159sk\u00fd prvek i stabiln\u00ed z\u00e1klad.<br \/>\nDesign tohoto kusu nese znaky italsk\u00e9 autorsk\u00e9 produkce z 80. a\u017e 90. let minul\u00e9ho stolet\u00ed a pravd\u011bpodobn\u011b poch\u00e1z\u00ed z malos\u00e9riov\u00e9 v\u00fdroby. Tvar samotn\u00e9ho zrcadla p\u0159ipom\u00edn\u00e1 zn\u00e1m\u00e9 italsk\u00e9 Lipstick. V\u00fdjime\u010dn\u00fd kousek, kter\u00fd oslov\u00ed sb\u011bratele, milovn\u00edky designu i kur\u00e1tory stylov\u00fdch prostor.<\/p>\n<p>Stav: v\u00fdborn\u00fd<br \/>\nRozm\u011br<br \/>\nV\u00fd\u0161ka: 150 cm<br \/>\nHloubka: 35 cm<br \/>\n\u0160\u00ed\u0159ka: 28 cm<br \/>\nRozm\u011br zrcadla<br \/>\nV\u00fd\u0161ka: 124,5 cm<br \/>\n\u0160\u00ed\u0159ka: 25,5 cm<\/p>\n<p>&nbsp;<\/p>\n","protected":false},"excerpt":{"rendered":"<p>Podlahov\u00e9 zrcadlo s kou\u0159ov\u00fdm sklen\u011bn\u00fdm podstavcem, kter\u00fd tvo\u0159\u00ed socha\u0159sk\u00fd prvek i stabiln\u00ed z\u00e1klad. Design tohoto kusu nese znaky italsk\u00e9 autorsk\u00e9<\/p>\n","protected":false},"featured_media":25276,"template":"","meta":[],"product_brand":[],"product_cat":[80,137],"product_tag":[],"class_list":{"0":"post-25274","1":"product","2":"type-product","3":"status-publish","4":"has-post-thumbnail","6":"product_cat-dekorace","7":"product_cat-ostatni-dekorace","8":"product_shipping_class-nadrozmerne","10":"first","11":"instock","12":"purchasable","13":"product-type-simple"},"_links":{"self":[{"href":"https:\/\/eterle.cz\/eshop\/wp-json\/wp\/v2\/product\/25274","targetHints":{"allow":["GET"]}}],"collection":[{"href":"https:\/\/eterle.cz\/eshop\/wp-json\/wp\/v2\/product"}],"about":[{"href":"https:\/\/eterle.cz\/eshop\/wp-json\/wp\/v2\/types\/product"}],"version-history":[{"count":1,"href":"https:\/\/eterle.cz\/eshop\/wp-json\/wp\/v2\/product\/25274\/revisions"}],"predecessor-version":[{"id":25275,"href":"https:\/\/eterle.cz\/eshop\/wp-json\/wp\/v2\/product\/25274\/revisions\/25275"}],"wp:featuredmedia":[{"embeddable":true,"href":"https:\/\/eterle.cz\/eshop\/wp-json\/wp\/v2\/media\/25276"}],"wp:attachment":[{"href":"https:\/\/eterle.cz\/eshop\/wp-json\/wp\/v2\/media?parent=25274"}],"wp:term":[{"taxonomy":"product_brand","embeddable":true,"href":"https:\/\/eterle.cz\/eshop\/wp-json\/wp\/v2\/product_brand?post=25274"},{"taxonomy":"product_cat","embeddable":true,"href":"https:\/\/eterle.cz\/eshop\/wp-json\/wp\/v2\/product_cat?post=25274"},{"taxonomy":"product_tag","embeddable":true,"href":"https:\/\/eterle.cz\/eshop\/wp-json\/wp\/v2\/product_tag?post=25274"}],"curies":[{"name":"wp","href":"https:\/\/api.w.org\/{rel}","templated":true}]}}