{"id":25281,"date":"2025-05-30T08:53:08","date_gmt":"2025-05-30T06:53:08","guid":{"rendered":"https:\/\/eterle.cz\/eshop\/produkt\/mapa-zemske-polokoule\/"},"modified":"2025-10-08T22:48:01","modified_gmt":"2025-10-08T20:48:01","slug":"mapa-zemske-polokoule","status":"publish","type":"product","link":"https:\/\/eterle.cz\/eshop\/produkt\/mapa-zemske-polokoule\/","title":{"rendered":"Mapa zemsk\u00e9 polokoule"},"content":{"rendered":"<p>Velkoform\u00e1tov\u00e1 n\u00e1st\u011bnn\u00e1 mapa \u201eZemsk\u00e9 polokoule\u201c z roku 1958 ukazuje sv\u011bt v elegantn\u00edm rozvr\u017een\u00ed dvou hlavn\u00edch hemisf\u00e9r \u2013 z\u00e1padn\u00ed a v\u00fdchodn\u00ed \u2013 dopln\u011bn\u00fdch o p\u00f3ly. Vydan\u00e1 byla kartografick\u00fdm \u00fastavem V. V. \u0160im\u00e1\u010dka v Praze a slou\u017eila jako v\u00fdukov\u00e1 pom\u016fcka na \u010deskoslovensk\u00fdch \u0161kol\u00e1ch v druh\u00e9 polovin\u011b 20. stolet\u00ed. Nejde jen o mapu, je to dokument sv\u00e9 doby, ve kter\u00e9m se odr\u00e1\u017e\u00ed tehdej\u0161\u00ed geopolitick\u00e9 uspo\u0159\u00e1d\u00e1n\u00ed i grafick\u00fd styl v\u00fduky.<\/p>\n<p>Stav: velmi dobr\u00fd, jen mali\u010dko natr\u017een\u00fd u nadpisu<br \/>\nRozm\u011br<br \/>\nV\u00fd\u0161ka: 162 cm<br \/>\n\u0160\u00ed\u0159ka: 202 cm<\/p>\n<p>&nbsp;<\/p>\n","protected":false},"excerpt":{"rendered":"<p>Velkoform\u00e1tov\u00e1 n\u00e1st\u011bnn\u00e1 mapa \u201eZemsk\u00e9 polokoule\u201c z roku 1958 ukazuje sv\u011bt v elegantn\u00edm rozvr\u017een\u00ed dvou hlavn\u00edch hemisf\u00e9r \u2013 z\u00e1padn\u00ed a v\u00fdchodn\u00ed<\/p>\n","protected":false},"featured_media":25283,"template":"","meta":[],"product_brand":[],"product_cat":[91],"product_tag":[],"class_list":{"0":"post-25281","1":"product","2":"type-product","3":"status-publish","4":"has-post-thumbnail","6":"product_cat-prodane","7":"product_shipping_class-nadrozmerne","9":"first","10":"outofstock","11":"purchasable","12":"product-type-simple"},"_links":{"self":[{"href":"https:\/\/eterle.cz\/eshop\/wp-json\/wp\/v2\/product\/25281","targetHints":{"allow":["GET"]}}],"collection":[{"href":"https:\/\/eterle.cz\/eshop\/wp-json\/wp\/v2\/product"}],"about":[{"href":"https:\/\/eterle.cz\/eshop\/wp-json\/wp\/v2\/types\/product"}],"version-history":[{"count":1,"href":"https:\/\/eterle.cz\/eshop\/wp-json\/wp\/v2\/product\/25281\/revisions"}],"predecessor-version":[{"id":25282,"href":"https:\/\/eterle.cz\/eshop\/wp-json\/wp\/v2\/product\/25281\/revisions\/25282"}],"wp:featuredmedia":[{"embeddable":true,"href":"https:\/\/eterle.cz\/eshop\/wp-json\/wp\/v2\/media\/25283"}],"wp:attachment":[{"href":"https:\/\/eterle.cz\/eshop\/wp-json\/wp\/v2\/media?parent=25281"}],"wp:term":[{"taxonomy":"product_brand","embeddable":true,"href":"https:\/\/eterle.cz\/eshop\/wp-json\/wp\/v2\/product_brand?post=25281"},{"taxonomy":"product_cat","embeddable":true,"href":"https:\/\/eterle.cz\/eshop\/wp-json\/wp\/v2\/product_cat?post=25281"},{"taxonomy":"product_tag","embeddable":true,"href":"https:\/\/eterle.cz\/eshop\/wp-json\/wp\/v2\/product_tag?post=25281"}],"curies":[{"name":"wp","href":"https:\/\/api.w.org\/{rel}","templated":true}]}}