{"id":25290,"date":"2025-05-30T08:53:13","date_gmt":"2025-05-30T06:53:13","guid":{"rendered":"https:\/\/eterle.cz\/eshop\/produkt\/behoun\/"},"modified":"2025-07-12T21:18:38","modified_gmt":"2025-07-12T19:18:38","slug":"behoun","status":"publish","type":"product","link":"https:\/\/eterle.cz\/eshop\/produkt\/behoun\/","title":{"rendered":"B\u011bhoun"},"content":{"rendered":"<p>Tradi\u010dn\u00ed b\u011bhoun s nad\u010dasov\u00fdm vzorem v zemit\u00fdch t\u00f3nech. Prou\u017ekov\u00e1n\u00ed v hn\u011bd\u00e9, \u010dern\u00e9 a v\u00ednov\u00e9 barv\u011b dod\u00e1v\u00e1 tkanin\u011b rytmus, kter\u00fd p\u0159ipom\u00edn\u00e1 kroky v tich\u00e9 chodb\u011b star\u00e9ho domu. Vzor je utkan\u00fd klasickou keprovou vazbou. B\u011bhouny tohoto typu se \u010dasto objevovaly v \u010deskoslovensk\u00fdch dom\u00e1cnostech od 50. let d\u00e1l, kladly se do p\u0159eds\u00edn\u00ed, chodeb \u010di jako praktick\u00fd dopln\u011bk na chalup\u00e1ch. Pevn\u00e1 struktura a jednoduch\u00fd dekor z nich d\u011blaly v\u00fdbavu, kter\u00e1 p\u0159e\u010dkala desetilet\u00ed i m\u011bn\u00edc\u00ed se styly.<\/p>\n<p>Stav: zachoval\u00fd, trochu flek u kraje<br \/>\nRozm\u011br<br \/>\nD\u00e9lka:  383 cm<br \/>\n\u0160\u00ed\u0159ka: 89 cm<\/p>\n<p>&nbsp;<\/p>\n","protected":false},"excerpt":{"rendered":"<p>Tradi\u010dn\u00ed b\u011bhoun s nad\u010dasov\u00fdm vzorem v zemit\u00fdch t\u00f3nech. Prou\u017ekov\u00e1n\u00ed v hn\u011bd\u00e9, \u010dern\u00e9 a v\u00ednov\u00e9 barv\u011b dod\u00e1v\u00e1 tkanin\u011b rytmus, kter\u00fd p\u0159ipom\u00edn\u00e1<\/p>\n","protected":false},"featured_media":25292,"template":"","meta":[],"product_brand":[],"product_cat":[80,151],"product_tag":[],"class_list":{"0":"post-25290","1":"product","2":"type-product","3":"status-publish","4":"has-post-thumbnail","6":"product_cat-dekorace","7":"product_cat-textil","8":"product_shipping_class-nadrozmerne","10":"first","11":"instock","12":"purchasable","13":"product-type-simple"},"_links":{"self":[{"href":"https:\/\/eterle.cz\/eshop\/wp-json\/wp\/v2\/product\/25290","targetHints":{"allow":["GET"]}}],"collection":[{"href":"https:\/\/eterle.cz\/eshop\/wp-json\/wp\/v2\/product"}],"about":[{"href":"https:\/\/eterle.cz\/eshop\/wp-json\/wp\/v2\/types\/product"}],"version-history":[{"count":1,"href":"https:\/\/eterle.cz\/eshop\/wp-json\/wp\/v2\/product\/25290\/revisions"}],"predecessor-version":[{"id":25291,"href":"https:\/\/eterle.cz\/eshop\/wp-json\/wp\/v2\/product\/25290\/revisions\/25291"}],"wp:featuredmedia":[{"embeddable":true,"href":"https:\/\/eterle.cz\/eshop\/wp-json\/wp\/v2\/media\/25292"}],"wp:attachment":[{"href":"https:\/\/eterle.cz\/eshop\/wp-json\/wp\/v2\/media?parent=25290"}],"wp:term":[{"taxonomy":"product_brand","embeddable":true,"href":"https:\/\/eterle.cz\/eshop\/wp-json\/wp\/v2\/product_brand?post=25290"},{"taxonomy":"product_cat","embeddable":true,"href":"https:\/\/eterle.cz\/eshop\/wp-json\/wp\/v2\/product_cat?post=25290"},{"taxonomy":"product_tag","embeddable":true,"href":"https:\/\/eterle.cz\/eshop\/wp-json\/wp\/v2\/product_tag?post=25290"}],"curies":[{"name":"wp","href":"https:\/\/api.w.org\/{rel}","templated":true}]}}