{"id":25298,"date":"2025-05-30T08:53:17","date_gmt":"2025-05-30T06:53:17","guid":{"rendered":"https:\/\/eterle.cz\/eshop\/produkt\/koberec-2\/"},"modified":"2025-09-17T22:10:26","modified_gmt":"2025-09-17T20:10:26","slug":"koberec-2","status":"publish","type":"product","link":"https:\/\/eterle.cz\/eshop\/produkt\/koberec-2\/","title":{"rendered":"Koberec"},"content":{"rendered":"<p>Koberec v tradi\u010dn\u00edm turkmensk\u00e9m stylu Bokhara, z\u0159ejm\u011b ru\u010dn\u011b v\u00e1zan\u00fd v P\u00e1kist\u00e1nu, nese na sob\u011b stopy d\u00e1vn\u00fdch p\u0159\u00edb\u011bh\u016f. Jeho bohat\u00fd vzor opakuj\u00edc\u00edch se \u201egul\u201c medailon\u016f se jako rytmus nom\u00e1dsk\u00e9 p\u00edsn\u011b vine v pravideln\u00e9m sledu, zat\u00edmco jemn\u011b vybledl\u00e9 barvy prozrazuj\u00ed roky slu\u017eby i slunce, kter\u00e9 se po n\u011bm kdysi klouzalo.<\/p>\n<p>Ru\u010dn\u011b v\u00e1zan\u00e1 vlna, d\u016fkaz poctiv\u00e9 \u0159emesln\u00e9 pr\u00e1ce, je patrn\u00e1 i na rubov\u00e9 stran\u011b \u2013 ka\u017ed\u00e1 nit se zde zd\u00e1 b\u00fdt v\u00e1z\u00e1na s trp\u011blivost\u00ed a p\u0159esnost\u00ed. Dekorativn\u00ed okraje s geometrick\u00fdmi motivy r\u00e1muj\u00ed tento p\u0159\u00edb\u011bh tkan\u00fd do hmoty, zat\u00edmco t\u0159\u00e1sn\u011b uzav\u00edraj\u00ed kompozici jako te\u010dka za v\u011btou. Tich\u00fd vyprav\u011b\u010d, kter\u00fd si i po letech nese svou orient\u00e1ln\u00ed poezii.<\/p>\n<p>Stav: zachoval\u00fd<br \/>\nRozm\u011br<br \/>\nD\u00e9lka: 188 cm<br \/>\n\u0160\u00ed\u0159ka: 124 cm<\/p>\n<p>&nbsp;<\/p>\n","protected":false},"excerpt":{"rendered":"<p>Koberec v tradi\u010dn\u00edm turkmensk\u00e9m stylu Bokhara, z\u0159ejm\u011b ru\u010dn\u011b v\u00e1zan\u00fd v P\u00e1kist\u00e1nu, nese na sob\u011b stopy d\u00e1vn\u00fdch p\u0159\u00edb\u011bh\u016f. Jeho bohat\u00fd vzor<\/p>\n","protected":false},"featured_media":25300,"template":"","meta":[],"product_brand":[],"product_cat":[91],"product_tag":[],"class_list":{"0":"post-25298","1":"product","2":"type-product","3":"status-publish","4":"has-post-thumbnail","6":"product_cat-prodane","7":"product_shipping_class-nadrozmerne","9":"first","10":"outofstock","11":"purchasable","12":"product-type-simple"},"_links":{"self":[{"href":"https:\/\/eterle.cz\/eshop\/wp-json\/wp\/v2\/product\/25298","targetHints":{"allow":["GET"]}}],"collection":[{"href":"https:\/\/eterle.cz\/eshop\/wp-json\/wp\/v2\/product"}],"about":[{"href":"https:\/\/eterle.cz\/eshop\/wp-json\/wp\/v2\/types\/product"}],"version-history":[{"count":1,"href":"https:\/\/eterle.cz\/eshop\/wp-json\/wp\/v2\/product\/25298\/revisions"}],"predecessor-version":[{"id":25299,"href":"https:\/\/eterle.cz\/eshop\/wp-json\/wp\/v2\/product\/25298\/revisions\/25299"}],"wp:featuredmedia":[{"embeddable":true,"href":"https:\/\/eterle.cz\/eshop\/wp-json\/wp\/v2\/media\/25300"}],"wp:attachment":[{"href":"https:\/\/eterle.cz\/eshop\/wp-json\/wp\/v2\/media?parent=25298"}],"wp:term":[{"taxonomy":"product_brand","embeddable":true,"href":"https:\/\/eterle.cz\/eshop\/wp-json\/wp\/v2\/product_brand?post=25298"},{"taxonomy":"product_cat","embeddable":true,"href":"https:\/\/eterle.cz\/eshop\/wp-json\/wp\/v2\/product_cat?post=25298"},{"taxonomy":"product_tag","embeddable":true,"href":"https:\/\/eterle.cz\/eshop\/wp-json\/wp\/v2\/product_tag?post=25298"}],"curies":[{"name":"wp","href":"https:\/\/api.w.org\/{rel}","templated":true}]}}