{"id":25314,"date":"2025-05-30T08:53:28","date_gmt":"2025-05-30T06:53:28","guid":{"rendered":"https:\/\/eterle.cz\/eshop\/produkt\/koberec-3\/"},"modified":"2026-03-14T19:06:21","modified_gmt":"2026-03-14T18:06:21","slug":"koberec-3","status":"publish","type":"product","link":"https:\/\/eterle.cz\/eshop\/produkt\/koberec-3\/","title":{"rendered":"Koberec"},"content":{"rendered":"<p>Kobere\u010dek jako ze sal\u00f3nku babi\u010d\u010dina bytu, kde se vypr\u00e1v\u011bj\u00ed p\u0159\u00edb\u011bhy s pun\u010dem v ruce. Bord\u00f3 z\u00e1klad s bohat\u00fdm kv\u011btinov\u00fdm dekorem a ov\u00e1ln\u00fdm medailonem uprost\u0159ed navazuje na klasick\u00e9 persk\u00e9 vzory, zjednodu\u0161en\u00e9 pro evropskou v\u00fdrobu ve 2. polovin\u011b 20. stolet\u00ed.<\/p>\n<p>Vyroben\u00fd pravd\u011bpodobn\u011b strojov\u011b (nen\u00ed vln\u011bn\u00fd), kter\u00fd zvl\u00e1dl d\u011btsk\u00e9 hry, ps\u00ed tlapky i ned\u011bln\u00ed k\u00e1vu. Ide\u00e1ln\u00ed jako men\u0161\u00ed koberec do p\u0159eds\u00edn\u011b, pod konferen\u010dn\u00ed stolek nebo k posteli, kde pot\u011b\u0161\u00ed oko i bosou nohu.<\/p>\n<p>Stav: dobr\u00fd, pouze na jendom m\u00edst\u011b se trochu t\u0159ep\u00ed lem<br \/>\nRozm\u011br<br \/>\nD\u00e9lka: 132 cm<br \/>\n\u0160\u00ed\u0159ka: 71 cm<\/p>\n<p>&nbsp;<\/p>\n","protected":false},"excerpt":{"rendered":"<p>Kobere\u010dek jako ze sal\u00f3nku babi\u010d\u010dina bytu, kde se vypr\u00e1v\u011bj\u00ed p\u0159\u00edb\u011bhy s pun\u010dem v ruce. Bord\u00f3 z\u00e1klad s bohat\u00fdm kv\u011btinov\u00fdm dekorem<\/p>\n","protected":false},"featured_media":25316,"template":"","meta":[],"product_brand":[],"product_cat":[91],"product_tag":[],"class_list":{"0":"post-25314","1":"product","2":"type-product","3":"status-publish","4":"has-post-thumbnail","6":"product_cat-prodane","7":"product_shipping_class-nadrozmerne","9":"first","10":"outofstock","11":"purchasable","12":"product-type-simple"},"_links":{"self":[{"href":"https:\/\/eterle.cz\/eshop\/wp-json\/wp\/v2\/product\/25314","targetHints":{"allow":["GET"]}}],"collection":[{"href":"https:\/\/eterle.cz\/eshop\/wp-json\/wp\/v2\/product"}],"about":[{"href":"https:\/\/eterle.cz\/eshop\/wp-json\/wp\/v2\/types\/product"}],"version-history":[{"count":1,"href":"https:\/\/eterle.cz\/eshop\/wp-json\/wp\/v2\/product\/25314\/revisions"}],"predecessor-version":[{"id":25315,"href":"https:\/\/eterle.cz\/eshop\/wp-json\/wp\/v2\/product\/25314\/revisions\/25315"}],"wp:featuredmedia":[{"embeddable":true,"href":"https:\/\/eterle.cz\/eshop\/wp-json\/wp\/v2\/media\/25316"}],"wp:attachment":[{"href":"https:\/\/eterle.cz\/eshop\/wp-json\/wp\/v2\/media?parent=25314"}],"wp:term":[{"taxonomy":"product_brand","embeddable":true,"href":"https:\/\/eterle.cz\/eshop\/wp-json\/wp\/v2\/product_brand?post=25314"},{"taxonomy":"product_cat","embeddable":true,"href":"https:\/\/eterle.cz\/eshop\/wp-json\/wp\/v2\/product_cat?post=25314"},{"taxonomy":"product_tag","embeddable":true,"href":"https:\/\/eterle.cz\/eshop\/wp-json\/wp\/v2\/product_tag?post=25314"}],"curies":[{"name":"wp","href":"https:\/\/api.w.org\/{rel}","templated":true}]}}