{"id":25321,"date":"2025-05-30T08:53:32","date_gmt":"2025-05-30T06:53:32","guid":{"rendered":"https:\/\/eterle.cz\/eshop\/produkt\/koberec-kelim-2\/"},"modified":"2025-11-09T00:32:44","modified_gmt":"2025-11-08T23:32:44","slug":"koberec-kelim-2","status":"publish","type":"product","link":"https:\/\/eterle.cz\/eshop\/produkt\/koberec-kelim-2\/","title":{"rendered":"Koberec \/ Kelim"},"content":{"rendered":"<p>Zemit\u011b zelen\u00fd kelim, kter\u00fd by mohl vypr\u00e1v\u011bt poh\u00e1dku. Jeho st\u0159ed dominuje geometrizovan\u00fd \u017elut\u00fd medailon s drobnou stylizovanou postavou, obklopen\u00fd \u0161estic\u00ed kon\u00ed\u010dk\u016f v \u010derveno-oran\u017eov\u00fdch t\u00f3nech. Vzory jsou vetk\u00e1ny do pevn\u00e9, hutn\u00e9 vlny technikou ploch\u00e9 tkaniny, typickou pro tradi\u010dn\u00ed kelimy. Zd\u00e1 se b\u00fdt ru\u010dn\u011b tkan\u00fd, pravd\u011bpodobn\u011b z vlny. P\u016fvod nen\u00ed zn\u00e1m\u00fd, ale motivy evokuj\u00ed lidov\u00e9 vzory z oblasti \u00cdr\u00e1nu, Kavkazu \u010di Balk\u00e1nu.<\/p>\n<p>D\u00edky men\u0161\u00edm rozm\u011br\u016fm se skv\u011ble hod\u00ed do d\u011btsk\u00e9ho pokoje nebo t\u0159eba pod v\u00e1no\u010dn\u00ed strome\u010dek.<\/p>\n<p>Stav: velmi dobr\u00fd<br \/>\nZna\u010dka:Kelim<br \/>\nRozm\u011br<br \/>\nD\u00e9lka: 137 cm<br \/>\n\u0160\u00ed\u0159ka: 67 cm<\/p>\n<p>&nbsp;<\/p>\n","protected":false},"excerpt":{"rendered":"<p>Zemit\u011b zelen\u00fd kelim, kter\u00fd by mohl vypr\u00e1v\u011bt poh\u00e1dku. Jeho st\u0159ed dominuje geometrizovan\u00fd \u017elut\u00fd medailon s drobnou stylizovanou postavou, obklopen\u00fd \u0161estic\u00ed<\/p>\n","protected":false},"featured_media":25323,"template":"","meta":[],"product_brand":[],"product_cat":[91],"product_tag":[],"class_list":{"0":"post-25321","1":"product","2":"type-product","3":"status-publish","4":"has-post-thumbnail","6":"product_cat-prodane","7":"product_shipping_class-nadrozmerne","9":"first","10":"outofstock","11":"purchasable","12":"product-type-simple"},"_links":{"self":[{"href":"https:\/\/eterle.cz\/eshop\/wp-json\/wp\/v2\/product\/25321","targetHints":{"allow":["GET"]}}],"collection":[{"href":"https:\/\/eterle.cz\/eshop\/wp-json\/wp\/v2\/product"}],"about":[{"href":"https:\/\/eterle.cz\/eshop\/wp-json\/wp\/v2\/types\/product"}],"version-history":[{"count":1,"href":"https:\/\/eterle.cz\/eshop\/wp-json\/wp\/v2\/product\/25321\/revisions"}],"predecessor-version":[{"id":25322,"href":"https:\/\/eterle.cz\/eshop\/wp-json\/wp\/v2\/product\/25321\/revisions\/25322"}],"wp:featuredmedia":[{"embeddable":true,"href":"https:\/\/eterle.cz\/eshop\/wp-json\/wp\/v2\/media\/25323"}],"wp:attachment":[{"href":"https:\/\/eterle.cz\/eshop\/wp-json\/wp\/v2\/media?parent=25321"}],"wp:term":[{"taxonomy":"product_brand","embeddable":true,"href":"https:\/\/eterle.cz\/eshop\/wp-json\/wp\/v2\/product_brand?post=25321"},{"taxonomy":"product_cat","embeddable":true,"href":"https:\/\/eterle.cz\/eshop\/wp-json\/wp\/v2\/product_cat?post=25321"},{"taxonomy":"product_tag","embeddable":true,"href":"https:\/\/eterle.cz\/eshop\/wp-json\/wp\/v2\/product_tag?post=25321"}],"curies":[{"name":"wp","href":"https:\/\/api.w.org\/{rel}","templated":true}]}}