{"id":25333,"date":"2025-05-30T08:53:39","date_gmt":"2025-05-30T06:53:39","guid":{"rendered":"https:\/\/eterle.cz\/eshop\/produkt\/kotlyk\/"},"modified":"2026-03-12T21:21:14","modified_gmt":"2026-03-12T20:21:14","slug":"kotlyk","status":"publish","type":"product","link":"https:\/\/eterle.cz\/eshop\/produkt\/kotlyk\/","title":{"rendered":"Kotl\u00edk"},"content":{"rendered":"<p>M\u011bd\u011bn\u00fd kotl\u00edk je kr\u00e1snou uk\u00e1zkou tradi\u010dn\u00ed \u0159emesln\u00e9 pr\u00e1ce, pravd\u011bpodobn\u011b poch\u00e1z\u00ed z 19. nebo po\u010d\u00e1tku 20. stolet\u00ed. Takov\u00e9 n\u00e1doby b\u00fdvaly b\u011b\u017enou sou\u010d\u00e1st\u00ed dom\u00e1cnost\u00ed \u010di hospod\u00e1\u0159stv\u00ed a slou\u017eily zejm\u00e9na k p\u0159en\u00e1\u0161en\u00ed vody nebo oh\u0159\u00edv\u00e1n\u00ed tekutin nad ohn\u011bm. Zna\u010dn\u00e9 opot\u0159eben\u00ed a bohat\u00e1 patina s modrozelenou m\u011bd\u011bnkou sv\u011bd\u010d\u00ed o jeho dlouh\u00e9m u\u017e\u00edv\u00e1n\u00ed a p\u016fsoben\u00ed \u010dasu. Dnes m\u016f\u017ee poslou\u017eit jako p\u016fsobiv\u00fd dekorativn\u00ed prvek.<\/p>\n<p>Stav: patina viz foto<br \/>\nV\u00fd\u0161ka: 22 cm<br \/>\nPr\u016fm\u011br: 29 cm<\/p>\n<p>&nbsp;<\/p>\n","protected":false},"excerpt":{"rendered":"<p>M\u011bd\u011bn\u00fd kotl\u00edk je kr\u00e1snou uk\u00e1zkou tradi\u010dn\u00ed \u0159emesln\u00e9 pr\u00e1ce, pravd\u011bpodobn\u011b poch\u00e1z\u00ed z 19. nebo po\u010d\u00e1tku 20. stolet\u00ed. Takov\u00e9 n\u00e1doby b\u00fdvaly b\u011b\u017enou<\/p>\n","protected":false},"featured_media":25335,"template":"","meta":[],"product_brand":[],"product_cat":[91],"product_tag":[],"class_list":{"0":"post-25333","1":"product","2":"type-product","3":"status-publish","4":"has-post-thumbnail","6":"product_cat-prodane","7":"product_shipping_class-nadrozmerne","9":"first","10":"outofstock","11":"purchasable","12":"product-type-simple"},"_links":{"self":[{"href":"https:\/\/eterle.cz\/eshop\/wp-json\/wp\/v2\/product\/25333","targetHints":{"allow":["GET"]}}],"collection":[{"href":"https:\/\/eterle.cz\/eshop\/wp-json\/wp\/v2\/product"}],"about":[{"href":"https:\/\/eterle.cz\/eshop\/wp-json\/wp\/v2\/types\/product"}],"version-history":[{"count":3,"href":"https:\/\/eterle.cz\/eshop\/wp-json\/wp\/v2\/product\/25333\/revisions"}],"predecessor-version":[{"id":34997,"href":"https:\/\/eterle.cz\/eshop\/wp-json\/wp\/v2\/product\/25333\/revisions\/34997"}],"wp:featuredmedia":[{"embeddable":true,"href":"https:\/\/eterle.cz\/eshop\/wp-json\/wp\/v2\/media\/25335"}],"wp:attachment":[{"href":"https:\/\/eterle.cz\/eshop\/wp-json\/wp\/v2\/media?parent=25333"}],"wp:term":[{"taxonomy":"product_brand","embeddable":true,"href":"https:\/\/eterle.cz\/eshop\/wp-json\/wp\/v2\/product_brand?post=25333"},{"taxonomy":"product_cat","embeddable":true,"href":"https:\/\/eterle.cz\/eshop\/wp-json\/wp\/v2\/product_cat?post=25333"},{"taxonomy":"product_tag","embeddable":true,"href":"https:\/\/eterle.cz\/eshop\/wp-json\/wp\/v2\/product_tag?post=25333"}],"curies":[{"name":"wp","href":"https:\/\/api.w.org\/{rel}","templated":true}]}}