{"id":25341,"date":"2025-05-30T08:53:44","date_gmt":"2025-05-30T06:53:44","guid":{"rendered":"https:\/\/eterle.cz\/eshop\/produkt\/police-u-490-interier-praha\/"},"modified":"2025-10-04T23:13:39","modified_gmt":"2025-10-04T21:13:39","slug":"police-u-490-interier-praha","status":"publish","type":"product","link":"https:\/\/eterle.cz\/eshop\/produkt\/police-u-490-interier-praha\/","title":{"rendered":"Police U-490 \/ Interi\u00e9r Praha"},"content":{"rendered":"<p>Jednoduch\u00e1 linie, pevn\u00e1 konstrukce a tich\u00e1 elegance dobov\u00e9ho designu \u2013 police U-490 z produkce n\u00e1rodn\u00edho podniku Interi\u00e9r, z\u00e1vod T\u0159e\u0161\u0165, nese v\u0161e, co si spojujeme s kvalitn\u00ed v\u00fdrobou 70. a 80. let v \u010ceskoslovensku. Vyrobena z d\u00fdhovan\u00e9 desky v \u00faprav\u011b dub a zav\u011b\u0161en\u00e1 na jemn\u00fdch kovov\u00fdch t\u00e1hlech, p\u0159edstavuje funk\u010dn\u00ed \u0159e\u0161en\u00ed s estetickou pokorou.Tato police byla sou\u010d\u00e1st\u00ed typizovan\u00fdch n\u00e1bytkov\u00fdch soubor\u016f ur\u010den\u00fdch pro dom\u00e1cnosti, kancel\u00e1\u0159e i ve\u0159ejn\u00e9 prostory.<\/p>\n<p>Stav: dobr\u00fd p\u016fvodn\u00ed<br \/>\nZna\u010dka: Interi\u00e9r Praha<br \/>\nRozm\u011br<br \/>\nD\u00e9lka: 110 cm<br \/>\nHloubka: 23<br \/>\nV\u00fd\u0161ka: 25 cm<\/p>\n<p>&nbsp;<\/p>\n","protected":false},"excerpt":{"rendered":"<p>Jednoduch\u00e1 linie, pevn\u00e1 konstrukce a tich\u00e1 elegance dobov\u00e9ho designu \u2013 police U-490 z produkce n\u00e1rodn\u00edho podniku Interi\u00e9r, z\u00e1vod T\u0159e\u0161\u0165, nese<\/p>\n","protected":false},"featured_media":25343,"template":"","meta":[],"product_brand":[],"product_cat":[91],"product_tag":[],"class_list":{"0":"post-25341","1":"product","2":"type-product","3":"status-publish","4":"has-post-thumbnail","6":"product_cat-prodane","8":"first","9":"outofstock","10":"purchasable","11":"product-type-simple"},"_links":{"self":[{"href":"https:\/\/eterle.cz\/eshop\/wp-json\/wp\/v2\/product\/25341","targetHints":{"allow":["GET"]}}],"collection":[{"href":"https:\/\/eterle.cz\/eshop\/wp-json\/wp\/v2\/product"}],"about":[{"href":"https:\/\/eterle.cz\/eshop\/wp-json\/wp\/v2\/types\/product"}],"version-history":[{"count":1,"href":"https:\/\/eterle.cz\/eshop\/wp-json\/wp\/v2\/product\/25341\/revisions"}],"predecessor-version":[{"id":25342,"href":"https:\/\/eterle.cz\/eshop\/wp-json\/wp\/v2\/product\/25341\/revisions\/25342"}],"wp:featuredmedia":[{"embeddable":true,"href":"https:\/\/eterle.cz\/eshop\/wp-json\/wp\/v2\/media\/25343"}],"wp:attachment":[{"href":"https:\/\/eterle.cz\/eshop\/wp-json\/wp\/v2\/media?parent=25341"}],"wp:term":[{"taxonomy":"product_brand","embeddable":true,"href":"https:\/\/eterle.cz\/eshop\/wp-json\/wp\/v2\/product_brand?post=25341"},{"taxonomy":"product_cat","embeddable":true,"href":"https:\/\/eterle.cz\/eshop\/wp-json\/wp\/v2\/product_cat?post=25341"},{"taxonomy":"product_tag","embeddable":true,"href":"https:\/\/eterle.cz\/eshop\/wp-json\/wp\/v2\/product_tag?post=25341"}],"curies":[{"name":"wp","href":"https:\/\/api.w.org\/{rel}","templated":true}]}}