{"id":25355,"date":"2025-05-30T08:53:52","date_gmt":"2025-05-30T06:53:52","guid":{"rendered":"https:\/\/eterle.cz\/eshop\/produkt\/vaza-thomas\/"},"modified":"2025-11-18T23:06:44","modified_gmt":"2025-11-18T22:06:44","slug":"vaza-thomas","status":"publish","type":"product","link":"https:\/\/eterle.cz\/eshop\/produkt\/vaza-thomas\/","title":{"rendered":"V\u00e1za \/ Thomas"},"content":{"rendered":"<p>B\u00edl\u00e1 porcel\u00e1nov\u00e1 v\u00e1za s v\u00fdrazn\u00fdm plastick\u00fdm dekorem poch\u00e1z\u00ed z n\u011bmeck\u00e9 porcel\u00e1nky Thomas, kter\u00e1 je sou\u010d\u00e1st\u00ed skupiny Rosenthal. Zna\u010dka Thomas se od po\u010d\u00e1tku zam\u011b\u0159uje na jednoduch\u00fd, sou\u010dasn\u00fd porcel\u00e1n pro mladou generaci \u2013 a pr\u00e1v\u011b tato v\u00e1za v matn\u00e9m proveden\u00ed biscuit to dokonale vystihuje. Jemn\u00fd geometrick\u00fd reli\u00e9f, p\u0159ipom\u00ednaj\u00edc\u00ed diamantov\u00fd brus, podtrhuje \u010distotu tvaru a \u010din\u00ed z v\u00e1zy p\u016fsobiv\u00fd solit\u00e9r i elegantn\u00ed dopln\u011bk pro kv\u011btiny.<\/p>\n<p>Stav: velmi dobr\u00fd<br \/>\nZna\u010dka: Thomas<br \/>\nRozm\u011br<br \/>\nV\u00fd\u0161ka: 17 cm<br \/>\nPr\u016fm\u011br otvoru: 7 cm<\/p>\n<p>&nbsp;<\/p>\n","protected":false},"excerpt":{"rendered":"<p>B\u00edl\u00e1 porcel\u00e1nov\u00e1 v\u00e1za s v\u00fdrazn\u00fdm plastick\u00fdm dekorem poch\u00e1z\u00ed z n\u011bmeck\u00e9 porcel\u00e1nky Thomas, kter\u00e1 je sou\u010d\u00e1st\u00ed skupiny Rosenthal. Zna\u010dka Thomas se<\/p>\n","protected":false},"featured_media":25357,"template":"","meta":[],"product_brand":[],"product_cat":[91],"product_tag":[],"class_list":{"0":"post-25355","1":"product","2":"type-product","3":"status-publish","4":"has-post-thumbnail","6":"product_cat-prodane","8":"first","9":"outofstock","10":"purchasable","11":"product-type-simple"},"_links":{"self":[{"href":"https:\/\/eterle.cz\/eshop\/wp-json\/wp\/v2\/product\/25355","targetHints":{"allow":["GET"]}}],"collection":[{"href":"https:\/\/eterle.cz\/eshop\/wp-json\/wp\/v2\/product"}],"about":[{"href":"https:\/\/eterle.cz\/eshop\/wp-json\/wp\/v2\/types\/product"}],"version-history":[{"count":1,"href":"https:\/\/eterle.cz\/eshop\/wp-json\/wp\/v2\/product\/25355\/revisions"}],"predecessor-version":[{"id":25356,"href":"https:\/\/eterle.cz\/eshop\/wp-json\/wp\/v2\/product\/25355\/revisions\/25356"}],"wp:featuredmedia":[{"embeddable":true,"href":"https:\/\/eterle.cz\/eshop\/wp-json\/wp\/v2\/media\/25357"}],"wp:attachment":[{"href":"https:\/\/eterle.cz\/eshop\/wp-json\/wp\/v2\/media?parent=25355"}],"wp:term":[{"taxonomy":"product_brand","embeddable":true,"href":"https:\/\/eterle.cz\/eshop\/wp-json\/wp\/v2\/product_brand?post=25355"},{"taxonomy":"product_cat","embeddable":true,"href":"https:\/\/eterle.cz\/eshop\/wp-json\/wp\/v2\/product_cat?post=25355"},{"taxonomy":"product_tag","embeddable":true,"href":"https:\/\/eterle.cz\/eshop\/wp-json\/wp\/v2\/product_tag?post=25355"}],"curies":[{"name":"wp","href":"https:\/\/api.w.org\/{rel}","templated":true}]}}