{"id":25361,"date":"2025-05-30T08:53:56","date_gmt":"2025-05-30T06:53:56","guid":{"rendered":"https:\/\/eterle.cz\/eshop\/produkt\/vaza-kaiser\/"},"modified":"2025-11-03T13:40:51","modified_gmt":"2025-11-03T12:40:51","slug":"vaza-kaiser","status":"publish","type":"product","link":"https:\/\/eterle.cz\/eshop\/produkt\/vaza-kaiser\/","title":{"rendered":"V\u00e1za \/ Kaiser"},"content":{"rendered":"<p>\u010cern\u00e1 porcel\u00e1nov\u00e1 v\u00e1za s v\u00fdrazn\u00fdm vertik\u00e1ln\u00edm r\u00fdhov\u00e1n\u00edm poch\u00e1z\u00ed z d\u00edlny n\u011bmeck\u00e9 zna\u010dky Kaiser, proslul\u00e9 precizn\u00edm zpracov\u00e1n\u00edm biskvitov\u00e9ho porcel\u00e1nu. Tato elegantn\u00ed v\u00e1za vynik\u00e1 jednoduchost\u00ed, kter\u00e1 v\u0161ak nen\u00ed stroh\u00e1, naopak d\u00e1v\u00e1 vyniknout tvaru i kv\u011btin\u00e1m. Ide\u00e1ln\u00ed pro minimalistick\u00e9 kompozice kv\u011btin.<\/p>\n<p>Stav: velmi dobr\u00fd<br \/>\nZna\u010dka: Kaiser<br \/>\nRozm\u011br<br \/>\nV\u00fd\u0161ka: 16 cm<br \/>\nOtvor: 8 x 5 cm<\/p>\n<p>&nbsp;<\/p>\n","protected":false},"excerpt":{"rendered":"<p>\u010cern\u00e1 porcel\u00e1nov\u00e1 v\u00e1za s v\u00fdrazn\u00fdm vertik\u00e1ln\u00edm r\u00fdhov\u00e1n\u00edm poch\u00e1z\u00ed z d\u00edlny n\u011bmeck\u00e9 zna\u010dky Kaiser, proslul\u00e9 precizn\u00edm zpracov\u00e1n\u00edm biskvitov\u00e9ho porcel\u00e1nu. Tato elegantn\u00ed<\/p>\n","protected":false},"featured_media":25363,"template":"","meta":[],"product_brand":[],"product_cat":[94],"product_tag":[],"class_list":{"0":"post-25361","1":"product","2":"type-product","3":"status-publish","4":"has-post-thumbnail","6":"product_cat-vazy","8":"first","9":"instock","10":"purchasable","11":"product-type-simple"},"_links":{"self":[{"href":"https:\/\/eterle.cz\/eshop\/wp-json\/wp\/v2\/product\/25361","targetHints":{"allow":["GET"]}}],"collection":[{"href":"https:\/\/eterle.cz\/eshop\/wp-json\/wp\/v2\/product"}],"about":[{"href":"https:\/\/eterle.cz\/eshop\/wp-json\/wp\/v2\/types\/product"}],"version-history":[{"count":1,"href":"https:\/\/eterle.cz\/eshop\/wp-json\/wp\/v2\/product\/25361\/revisions"}],"predecessor-version":[{"id":25362,"href":"https:\/\/eterle.cz\/eshop\/wp-json\/wp\/v2\/product\/25361\/revisions\/25362"}],"wp:featuredmedia":[{"embeddable":true,"href":"https:\/\/eterle.cz\/eshop\/wp-json\/wp\/v2\/media\/25363"}],"wp:attachment":[{"href":"https:\/\/eterle.cz\/eshop\/wp-json\/wp\/v2\/media?parent=25361"}],"wp:term":[{"taxonomy":"product_brand","embeddable":true,"href":"https:\/\/eterle.cz\/eshop\/wp-json\/wp\/v2\/product_brand?post=25361"},{"taxonomy":"product_cat","embeddable":true,"href":"https:\/\/eterle.cz\/eshop\/wp-json\/wp\/v2\/product_cat?post=25361"},{"taxonomy":"product_tag","embeddable":true,"href":"https:\/\/eterle.cz\/eshop\/wp-json\/wp\/v2\/product_tag?post=25361"}],"curies":[{"name":"wp","href":"https:\/\/api.w.org\/{rel}","templated":true}]}}