{"id":25385,"date":"2025-05-30T08:54:12","date_gmt":"2025-05-30T06:54:12","guid":{"rendered":"https:\/\/eterle.cz\/eshop\/produkt\/vaza-misen-2\/"},"modified":"2025-07-12T21:19:42","modified_gmt":"2025-07-12T19:19:42","slug":"vaza-misen-2","status":"publish","type":"product","link":"https:\/\/eterle.cz\/eshop\/produkt\/vaza-misen-2\/","title":{"rendered":"V\u00e1za \/ M\u00ed\u0161e\u0148"},"content":{"rendered":"<p>Vysok\u00e1 porcel\u00e1nov\u00e1 v\u00e1za s decentn\u00edm geometrick\u00fdm reli\u00e9fem poch\u00e1z\u00ed z v\u011bhlasn\u00e9 n\u011bmeck\u00e9 manufaktury M\u00ed\u0161e\u0148, jedn\u00e9 z nejstar\u0161\u00edch porcel\u00e1nek v Evrop\u011b. Jej\u00ed b\u00edl\u00fd glazovan\u00fd povrch a elegantn\u011b \u0161t\u00edhl\u00e1 silueta p\u016fsob\u00ed nad\u010dasov\u011b a kultivovan\u011b. Design nech\u00e1v\u00e1 vyniknout jedin\u00e9mu kv\u011btu nebo minimalistick\u00e9 kompozici \u2013 p\u0159esn\u011b v duchu m\u00ed\u0161e\u0148sk\u00e9 rafinovanosti a d\u016frazu na detail.<\/p>\n<p>Stav: velmi dobr\u00fd<br \/>\nZna\u010dka:m9\u0161e\u0148, 1. jakost<br \/>\nRozm\u011br<br \/>\nV\u00fd\u0161ka: 32 cm<br \/>\nPr\u016fm\u011br otvoru: 5 cm<\/p>\n<p>&nbsp;<\/p>\n","protected":false},"excerpt":{"rendered":"<p>Vysok\u00e1 porcel\u00e1nov\u00e1 v\u00e1za s decentn\u00edm geometrick\u00fdm reli\u00e9fem poch\u00e1z\u00ed z v\u011bhlasn\u00e9 n\u011bmeck\u00e9 manufaktury M\u00ed\u0161e\u0148, jedn\u00e9 z nejstar\u0161\u00edch porcel\u00e1nek v Evrop\u011b. Jej\u00ed<\/p>\n","protected":false},"featured_media":25387,"template":"","meta":[],"product_brand":[],"product_cat":[94],"product_tag":[],"class_list":{"0":"post-25385","1":"product","2":"type-product","3":"status-publish","4":"has-post-thumbnail","6":"product_cat-vazy","8":"first","9":"instock","10":"purchasable","11":"product-type-simple"},"_links":{"self":[{"href":"https:\/\/eterle.cz\/eshop\/wp-json\/wp\/v2\/product\/25385","targetHints":{"allow":["GET"]}}],"collection":[{"href":"https:\/\/eterle.cz\/eshop\/wp-json\/wp\/v2\/product"}],"about":[{"href":"https:\/\/eterle.cz\/eshop\/wp-json\/wp\/v2\/types\/product"}],"version-history":[{"count":1,"href":"https:\/\/eterle.cz\/eshop\/wp-json\/wp\/v2\/product\/25385\/revisions"}],"predecessor-version":[{"id":25386,"href":"https:\/\/eterle.cz\/eshop\/wp-json\/wp\/v2\/product\/25385\/revisions\/25386"}],"wp:featuredmedia":[{"embeddable":true,"href":"https:\/\/eterle.cz\/eshop\/wp-json\/wp\/v2\/media\/25387"}],"wp:attachment":[{"href":"https:\/\/eterle.cz\/eshop\/wp-json\/wp\/v2\/media?parent=25385"}],"wp:term":[{"taxonomy":"product_brand","embeddable":true,"href":"https:\/\/eterle.cz\/eshop\/wp-json\/wp\/v2\/product_brand?post=25385"},{"taxonomy":"product_cat","embeddable":true,"href":"https:\/\/eterle.cz\/eshop\/wp-json\/wp\/v2\/product_cat?post=25385"},{"taxonomy":"product_tag","embeddable":true,"href":"https:\/\/eterle.cz\/eshop\/wp-json\/wp\/v2\/product_tag?post=25385"}],"curies":[{"name":"wp","href":"https:\/\/api.w.org\/{rel}","templated":true}]}}