{"id":25391,"date":"2025-05-30T08:54:15","date_gmt":"2025-05-30T06:54:15","guid":{"rendered":"https:\/\/eterle.cz\/eshop\/produkt\/vaza-kpm-berlin\/"},"modified":"2025-07-30T23:15:09","modified_gmt":"2025-07-30T21:15:09","slug":"vaza-kpm-berlin","status":"publish","type":"product","link":"https:\/\/eterle.cz\/eshop\/produkt\/vaza-kpm-berlin\/","title":{"rendered":"V\u00e1za \/ KPM Berl\u00edn"},"content":{"rendered":"<p>Vysok\u00e1 b\u00edl\u00e1 v\u00e1za klasick\u00e9ho tvaru poch\u00e1z\u00ed z Kr\u00e1lovsk\u00e9 porcel\u00e1nky v Berl\u00edn\u011b (KPM). V\u00fdrobek nese typickou zna\u010dku \u2013 modr\u00e9 \u017eezlo \u2013 ru\u010dn\u011b malovan\u00e9 pod glazuru, jak b\u00fdv\u00e1 u t\u00e9to manufaktury zvykem ji\u017e od 18. stolet\u00ed. Nad\u010dasov\u00e1 elegance tvaru a precizn\u00ed zpracov\u00e1n\u00ed \u010din\u00ed z v\u00e1zy nejen kr\u00e1sn\u00fd dopln\u011bk, ale i cenn\u00fd kus evropsk\u00e9 designov\u00e9 historie.<\/p>\n<p>Stav: velmi dobr\u00fd<br \/>\nZna\u010dka: KPM Berl\u00edn<br \/>\nRozm\u011br<br \/>\nV\u00fd\u0161ka: 35 cm<br \/>\nPr\u016fm\u011br otvoru: 7 cm<\/p>\n<p>&nbsp;<\/p>\n","protected":false},"excerpt":{"rendered":"<p>Vysok\u00e1 b\u00edl\u00e1 v\u00e1za klasick\u00e9ho tvaru poch\u00e1z\u00ed z Kr\u00e1lovsk\u00e9 porcel\u00e1nky v Berl\u00edn\u011b (KPM). V\u00fdrobek nese typickou zna\u010dku \u2013 modr\u00e9 \u017eezlo \u2013<\/p>\n","protected":false},"featured_media":25393,"template":"","meta":[],"product_brand":[],"product_cat":[91],"product_tag":[],"class_list":{"0":"post-25391","1":"product","2":"type-product","3":"status-publish","4":"has-post-thumbnail","6":"product_cat-prodane","8":"first","9":"outofstock","10":"purchasable","11":"product-type-simple"},"_links":{"self":[{"href":"https:\/\/eterle.cz\/eshop\/wp-json\/wp\/v2\/product\/25391","targetHints":{"allow":["GET"]}}],"collection":[{"href":"https:\/\/eterle.cz\/eshop\/wp-json\/wp\/v2\/product"}],"about":[{"href":"https:\/\/eterle.cz\/eshop\/wp-json\/wp\/v2\/types\/product"}],"version-history":[{"count":1,"href":"https:\/\/eterle.cz\/eshop\/wp-json\/wp\/v2\/product\/25391\/revisions"}],"predecessor-version":[{"id":25392,"href":"https:\/\/eterle.cz\/eshop\/wp-json\/wp\/v2\/product\/25391\/revisions\/25392"}],"wp:featuredmedia":[{"embeddable":true,"href":"https:\/\/eterle.cz\/eshop\/wp-json\/wp\/v2\/media\/25393"}],"wp:attachment":[{"href":"https:\/\/eterle.cz\/eshop\/wp-json\/wp\/v2\/media?parent=25391"}],"wp:term":[{"taxonomy":"product_brand","embeddable":true,"href":"https:\/\/eterle.cz\/eshop\/wp-json\/wp\/v2\/product_brand?post=25391"},{"taxonomy":"product_cat","embeddable":true,"href":"https:\/\/eterle.cz\/eshop\/wp-json\/wp\/v2\/product_cat?post=25391"},{"taxonomy":"product_tag","embeddable":true,"href":"https:\/\/eterle.cz\/eshop\/wp-json\/wp\/v2\/product_tag?post=25391"}],"curies":[{"name":"wp","href":"https:\/\/api.w.org\/{rel}","templated":true}]}}