{"id":25397,"date":"2025-05-30T08:54:19","date_gmt":"2025-05-30T06:54:19","guid":{"rendered":"https:\/\/eterle.cz\/eshop\/produkt\/sklenena-vaza-nachtmann\/"},"modified":"2025-07-30T23:14:55","modified_gmt":"2025-07-30T21:14:55","slug":"sklenena-vaza-nachtmann","status":"publish","type":"product","link":"https:\/\/eterle.cz\/eshop\/produkt\/sklenena-vaza-nachtmann\/","title":{"rendered":"Sklen\u011bn\u00e1 v\u00e1za \/ Nachtmann"},"content":{"rendered":"<p>K\u0159i\u0161\u0165\u00e1lov\u00e1 v\u00e1za s roz\u0161\u00ed\u0159en\u00fdm hrdlem poch\u00e1z\u00ed z d\u00edlny Nachtmann, tradi\u010dn\u00ed n\u011bmeck\u00e9 skl\u00e1rny s histori\u00ed sahaj\u00edc\u00ed a\u017e do roku 1834. Jasn\u00e9 linie a precizn\u00ed brus vytv\u00e1\u0159ej\u00ed dojem lehkosti, i kdy\u017e se jedn\u00e1 o solidn\u00ed kus skla. Jej\u00ed tvar p\u0159irozen\u011b obj\u00edm\u00e1 kv\u011btiny a vn\u00e1\u0161\u00ed do prostoru noblesn\u00ed t\u0159pyt, kter\u00fd je pro Nachtmann tak typick\u00fd. Ide\u00e1ln\u00ed pro slavnostn\u00ed kytice i ka\u017edodenn\u00ed kr\u00e1su.<\/p>\n<p>Stav: dobr\u00fd, linka od vody<br \/>\nZna\u010dka: Nachtmann<br \/>\nRozm\u011br<br \/>\nV\u00fd\u0161ka: 20 cm<br \/>\nOtvor: 8 x 8 cm<\/p>\n<p>&nbsp;<\/p>\n","protected":false},"excerpt":{"rendered":"<p>K\u0159i\u0161\u0165\u00e1lov\u00e1 v\u00e1za s roz\u0161\u00ed\u0159en\u00fdm hrdlem poch\u00e1z\u00ed z d\u00edlny Nachtmann, tradi\u010dn\u00ed n\u011bmeck\u00e9 skl\u00e1rny s histori\u00ed sahaj\u00edc\u00ed a\u017e do roku 1834. Jasn\u00e9<\/p>\n","protected":false},"featured_media":25399,"template":"","meta":[],"product_brand":[],"product_cat":[91],"product_tag":[],"class_list":{"0":"post-25397","1":"product","2":"type-product","3":"status-publish","4":"has-post-thumbnail","6":"product_cat-prodane","8":"first","9":"outofstock","10":"purchasable","11":"product-type-simple"},"_links":{"self":[{"href":"https:\/\/eterle.cz\/eshop\/wp-json\/wp\/v2\/product\/25397","targetHints":{"allow":["GET"]}}],"collection":[{"href":"https:\/\/eterle.cz\/eshop\/wp-json\/wp\/v2\/product"}],"about":[{"href":"https:\/\/eterle.cz\/eshop\/wp-json\/wp\/v2\/types\/product"}],"version-history":[{"count":1,"href":"https:\/\/eterle.cz\/eshop\/wp-json\/wp\/v2\/product\/25397\/revisions"}],"predecessor-version":[{"id":25398,"href":"https:\/\/eterle.cz\/eshop\/wp-json\/wp\/v2\/product\/25397\/revisions\/25398"}],"wp:featuredmedia":[{"embeddable":true,"href":"https:\/\/eterle.cz\/eshop\/wp-json\/wp\/v2\/media\/25399"}],"wp:attachment":[{"href":"https:\/\/eterle.cz\/eshop\/wp-json\/wp\/v2\/media?parent=25397"}],"wp:term":[{"taxonomy":"product_brand","embeddable":true,"href":"https:\/\/eterle.cz\/eshop\/wp-json\/wp\/v2\/product_brand?post=25397"},{"taxonomy":"product_cat","embeddable":true,"href":"https:\/\/eterle.cz\/eshop\/wp-json\/wp\/v2\/product_cat?post=25397"},{"taxonomy":"product_tag","embeddable":true,"href":"https:\/\/eterle.cz\/eshop\/wp-json\/wp\/v2\/product_tag?post=25397"}],"curies":[{"name":"wp","href":"https:\/\/api.w.org\/{rel}","templated":true}]}}