{"id":25407,"date":"2025-05-30T08:56:32","date_gmt":"2025-05-30T06:56:32","guid":{"rendered":"https:\/\/eterle.cz\/eshop\/produkt\/kristalovy-lustr-2\/"},"modified":"2025-06-16T15:38:44","modified_gmt":"2025-06-16T13:38:44","slug":"kristalovy-lustr-2","status":"publish","type":"product","link":"https:\/\/eterle.cz\/eshop\/produkt\/kristalovy-lustr-2\/","title":{"rendered":"K\u0159i\u0161\u0165\u00e1lov\u00fd lustr"},"content":{"rendered":"<p>Lustr, kter\u00fd jako by p\u0159ilet\u011bl z plesov\u00e9ho s\u00e1lu. Zav\u011b\u0161en\u00fd na jemn\u00e9m \u0159et\u00edzku a osazen\u00fd z\u00e1plavou brou\u0161en\u00fdch ov\u011bs\u016f z \u010dir\u00e9ho skla \u010di k\u0159i\u0161\u0165\u00e1lu, kter\u00e9 zachycuj\u00ed sv\u011btlo a rozptyluj\u00ed jej do tis\u00edc\u016f drobn\u00fdch odlesk\u016f. Jeho tvar p\u0159ipom\u00edn\u00e1 kv\u011bt nebo slavnostn\u00ed korunu, a mosazn\u00e1 konstrukce s jemnou patinou podtrhuje jeho noblesn\u00ed charakter. Stylov\u011b balancuje mezi elegantn\u00edm klasicismem a glamour estetikou poloviny 20. stolet\u00ed.<\/p>\n<p>Stav: velmi dobr\u00fd, elektroinstalace p\u016fvodn\u00ed a funk\u010dn\u00ed<br \/>\nRozm\u011br<br \/>\nV\u00fd\u0161ka:  75 cm<br \/>\nD\u00e9lka &#8222;ty\u010de&#8220;: 50 cm<br \/>\nPr\u016fm\u011br: 48 cm<\/p>\n<p>&nbsp;<\/p>\n","protected":false},"excerpt":{"rendered":"<p>Lustr, kter\u00fd jako by p\u0159ilet\u011bl z plesov\u00e9ho s\u00e1lu. Zav\u011b\u0161en\u00fd na jemn\u00e9m \u0159et\u00edzku a osazen\u00fd z\u00e1plavou brou\u0161en\u00fdch ov\u011bs\u016f z \u010dir\u00e9ho skla<\/p>\n","protected":false},"featured_media":25409,"template":"","meta":[],"product_brand":[],"product_cat":[91],"product_tag":[],"class_list":{"0":"post-25407","1":"product","2":"type-product","3":"status-publish","4":"has-post-thumbnail","6":"product_cat-prodane","7":"product_shipping_class-nadrozmerne","9":"first","10":"outofstock","11":"purchasable","12":"product-type-simple"},"_links":{"self":[{"href":"https:\/\/eterle.cz\/eshop\/wp-json\/wp\/v2\/product\/25407","targetHints":{"allow":["GET"]}}],"collection":[{"href":"https:\/\/eterle.cz\/eshop\/wp-json\/wp\/v2\/product"}],"about":[{"href":"https:\/\/eterle.cz\/eshop\/wp-json\/wp\/v2\/types\/product"}],"version-history":[{"count":1,"href":"https:\/\/eterle.cz\/eshop\/wp-json\/wp\/v2\/product\/25407\/revisions"}],"predecessor-version":[{"id":25408,"href":"https:\/\/eterle.cz\/eshop\/wp-json\/wp\/v2\/product\/25407\/revisions\/25408"}],"wp:featuredmedia":[{"embeddable":true,"href":"https:\/\/eterle.cz\/eshop\/wp-json\/wp\/v2\/media\/25409"}],"wp:attachment":[{"href":"https:\/\/eterle.cz\/eshop\/wp-json\/wp\/v2\/media?parent=25407"}],"wp:term":[{"taxonomy":"product_brand","embeddable":true,"href":"https:\/\/eterle.cz\/eshop\/wp-json\/wp\/v2\/product_brand?post=25407"},{"taxonomy":"product_cat","embeddable":true,"href":"https:\/\/eterle.cz\/eshop\/wp-json\/wp\/v2\/product_cat?post=25407"},{"taxonomy":"product_tag","embeddable":true,"href":"https:\/\/eterle.cz\/eshop\/wp-json\/wp\/v2\/product_tag?post=25407"}],"curies":[{"name":"wp","href":"https:\/\/api.w.org\/{rel}","templated":true}]}}