{"id":25417,"date":"2025-05-30T08:56:38","date_gmt":"2025-05-30T06:56:38","guid":{"rendered":"https:\/\/eterle.cz\/eshop\/produkt\/ctyr-ramenny-lustr\/"},"modified":"2026-03-17T22:27:55","modified_gmt":"2026-03-17T21:27:55","slug":"ctyr-ramenny-lustr","status":"publish","type":"product","link":"https:\/\/eterle.cz\/eshop\/produkt\/ctyr-ramenny-lustr\/","title":{"rendered":"\u010cty\u0159 ramenn\u00fd lustr"},"content":{"rendered":"<p>Elegantn\u00ed stropn\u00ed sv\u00edtidlo se \u010dty\u0159mi op\u00e1lov\u00fdmi sklen\u011bn\u00fdmi st\u00ednidly, kter\u00e1 p\u0159ipom\u00ednaj\u00ed obr\u00e1cen\u00e9 kal\u00ed\u0161ky s jemn\u00fdm dekorem perli\u010dkov\u00e9ho lemu. Zlat\u00e1 ramena obloukovit\u011b rozkv\u00e9taj\u00ed do prostoru a p\u0159in\u00e1\u0161ej\u00ed do m\u00edstnosti klidnou symetrii. Stylov\u011b zasazen\u00e9 n\u011bkde mezi retro estetikou 60. let a nad\u010dasovou jednoduchost\u00ed, hod\u00ed se do interi\u00e9r\u016f, kter\u00e9 maj\u00ed r\u00e1dy \u010dist\u00e9 linie s nostalgick\u00fdm n\u00e1dechem.<\/p>\n<p>Stav: dobr\u00fd, ale zlat\u00e1 ji\u017e na n\u011bkter\u00fdch ramenech opr\u00fdskan\u00e1; elektroinstalace p\u016fvodn\u00ed a funk\u010dn\u00ed<br \/>\nRozm\u011br<br \/>\nV\u00fd\u0161ka: 74 cm<br \/>\nD\u00e9lka ty\u010de: 60 cm<br \/>\nPr\u016fm\u011br: 52 cm<\/p>\n<p>&nbsp;<\/p>\n","protected":false},"excerpt":{"rendered":"<p>Elegantn\u00ed stropn\u00ed sv\u00edtidlo se \u010dty\u0159mi op\u00e1lov\u00fdmi sklen\u011bn\u00fdmi st\u00ednidly, kter\u00e1 p\u0159ipom\u00ednaj\u00ed obr\u00e1cen\u00e9 kal\u00ed\u0161ky s jemn\u00fdm dekorem perli\u010dkov\u00e9ho lemu. Zlat\u00e1 ramena obloukovit\u011b<\/p>\n","protected":false},"featured_media":25419,"template":"","meta":[],"product_brand":[],"product_cat":[91],"product_tag":[],"class_list":{"0":"post-25417","1":"product","2":"type-product","3":"status-publish","4":"has-post-thumbnail","6":"product_cat-prodane","7":"product_shipping_class-nadrozmerne","9":"first","10":"outofstock","11":"purchasable","12":"product-type-simple"},"_links":{"self":[{"href":"https:\/\/eterle.cz\/eshop\/wp-json\/wp\/v2\/product\/25417","targetHints":{"allow":["GET"]}}],"collection":[{"href":"https:\/\/eterle.cz\/eshop\/wp-json\/wp\/v2\/product"}],"about":[{"href":"https:\/\/eterle.cz\/eshop\/wp-json\/wp\/v2\/types\/product"}],"version-history":[{"count":1,"href":"https:\/\/eterle.cz\/eshop\/wp-json\/wp\/v2\/product\/25417\/revisions"}],"predecessor-version":[{"id":25418,"href":"https:\/\/eterle.cz\/eshop\/wp-json\/wp\/v2\/product\/25417\/revisions\/25418"}],"wp:featuredmedia":[{"embeddable":true,"href":"https:\/\/eterle.cz\/eshop\/wp-json\/wp\/v2\/media\/25419"}],"wp:attachment":[{"href":"https:\/\/eterle.cz\/eshop\/wp-json\/wp\/v2\/media?parent=25417"}],"wp:term":[{"taxonomy":"product_brand","embeddable":true,"href":"https:\/\/eterle.cz\/eshop\/wp-json\/wp\/v2\/product_brand?post=25417"},{"taxonomy":"product_cat","embeddable":true,"href":"https:\/\/eterle.cz\/eshop\/wp-json\/wp\/v2\/product_cat?post=25417"},{"taxonomy":"product_tag","embeddable":true,"href":"https:\/\/eterle.cz\/eshop\/wp-json\/wp\/v2\/product_tag?post=25417"}],"curies":[{"name":"wp","href":"https:\/\/api.w.org\/{rel}","templated":true}]}}