{"id":25427,"date":"2025-05-30T08:56:45","date_gmt":"2025-05-30T06:56:45","guid":{"rendered":"https:\/\/eterle.cz\/eshop\/produkt\/lustr-slunce\/"},"modified":"2025-08-13T23:51:52","modified_gmt":"2025-08-13T21:51:52","slug":"lustr-slunce","status":"publish","type":"product","link":"https:\/\/eterle.cz\/eshop\/produkt\/lustr-slunce\/","title":{"rendered":"Lustr slunce"},"content":{"rendered":"<p>Z\u00e1\u0159iv\u011b \u017elut\u00e9 z\u00e1v\u011bsn\u00e9 sv\u00edtidlo, kter\u00e9 jako by si s sebou neslo kousek slune\u010dn\u00ed energie. Hladk\u00e9 sklo v syt\u00e9m odst\u00ednu \u017elut\u00e9 p\u0159itahuje pohled a okam\u017eit\u011b vn\u00e1\u0161\u00ed do prostoru radostnou n\u00e1ladu. Jemn\u011b industri\u00e1ln\u00ed uchycen\u00ed s kovov\u00fdm okem dod\u00e1v\u00e1 lamp\u011b nen\u00e1padn\u00fd retro n\u00e1dech. Ide\u00e1ln\u00ed do interi\u00e9r\u016f, kter\u00e9 tou\u017e\u00ed po hrav\u00e9m akcentu. Nad j\u00eddeln\u00ed st\u016fl, do kuchyn\u011b nebo t\u0159eba do pracovny, kde ka\u017ed\u00e1 my\u0161lenka pot\u0159ebuje trochu sv\u011btla. Nezn\u00e1m\u00fd autor, ale v\u00fdborn\u011b zn\u00e1m\u00fd \u00fa\u010dinek: dobr\u00e1 n\u00e1lada.<\/p>\n<p>Stav: velmi dobr\u00fd, elektroinstalace nov\u00e1<br \/>\nRozm\u011br<br \/>\nV\u00fd\u0161ka: 77 cm<br \/>\nD\u00e9lka ty\u010de: 47 cm<br \/>\nPr\u016fm\u011br: 30 cm<\/p>\n<p>&nbsp;<\/p>\n","protected":false},"excerpt":{"rendered":"<p>Z\u00e1\u0159iv\u011b \u017elut\u00e9 z\u00e1v\u011bsn\u00e9 sv\u00edtidlo, kter\u00e9 jako by si s sebou neslo kousek slune\u010dn\u00ed energie. Hladk\u00e9 sklo v syt\u00e9m odst\u00ednu \u017elut\u00e9<\/p>\n","protected":false},"featured_media":25429,"template":"","meta":[],"product_brand":[],"product_cat":[91],"product_tag":[],"class_list":{"0":"post-25427","1":"product","2":"type-product","3":"status-publish","4":"has-post-thumbnail","6":"product_cat-prodane","7":"product_shipping_class-nadrozmerne","9":"first","10":"outofstock","11":"purchasable","12":"product-type-simple"},"_links":{"self":[{"href":"https:\/\/eterle.cz\/eshop\/wp-json\/wp\/v2\/product\/25427","targetHints":{"allow":["GET"]}}],"collection":[{"href":"https:\/\/eterle.cz\/eshop\/wp-json\/wp\/v2\/product"}],"about":[{"href":"https:\/\/eterle.cz\/eshop\/wp-json\/wp\/v2\/types\/product"}],"version-history":[{"count":1,"href":"https:\/\/eterle.cz\/eshop\/wp-json\/wp\/v2\/product\/25427\/revisions"}],"predecessor-version":[{"id":25428,"href":"https:\/\/eterle.cz\/eshop\/wp-json\/wp\/v2\/product\/25427\/revisions\/25428"}],"wp:featuredmedia":[{"embeddable":true,"href":"https:\/\/eterle.cz\/eshop\/wp-json\/wp\/v2\/media\/25429"}],"wp:attachment":[{"href":"https:\/\/eterle.cz\/eshop\/wp-json\/wp\/v2\/media?parent=25427"}],"wp:term":[{"taxonomy":"product_brand","embeddable":true,"href":"https:\/\/eterle.cz\/eshop\/wp-json\/wp\/v2\/product_brand?post=25427"},{"taxonomy":"product_cat","embeddable":true,"href":"https:\/\/eterle.cz\/eshop\/wp-json\/wp\/v2\/product_cat?post=25427"},{"taxonomy":"product_tag","embeddable":true,"href":"https:\/\/eterle.cz\/eshop\/wp-json\/wp\/v2\/product_tag?post=25427"}],"curies":[{"name":"wp","href":"https:\/\/api.w.org\/{rel}","templated":true}]}}