{"id":25436,"date":"2025-05-30T08:56:49","date_gmt":"2025-05-30T06:56:49","guid":{"rendered":"https:\/\/eterle.cz\/eshop\/produkt\/stahovaci-lustr-3\/"},"modified":"2025-07-12T21:19:41","modified_gmt":"2025-07-12T19:19:41","slug":"stahovaci-lustr-3","status":"publish","type":"product","link":"https:\/\/eterle.cz\/eshop\/produkt\/stahovaci-lustr-3\/","title":{"rendered":"Stahovac\u00ed lustr"},"content":{"rendered":"<p>Funk\u010dn\u00ed poz\u016fstatek dob, kdy se design nemusel rozhodovat mezi kr\u00e1sou a prakti\u010dnost\u00ed. V\u00fdrazn\u011b orab\u017eov\u00fd stahovac\u00ed lustr s lakovan\u00fdm kovov\u00fdm st\u00ednidlem a pru\u017einov\u00fdm mechanismem nab\u00edz\u00ed v\u00fdrazn\u00fd vizu\u00e1ln\u00ed akcent a z\u00e1rove\u0148 mo\u017enost p\u0159izp\u016fsobit v\u00fd\u0161ku sv\u011btla podle pot\u0159eby, i kdy\u017e je t\u0159eba zm\u00ednit, \u017ee v tomto p\u0159\u00edpad\u011b nelze vyt\u00e1hnout zcela nahoru.<\/p>\n<p>Sv\u00edtidlo se skv\u011ble hod\u00ed nad j\u00eddeln\u00ed st\u016fl, pracovn\u00ed kout \u010di do prostoru, kter\u00fd si \u017e\u00e1d\u00e1 trochu barevn\u00e9 odvahy a hravosti ve stylu 60.\u201370. let. Lehk\u00e9 zn\u00e1mky opot\u0159eben\u00ed mu nijak neub\u00edraj\u00ed na \u0161armu, naopak, p\u0159id\u00e1vaj\u00ed mu patinu \u017eivota.<\/p>\n<p>Stav: dobr\u00fd, ale nejde vytahnout \u00fapln\u011b na minimum; elektroinstalace p\u016fvodn\u00ed a funk\u010dn\u00ed<br \/>\nRozm\u011br<br \/>\nV\u00fd\u0161ka:  66 cm (nejmen\u0161\u00ed), 112 cm (maxim\u00e1ln\u00ed)<br \/>\nPr\u016fm\u011br: 32 cm<\/p>\n<p>&nbsp;<\/p>\n","protected":false},"excerpt":{"rendered":"<p>Funk\u010dn\u00ed poz\u016fstatek dob, kdy se design nemusel rozhodovat mezi kr\u00e1sou a prakti\u010dnost\u00ed. V\u00fdrazn\u011b orab\u017eov\u00fd stahovac\u00ed lustr s lakovan\u00fdm kovov\u00fdm st\u00ednidlem<\/p>\n","protected":false},"featured_media":25438,"template":"","meta":[],"product_brand":[],"product_cat":[79,140],"product_tag":[],"class_list":{"0":"post-25436","1":"product","2":"type-product","3":"status-publish","4":"has-post-thumbnail","6":"product_cat-svetla","7":"product_cat-lustry","8":"product_shipping_class-nadrozmerne","10":"first","11":"instock","12":"purchasable","13":"product-type-simple"},"_links":{"self":[{"href":"https:\/\/eterle.cz\/eshop\/wp-json\/wp\/v2\/product\/25436","targetHints":{"allow":["GET"]}}],"collection":[{"href":"https:\/\/eterle.cz\/eshop\/wp-json\/wp\/v2\/product"}],"about":[{"href":"https:\/\/eterle.cz\/eshop\/wp-json\/wp\/v2\/types\/product"}],"version-history":[{"count":1,"href":"https:\/\/eterle.cz\/eshop\/wp-json\/wp\/v2\/product\/25436\/revisions"}],"predecessor-version":[{"id":25437,"href":"https:\/\/eterle.cz\/eshop\/wp-json\/wp\/v2\/product\/25436\/revisions\/25437"}],"wp:featuredmedia":[{"embeddable":true,"href":"https:\/\/eterle.cz\/eshop\/wp-json\/wp\/v2\/media\/25438"}],"wp:attachment":[{"href":"https:\/\/eterle.cz\/eshop\/wp-json\/wp\/v2\/media?parent=25436"}],"wp:term":[{"taxonomy":"product_brand","embeddable":true,"href":"https:\/\/eterle.cz\/eshop\/wp-json\/wp\/v2\/product_brand?post=25436"},{"taxonomy":"product_cat","embeddable":true,"href":"https:\/\/eterle.cz\/eshop\/wp-json\/wp\/v2\/product_cat?post=25436"},{"taxonomy":"product_tag","embeddable":true,"href":"https:\/\/eterle.cz\/eshop\/wp-json\/wp\/v2\/product_tag?post=25436"}],"curies":[{"name":"wp","href":"https:\/\/api.w.org\/{rel}","templated":true}]}}