{"id":25446,"date":"2025-05-30T08:56:55","date_gmt":"2025-05-30T06:56:55","guid":{"rendered":"https:\/\/eterle.cz\/eshop\/produkt\/zluty-lustr-2\/"},"modified":"2025-08-13T23:51:11","modified_gmt":"2025-08-13T21:51:11","slug":"zluty-lustr-2","status":"publish","type":"product","link":"https:\/\/eterle.cz\/eshop\/produkt\/zluty-lustr-2\/","title":{"rendered":"\u017dlut\u00fd lustr"},"content":{"rendered":"<p>Jako kapka slunce zav\u011b\u0161en\u00e1 uprost\u0159ed m\u00edstnosti. Tento lustr z op\u00e1lov\u00e9ho skla v intenzivn\u00edm odst\u00ednu \u017elut\u00e9 rozjasn\u00ed interi\u00e9r i ve dnech, kdy venku vl\u00e1dne \u0161ediv\u00e1 n\u00e1lada. Hladk\u00e1, ba\u0148at\u00e1 silueta evokuje organick\u00e9 tvary 70. let a z\u00e1rove\u0148 p\u0159in\u00e1\u0161\u00ed hravou eleganci. Ide\u00e1ln\u00ed jako solit\u00e9r nad j\u00eddeln\u00ed st\u016fl, do kuchyn\u011b \u010di do prostoru, kter\u00fd si \u017e\u00e1d\u00e1 barevn\u00fd akcent a optimismus.<\/p>\n<p>Stav: dobr\u00fd, elektroinstalace p\u016fvodn\u00ed a funk\u010dn\u00ed<br \/>\nRozm\u011br<br \/>\nV\u00fd\u0161ka: 75 cm<br \/>\nD\u00e9lka ty\u010de: 48 cm<br \/>\nPr\u016fm\u011br: 30 cm<\/p>\n<p>&nbsp;<\/p>\n","protected":false},"excerpt":{"rendered":"<p>Jako kapka slunce zav\u011b\u0161en\u00e1 uprost\u0159ed m\u00edstnosti. Tento lustr z op\u00e1lov\u00e9ho skla v intenzivn\u00edm odst\u00ednu \u017elut\u00e9 rozjasn\u00ed interi\u00e9r i ve dnech,<\/p>\n","protected":false},"featured_media":25448,"template":"","meta":[],"product_brand":[],"product_cat":[91],"product_tag":[],"class_list":{"0":"post-25446","1":"product","2":"type-product","3":"status-publish","4":"has-post-thumbnail","6":"product_cat-prodane","7":"product_shipping_class-nadrozmerne","9":"first","10":"outofstock","11":"purchasable","12":"product-type-simple"},"_links":{"self":[{"href":"https:\/\/eterle.cz\/eshop\/wp-json\/wp\/v2\/product\/25446","targetHints":{"allow":["GET"]}}],"collection":[{"href":"https:\/\/eterle.cz\/eshop\/wp-json\/wp\/v2\/product"}],"about":[{"href":"https:\/\/eterle.cz\/eshop\/wp-json\/wp\/v2\/types\/product"}],"version-history":[{"count":1,"href":"https:\/\/eterle.cz\/eshop\/wp-json\/wp\/v2\/product\/25446\/revisions"}],"predecessor-version":[{"id":25447,"href":"https:\/\/eterle.cz\/eshop\/wp-json\/wp\/v2\/product\/25446\/revisions\/25447"}],"wp:featuredmedia":[{"embeddable":true,"href":"https:\/\/eterle.cz\/eshop\/wp-json\/wp\/v2\/media\/25448"}],"wp:attachment":[{"href":"https:\/\/eterle.cz\/eshop\/wp-json\/wp\/v2\/media?parent=25446"}],"wp:term":[{"taxonomy":"product_brand","embeddable":true,"href":"https:\/\/eterle.cz\/eshop\/wp-json\/wp\/v2\/product_brand?post=25446"},{"taxonomy":"product_cat","embeddable":true,"href":"https:\/\/eterle.cz\/eshop\/wp-json\/wp\/v2\/product_cat?post=25446"},{"taxonomy":"product_tag","embeddable":true,"href":"https:\/\/eterle.cz\/eshop\/wp-json\/wp\/v2\/product_tag?post=25446"}],"curies":[{"name":"wp","href":"https:\/\/api.w.org\/{rel}","templated":true}]}}