{"id":25454,"date":"2025-05-30T08:57:00","date_gmt":"2025-05-30T06:57:00","guid":{"rendered":"https:\/\/eterle.cz\/eshop\/produkt\/lustr-opalove-sklo-9\/"},"modified":"2025-12-01T20:52:32","modified_gmt":"2025-12-01T19:52:32","slug":"lustr-opalove-sklo-9","status":"publish","type":"product","link":"https:\/\/eterle.cz\/eshop\/produkt\/lustr-opalove-sklo-9\/","title":{"rendered":"Lustr op\u00e1lov\u00e9 sklo"},"content":{"rendered":"<p>Z\u00e1\u0159\u00edc\u00ed b\u00edl\u00e1 forma, kter\u00e1 p\u0159ipom\u00edn\u00e1 nafoukl\u00fd pol\u0161t\u00e1\u0159ek nebo krou\u017eek z marshmallow. Tento z\u00e1v\u011bsn\u00fd lustr z op\u00e1lov\u00e9ho skla okouzl\u00ed sv\u00fdm m\u011bkk\u00fdm objemem i \u010distotou tvaru. V duchu 60.\u201370. let propojuje organickou jednoduchost s funk\u010dnost\u00ed a hravost\u00ed.<\/p>\n<p>Stav: dobr\u00fd, elektroinstalace nov\u00e1<br \/>\nRozm\u011br<br \/>\nV\u00fd\u0161ka: 66 cm<br \/>\nD\u00e9lka ty\u010de: 39 cm<br \/>\nPr\u016fm\u011br: 40 cm<\/p>\n<p>&nbsp;<\/p>\n","protected":false},"excerpt":{"rendered":"<p>Z\u00e1\u0159\u00edc\u00ed b\u00edl\u00e1 forma, kter\u00e1 p\u0159ipom\u00edn\u00e1 nafoukl\u00fd pol\u0161t\u00e1\u0159ek nebo krou\u017eek z marshmallow. Tento z\u00e1v\u011bsn\u00fd lustr z op\u00e1lov\u00e9ho skla okouzl\u00ed sv\u00fdm m\u011bkk\u00fdm<\/p>\n","protected":false},"featured_media":25456,"template":"","meta":[],"product_brand":[],"product_cat":[91],"product_tag":[],"class_list":{"0":"post-25454","1":"product","2":"type-product","3":"status-publish","4":"has-post-thumbnail","6":"product_cat-prodane","7":"product_shipping_class-nadrozmerne","9":"first","10":"outofstock","11":"purchasable","12":"product-type-simple"},"_links":{"self":[{"href":"https:\/\/eterle.cz\/eshop\/wp-json\/wp\/v2\/product\/25454","targetHints":{"allow":["GET"]}}],"collection":[{"href":"https:\/\/eterle.cz\/eshop\/wp-json\/wp\/v2\/product"}],"about":[{"href":"https:\/\/eterle.cz\/eshop\/wp-json\/wp\/v2\/types\/product"}],"version-history":[{"count":3,"href":"https:\/\/eterle.cz\/eshop\/wp-json\/wp\/v2\/product\/25454\/revisions"}],"predecessor-version":[{"id":31667,"href":"https:\/\/eterle.cz\/eshop\/wp-json\/wp\/v2\/product\/25454\/revisions\/31667"}],"wp:featuredmedia":[{"embeddable":true,"href":"https:\/\/eterle.cz\/eshop\/wp-json\/wp\/v2\/media\/25456"}],"wp:attachment":[{"href":"https:\/\/eterle.cz\/eshop\/wp-json\/wp\/v2\/media?parent=25454"}],"wp:term":[{"taxonomy":"product_brand","embeddable":true,"href":"https:\/\/eterle.cz\/eshop\/wp-json\/wp\/v2\/product_brand?post=25454"},{"taxonomy":"product_cat","embeddable":true,"href":"https:\/\/eterle.cz\/eshop\/wp-json\/wp\/v2\/product_cat?post=25454"},{"taxonomy":"product_tag","embeddable":true,"href":"https:\/\/eterle.cz\/eshop\/wp-json\/wp\/v2\/product_tag?post=25454"}],"curies":[{"name":"wp","href":"https:\/\/api.w.org\/{rel}","templated":true}]}}