{"id":25462,"date":"2025-05-30T08:57:05","date_gmt":"2025-05-30T06:57:05","guid":{"rendered":"https:\/\/eterle.cz\/eshop\/produkt\/lustr-sputnik-drupol\/"},"modified":"2025-11-28T23:35:01","modified_gmt":"2025-11-28T22:35:01","slug":"lustr-sputnik-drupol","status":"publish","type":"product","link":"https:\/\/eterle.cz\/eshop\/produkt\/lustr-sputnik-drupol\/","title":{"rendered":"Lustr Sputnik \/ Drupol"},"content":{"rendered":"<p>Futuristick\u00fd design s n\u00e1dechem vesm\u00edrn\u00e9ho v\u011bku. Tento ikonick\u00fd model zn\u00e1m\u00fd jako Sputnik poch\u00e1z\u00ed z \u010deskoslovensk\u00e9 produkce zna\u010dky Drupol a byl navr\u017een v 60. letech mnul\u00e9ho stolet\u00ed. V dob\u011b, kdy sv\u011bt fascinovala kosmonautika a dob\u00fdv\u00e1n\u00ed vesm\u00edru.<\/p>\n<p>Lustr tvo\u0159\u00ed centr\u00e1ln\u00ed chromovan\u00e1 koule, ze kter\u00e9 vych\u00e1z\u00ed dvan\u00e1ct ramen osazen\u00fdch obj\u00edmkami typu E27. Ramena sm\u011b\u0159uj\u00ed paprskovit\u011b do prostoru a vytv\u00e1\u0159ej\u00ed tak dojem vesm\u00edrn\u00e9ho t\u011blesa \u2013 inspirovan\u00e9ho sov\u011btskou dru\u017eic\u00ed Sputnik 1.<\/p>\n<p>Tento typ lustru se vyr\u00e1b\u011bl v n\u011bkolika variant\u00e1ch \u2013 li\u0161ily se d\u00e9lkou ramen, po\u010dtem sv\u011btel nebo pou\u017eit\u00fdm materi\u00e1lem (chrom, lakovan\u00fd kov). Drupol, zn\u00e1m\u00fd v\u00fdrobce elektrospot\u0159ebi\u010d\u016f a osv\u011btlovac\u00ed techniky, tak p\u0159inesl do \u010deskoslovensk\u00fdch dom\u00e1cnost\u00ed odv\u00e1\u017en\u00fd styl space age, kter\u00fd dnes pat\u0159\u00ed mezi vyhled\u00e1van\u00e9 sb\u011bratelsk\u00e9 designy.<\/p>\n<p>Stav: velmi dobr\u00fd, jen n\u011bkter\u00e9 \u017e\u00e1rovky trochu nahn\u011bdl\u00e9; elektroinstalace p\u016fvodn\u00ed a funk\u010dn\u00ed<br \/>\nZna\u010dka: Drupol<br \/>\nRozm\u011br<br \/>\nV\u00fd\u0161ka: 91 cm<br \/>\nD\u00e9lka ty\u010de: 62 cm<br \/>\nPr\u016fm\u011br: 48 cm<\/p>\n<p>&nbsp;<\/p>\n","protected":false},"excerpt":{"rendered":"<p>Futuristick\u00fd design s n\u00e1dechem vesm\u00edrn\u00e9ho v\u011bku. Tento ikonick\u00fd model zn\u00e1m\u00fd jako Sputnik poch\u00e1z\u00ed z \u010deskoslovensk\u00e9 produkce zna\u010dky Drupol a byl<\/p>\n","protected":false},"featured_media":25464,"template":"","meta":[],"product_brand":[],"product_cat":[79,140],"product_tag":[],"class_list":{"0":"post-25462","1":"product","2":"type-product","3":"status-publish","4":"has-post-thumbnail","6":"product_cat-svetla","7":"product_cat-lustry","8":"product_shipping_class-nadrozmerne","10":"first","11":"instock","12":"purchasable","13":"product-type-simple"},"_links":{"self":[{"href":"https:\/\/eterle.cz\/eshop\/wp-json\/wp\/v2\/product\/25462","targetHints":{"allow":["GET"]}}],"collection":[{"href":"https:\/\/eterle.cz\/eshop\/wp-json\/wp\/v2\/product"}],"about":[{"href":"https:\/\/eterle.cz\/eshop\/wp-json\/wp\/v2\/types\/product"}],"version-history":[{"count":3,"href":"https:\/\/eterle.cz\/eshop\/wp-json\/wp\/v2\/product\/25462\/revisions"}],"predecessor-version":[{"id":31900,"href":"https:\/\/eterle.cz\/eshop\/wp-json\/wp\/v2\/product\/25462\/revisions\/31900"}],"wp:featuredmedia":[{"embeddable":true,"href":"https:\/\/eterle.cz\/eshop\/wp-json\/wp\/v2\/media\/25464"}],"wp:attachment":[{"href":"https:\/\/eterle.cz\/eshop\/wp-json\/wp\/v2\/media?parent=25462"}],"wp:term":[{"taxonomy":"product_brand","embeddable":true,"href":"https:\/\/eterle.cz\/eshop\/wp-json\/wp\/v2\/product_brand?post=25462"},{"taxonomy":"product_cat","embeddable":true,"href":"https:\/\/eterle.cz\/eshop\/wp-json\/wp\/v2\/product_cat?post=25462"},{"taxonomy":"product_tag","embeddable":true,"href":"https:\/\/eterle.cz\/eshop\/wp-json\/wp\/v2\/product_tag?post=25462"}],"curies":[{"name":"wp","href":"https:\/\/api.w.org\/{rel}","templated":true}]}}