{"id":25473,"date":"2025-05-30T08:57:11","date_gmt":"2025-05-30T06:57:11","guid":{"rendered":"https:\/\/eterle.cz\/eshop\/produkt\/lustr-styl-guzzini\/"},"modified":"2025-07-12T21:19:40","modified_gmt":"2025-07-12T19:19:40","slug":"lustr-styl-guzzini","status":"publish","type":"product","link":"https:\/\/eterle.cz\/eshop\/produkt\/lustr-styl-guzzini\/","title":{"rendered":"Lustr \/ styl Guzzini"},"content":{"rendered":"<p>Odv\u00e1\u017en\u00e1 \u010derven\u00e1, leskl\u00fd plast, kulat\u00fd tvar a nad\u010dasov\u00fd italsk\u00fd \u0161arm. Tohle z\u00e1v\u011bsn\u00e9 sv\u00edtidlo, p\u0159ipisovan\u00e9 zna\u010dce Guzzini, je u\u010debnicov\u00fdm p\u0159\u00edkladem space age estetiky 70. let minul\u00e9ho stolet\u00ed. Tvar koule dopln\u011bn\u00fd o vnit\u0159n\u00ed matn\u00e9 st\u00ednidlo vytv\u00e1\u0159\u00ed jemn\u00e9, difuzn\u00ed sv\u011btlo a z\u00e1rove\u0148 se st\u00e1v\u00e1 v\u00fdrazn\u00fdm socha\u0159sk\u00fdm prvkem v interi\u00e9ru.<\/p>\n<p>Guzzini, zalo\u017een\u00e1 v It\u00e1lii v roce 1912, je zn\u00e1m\u00e1 svou produkc\u00ed elegantn\u00edch sv\u00edtidel i dom\u00e1c\u00edch dopl\u0148k\u016f z plastu. Ve sv\u00fdch n\u00e1vrz\u00edch mistrn\u011b kombinovala nov\u00e9 materi\u00e1ly a optimistick\u00fd, modernistick\u00fd p\u0159\u00edstup k designu \u2013 a pr\u00e1v\u011b tyto plastov\u00e9 lustry s p\u0159iznan\u00fdm v\u00fdsuvn\u00fdm kabelem jsou dodnes sb\u011bratelsk\u00fdmi kousky.<\/p>\n<p>Stav: nefunguje ji\u017e jako stahovac\u00ed, m\u00e1 jen jednu d\u00e9lku; elektroinstalace p\u016fvodn\u00ed a funk\u010dn\u00ed<br \/>\nZna\u010dka: pravd\u011bpodobn\u011b Guzzini, ale nen\u00ed zna\u010deno<br \/>\nRozm\u011br<br \/>\nV\u00fd\u0161ka: 113 cm<br \/>\nPr\u016fm\u011br: 35 cm<\/p>\n<p>&nbsp;<\/p>\n","protected":false},"excerpt":{"rendered":"<p>Odv\u00e1\u017en\u00e1 \u010derven\u00e1, leskl\u00fd plast, kulat\u00fd tvar a nad\u010dasov\u00fd italsk\u00fd \u0161arm. Tohle z\u00e1v\u011bsn\u00e9 sv\u00edtidlo, p\u0159ipisovan\u00e9 zna\u010dce Guzzini, je u\u010debnicov\u00fdm p\u0159\u00edkladem space<\/p>\n","protected":false},"featured_media":25475,"template":"","meta":[],"product_brand":[],"product_cat":[79,140],"product_tag":[],"class_list":{"0":"post-25473","1":"product","2":"type-product","3":"status-publish","4":"has-post-thumbnail","6":"product_cat-svetla","7":"product_cat-lustry","8":"product_shipping_class-nadrozmerne","10":"first","11":"instock","12":"purchasable","13":"product-type-simple"},"_links":{"self":[{"href":"https:\/\/eterle.cz\/eshop\/wp-json\/wp\/v2\/product\/25473","targetHints":{"allow":["GET"]}}],"collection":[{"href":"https:\/\/eterle.cz\/eshop\/wp-json\/wp\/v2\/product"}],"about":[{"href":"https:\/\/eterle.cz\/eshop\/wp-json\/wp\/v2\/types\/product"}],"version-history":[{"count":1,"href":"https:\/\/eterle.cz\/eshop\/wp-json\/wp\/v2\/product\/25473\/revisions"}],"predecessor-version":[{"id":25474,"href":"https:\/\/eterle.cz\/eshop\/wp-json\/wp\/v2\/product\/25473\/revisions\/25474"}],"wp:featuredmedia":[{"embeddable":true,"href":"https:\/\/eterle.cz\/eshop\/wp-json\/wp\/v2\/media\/25475"}],"wp:attachment":[{"href":"https:\/\/eterle.cz\/eshop\/wp-json\/wp\/v2\/media?parent=25473"}],"wp:term":[{"taxonomy":"product_brand","embeddable":true,"href":"https:\/\/eterle.cz\/eshop\/wp-json\/wp\/v2\/product_brand?post=25473"},{"taxonomy":"product_cat","embeddable":true,"href":"https:\/\/eterle.cz\/eshop\/wp-json\/wp\/v2\/product_cat?post=25473"},{"taxonomy":"product_tag","embeddable":true,"href":"https:\/\/eterle.cz\/eshop\/wp-json\/wp\/v2\/product_tag?post=25473"}],"curies":[{"name":"wp","href":"https:\/\/api.w.org\/{rel}","templated":true}]}}