{"id":25482,"date":"2025-05-30T08:57:16","date_gmt":"2025-05-30T06:57:16","guid":{"rendered":"https:\/\/eterle.cz\/eshop\/produkt\/lustr-piskovane-sklo\/"},"modified":"2025-07-12T21:19:40","modified_gmt":"2025-07-12T19:19:40","slug":"lustr-piskovane-sklo","status":"publish","type":"product","link":"https:\/\/eterle.cz\/eshop\/produkt\/lustr-piskovane-sklo\/","title":{"rendered":"Lustr p\u00edskovan\u00e9 sklo"},"content":{"rendered":"<p>Luxusn\u00ed art deco lustr v kombinaci zlat\u00e9ho kovu a p\u00edskovan\u00e9ho skla. \u0160est kruhov\u00fdch st\u00ednidel p\u0159ipom\u00edn\u00e1 slune\u010dn\u00ed soustavu v dokonal\u00e9m tichu. Lustr kombinuje minimalistick\u00e9 linie s luxusn\u00edm leskem mosazi a vytv\u00e1\u0159\u00ed sv\u00edtidlo, kter\u00e9 se neztrat\u00ed ani v sou\u010dasn\u00e9m interi\u00e9ru s retro akcentem, ani v honosn\u00e9m foyer.<\/p>\n<p>Stav: vemi dobr\u00fd, elektroinstalace p\u016fvodn\u00ed a funk\u010dn\u00ed<br \/>\nRozm\u011br<br \/>\nV\u00fd\u0161ka: 95 cm<br \/>\nD\u00e9lka ty\u010de: 62 cm<br \/>\nPr\u016fm\u011br: 75 cm<\/p>\n<p>&nbsp;<\/p>\n","protected":false},"excerpt":{"rendered":"<p>Luxusn\u00ed art deco lustr v kombinaci zlat\u00e9ho kovu a p\u00edskovan\u00e9ho skla. \u0160est kruhov\u00fdch st\u00ednidel p\u0159ipom\u00edn\u00e1 slune\u010dn\u00ed soustavu v dokonal\u00e9m tichu.<\/p>\n","protected":false},"featured_media":25484,"template":"","meta":[],"product_brand":[],"product_cat":[79,140],"product_tag":[],"class_list":{"0":"post-25482","1":"product","2":"type-product","3":"status-publish","4":"has-post-thumbnail","6":"product_cat-svetla","7":"product_cat-lustry","8":"product_shipping_class-nadrozmerne","10":"first","11":"instock","12":"purchasable","13":"product-type-simple"},"_links":{"self":[{"href":"https:\/\/eterle.cz\/eshop\/wp-json\/wp\/v2\/product\/25482","targetHints":{"allow":["GET"]}}],"collection":[{"href":"https:\/\/eterle.cz\/eshop\/wp-json\/wp\/v2\/product"}],"about":[{"href":"https:\/\/eterle.cz\/eshop\/wp-json\/wp\/v2\/types\/product"}],"version-history":[{"count":1,"href":"https:\/\/eterle.cz\/eshop\/wp-json\/wp\/v2\/product\/25482\/revisions"}],"predecessor-version":[{"id":25483,"href":"https:\/\/eterle.cz\/eshop\/wp-json\/wp\/v2\/product\/25482\/revisions\/25483"}],"wp:featuredmedia":[{"embeddable":true,"href":"https:\/\/eterle.cz\/eshop\/wp-json\/wp\/v2\/media\/25484"}],"wp:attachment":[{"href":"https:\/\/eterle.cz\/eshop\/wp-json\/wp\/v2\/media?parent=25482"}],"wp:term":[{"taxonomy":"product_brand","embeddable":true,"href":"https:\/\/eterle.cz\/eshop\/wp-json\/wp\/v2\/product_brand?post=25482"},{"taxonomy":"product_cat","embeddable":true,"href":"https:\/\/eterle.cz\/eshop\/wp-json\/wp\/v2\/product_cat?post=25482"},{"taxonomy":"product_tag","embeddable":true,"href":"https:\/\/eterle.cz\/eshop\/wp-json\/wp\/v2\/product_tag?post=25482"}],"curies":[{"name":"wp","href":"https:\/\/api.w.org\/{rel}","templated":true}]}}