{"id":25500,"date":"2025-05-30T08:57:29","date_gmt":"2025-05-30T06:57:29","guid":{"rendered":"https:\/\/eterle.cz\/eshop\/produkt\/lustr-hnedy-mramor\/"},"modified":"2025-07-12T21:19:39","modified_gmt":"2025-07-12T19:19:39","slug":"lustr-hnedy-mramor","status":"publish","type":"product","link":"https:\/\/eterle.cz\/eshop\/produkt\/lustr-hnedy-mramor\/","title":{"rendered":"Lustr hn\u011bd\u00fd &#8222;mramor&#8220;"},"content":{"rendered":"<p>Sklen\u011bn\u00e1 koule s du\u0161\u00ed ohn\u011b. Z\u00e1v\u011bsn\u00e9 sv\u00edtidlo ve tvaru koule z ml\u00e9\u010dn\u00e9ho skla s barevn\u00fdmi \u017eilkami v t\u00f3nech m\u011bdi, rezav\u00e9 oran\u017ee a nen\u00e1padn\u00e9 zelen\u011b. Ka\u017ed\u00e9 ta\u017een\u00ed barvy je origin\u00e1ln\u00edm z\u00e1znamem okam\u017eiku, kdy se roztaven\u00e9 sklo prom\u011bnilo ve sv\u011bteln\u00fd objekt.<\/p>\n<p>Stav: elektroinstalace nov\u00e1; poklop na st\u00ednidle patina &#8211; drobn\u00e9 od\u011brky<br \/>\nRozm\u011br<br \/>\nV\u00fd\u0161ka: 63 cm<br \/>\nD\u00e9lka ty\u010de: 43 cm<br \/>\nPr\u016fm\u011br: 19 cm<\/p>\n<p>&nbsp;<\/p>\n","protected":false},"excerpt":{"rendered":"<p>Sklen\u011bn\u00e1 koule s du\u0161\u00ed ohn\u011b. Z\u00e1v\u011bsn\u00e9 sv\u00edtidlo ve tvaru koule z ml\u00e9\u010dn\u00e9ho skla s barevn\u00fdmi \u017eilkami v t\u00f3nech m\u011bdi, rezav\u00e9<\/p>\n","protected":false},"featured_media":25502,"template":"","meta":[],"product_brand":[],"product_cat":[79,140],"product_tag":[],"class_list":{"0":"post-25500","1":"product","2":"type-product","3":"status-publish","4":"has-post-thumbnail","6":"product_cat-svetla","7":"product_cat-lustry","8":"product_shipping_class-nadrozmerne","10":"first","11":"instock","12":"purchasable","13":"product-type-simple"},"_links":{"self":[{"href":"https:\/\/eterle.cz\/eshop\/wp-json\/wp\/v2\/product\/25500","targetHints":{"allow":["GET"]}}],"collection":[{"href":"https:\/\/eterle.cz\/eshop\/wp-json\/wp\/v2\/product"}],"about":[{"href":"https:\/\/eterle.cz\/eshop\/wp-json\/wp\/v2\/types\/product"}],"version-history":[{"count":1,"href":"https:\/\/eterle.cz\/eshop\/wp-json\/wp\/v2\/product\/25500\/revisions"}],"predecessor-version":[{"id":25501,"href":"https:\/\/eterle.cz\/eshop\/wp-json\/wp\/v2\/product\/25500\/revisions\/25501"}],"wp:featuredmedia":[{"embeddable":true,"href":"https:\/\/eterle.cz\/eshop\/wp-json\/wp\/v2\/media\/25502"}],"wp:attachment":[{"href":"https:\/\/eterle.cz\/eshop\/wp-json\/wp\/v2\/media?parent=25500"}],"wp:term":[{"taxonomy":"product_brand","embeddable":true,"href":"https:\/\/eterle.cz\/eshop\/wp-json\/wp\/v2\/product_brand?post=25500"},{"taxonomy":"product_cat","embeddable":true,"href":"https:\/\/eterle.cz\/eshop\/wp-json\/wp\/v2\/product_cat?post=25500"},{"taxonomy":"product_tag","embeddable":true,"href":"https:\/\/eterle.cz\/eshop\/wp-json\/wp\/v2\/product_tag?post=25500"}],"curies":[{"name":"wp","href":"https:\/\/api.w.org\/{rel}","templated":true}]}}