{"id":25508,"date":"2025-05-30T08:57:33","date_gmt":"2025-05-30T06:57:33","guid":{"rendered":"https:\/\/eterle.cz\/eshop\/produkt\/lustr-zeleny-mramor\/"},"modified":"2025-07-12T21:19:39","modified_gmt":"2025-07-12T19:19:39","slug":"lustr-zeleny-mramor","status":"publish","type":"product","link":"https:\/\/eterle.cz\/eshop\/produkt\/lustr-zeleny-mramor\/","title":{"rendered":"Lustr zelen\u00fd &#8222;mramor&#8220;"},"content":{"rendered":"<p>Z\u00e1v\u011bsn\u00e9 sklen\u011bn\u00e9 sv\u00edtidlo s ru\u010dn\u011b foukan\u00fdm st\u00ednidlem ve tvaru koule, kter\u00e9 p\u016fsob\u00ed jako zhmotn\u011bn\u00fd oblak. Ml\u00e9\u010dn\u00e9 sklo je protkan\u00e9 jemn\u00fdmi pram\u00ednky zelen\u00e9 barvy, p\u0159ipom\u00ednaj\u00edc\u00edmi vodn\u00ed rostliny \u010di chladiv\u00e9 m\u00e1tov\u00e9 t\u00f3ny rozpt\u00fdlen\u00e9 v letn\u00edm v\u00e1nku. Kovov\u00fd dr\u017e\u00e1k s patinou napov\u00edd\u00e1, \u017ee tento kousek u\u017e pro\u017eil kus designov\u00e9 historie, pravd\u011bpodobn\u011b v 60. nebo 70. letech minul\u00e9ho stolet\u00ed. Poetick\u00e9 sv\u00edtidlo, kter\u00e9 v interi\u00e9ru navod\u00ed klid a sv\u011b\u017eest.<\/p>\n<p>Stav: elektroinstalace nov\u00e1; poklop na st\u00ednidle patina &#8211; drobn\u00e9 od\u011brky<br \/>\nRozm\u011br<br \/>\nV\u00fd\u0161ka: 63 cm<br \/>\nD\u00e9lka ty\u010de: 43 cm<br \/>\nPr\u016fm\u011br: 19 cm<\/p>\n<p>&nbsp;<\/p>\n","protected":false},"excerpt":{"rendered":"<p>Z\u00e1v\u011bsn\u00e9 sklen\u011bn\u00e9 sv\u00edtidlo s ru\u010dn\u011b foukan\u00fdm st\u00ednidlem ve tvaru koule, kter\u00e9 p\u016fsob\u00ed jako zhmotn\u011bn\u00fd oblak. Ml\u00e9\u010dn\u00e9 sklo je protkan\u00e9 jemn\u00fdmi<\/p>\n","protected":false},"featured_media":25510,"template":"","meta":[],"product_brand":[],"product_cat":[79,140],"product_tag":[],"class_list":{"0":"post-25508","1":"product","2":"type-product","3":"status-publish","4":"has-post-thumbnail","6":"product_cat-svetla","7":"product_cat-lustry","8":"product_shipping_class-nadrozmerne","10":"first","11":"instock","12":"purchasable","13":"product-type-simple"},"_links":{"self":[{"href":"https:\/\/eterle.cz\/eshop\/wp-json\/wp\/v2\/product\/25508","targetHints":{"allow":["GET"]}}],"collection":[{"href":"https:\/\/eterle.cz\/eshop\/wp-json\/wp\/v2\/product"}],"about":[{"href":"https:\/\/eterle.cz\/eshop\/wp-json\/wp\/v2\/types\/product"}],"version-history":[{"count":1,"href":"https:\/\/eterle.cz\/eshop\/wp-json\/wp\/v2\/product\/25508\/revisions"}],"predecessor-version":[{"id":25509,"href":"https:\/\/eterle.cz\/eshop\/wp-json\/wp\/v2\/product\/25508\/revisions\/25509"}],"wp:featuredmedia":[{"embeddable":true,"href":"https:\/\/eterle.cz\/eshop\/wp-json\/wp\/v2\/media\/25510"}],"wp:attachment":[{"href":"https:\/\/eterle.cz\/eshop\/wp-json\/wp\/v2\/media?parent=25508"}],"wp:term":[{"taxonomy":"product_brand","embeddable":true,"href":"https:\/\/eterle.cz\/eshop\/wp-json\/wp\/v2\/product_brand?post=25508"},{"taxonomy":"product_cat","embeddable":true,"href":"https:\/\/eterle.cz\/eshop\/wp-json\/wp\/v2\/product_cat?post=25508"},{"taxonomy":"product_tag","embeddable":true,"href":"https:\/\/eterle.cz\/eshop\/wp-json\/wp\/v2\/product_tag?post=25508"}],"curies":[{"name":"wp","href":"https:\/\/api.w.org\/{rel}","templated":true}]}}