{"id":25515,"date":"2025-05-30T08:57:37","date_gmt":"2025-05-30T06:57:37","guid":{"rendered":"https:\/\/eterle.cz\/eshop\/produkt\/lustr-opakove-sklo\/"},"modified":"2026-01-15T09:12:04","modified_gmt":"2026-01-15T08:12:04","slug":"lustr-opakove-sklo","status":"publish","type":"product","link":"https:\/\/eterle.cz\/eshop\/produkt\/lustr-opakove-sklo\/","title":{"rendered":"Lustr op\u00e1kov\u00e9 sklo"},"content":{"rendered":"<p>Lustr s op\u00e1lov\u00fdm st\u00ednidlem z lit\u00e9ho skla, jeho\u017e reli\u00e9fn\u00ed povrch hraje s geometri\u00ed a sv\u011btlem ne\u010dekanou hru. Plastick\u00e9 \u017eebrov\u00e1n\u00ed se ve st\u0159edn\u00ed \u010d\u00e1sti l\u00e1me do vzoru p\u0159ipom\u00ednaj\u00edc\u00edho optick\u00e9 \u010do\u010dky, ka\u017ed\u00fd \u00fahel pohledu nab\u00edz\u00ed jin\u00fd dojem.<\/p>\n<p>Tento typ sv\u00edtidel byl obl\u00edben\u00fd zejm\u00e9na v 60.\u201370. letech, kdy se snoubila funk\u010dnost s dekorativnost\u00ed. Skv\u011ble se hod\u00ed jak do interi\u00e9ru ve stylu retro \u010di mid-century modern, tak i do minimalisti\u010dt\u011bj\u0161\u00edho prostoru, kde vynikne jeho plastick\u00e1 struktura.<\/p>\n<p>Stav: dobr\u00fd, elektroinstalace nov\u00e1<br \/>\nRozm\u011br<br \/>\nV\u00fd\u0161ka: 72 cm<br \/>\nD\u00e9lka ty\u010de: 45 cm<br \/>\nPr\u016fm\u011br: 40<\/p>\n<p>&nbsp;<\/p>\n","protected":false},"excerpt":{"rendered":"<p>Lustr s op\u00e1lov\u00fdm st\u00ednidlem z lit\u00e9ho skla, jeho\u017e reli\u00e9fn\u00ed povrch hraje s geometri\u00ed a sv\u011btlem ne\u010dekanou hru. Plastick\u00e9 \u017eebrov\u00e1n\u00ed se<\/p>\n","protected":false},"featured_media":25517,"template":"","meta":[],"product_brand":[],"product_cat":[91],"product_tag":[],"class_list":{"0":"post-25515","1":"product","2":"type-product","3":"status-publish","4":"has-post-thumbnail","6":"product_cat-prodane","7":"product_shipping_class-nadrozmerne","9":"first","10":"outofstock","11":"purchasable","12":"product-type-simple"},"_links":{"self":[{"href":"https:\/\/eterle.cz\/eshop\/wp-json\/wp\/v2\/product\/25515","targetHints":{"allow":["GET"]}}],"collection":[{"href":"https:\/\/eterle.cz\/eshop\/wp-json\/wp\/v2\/product"}],"about":[{"href":"https:\/\/eterle.cz\/eshop\/wp-json\/wp\/v2\/types\/product"}],"version-history":[{"count":1,"href":"https:\/\/eterle.cz\/eshop\/wp-json\/wp\/v2\/product\/25515\/revisions"}],"predecessor-version":[{"id":25516,"href":"https:\/\/eterle.cz\/eshop\/wp-json\/wp\/v2\/product\/25515\/revisions\/25516"}],"wp:featuredmedia":[{"embeddable":true,"href":"https:\/\/eterle.cz\/eshop\/wp-json\/wp\/v2\/media\/25517"}],"wp:attachment":[{"href":"https:\/\/eterle.cz\/eshop\/wp-json\/wp\/v2\/media?parent=25515"}],"wp:term":[{"taxonomy":"product_brand","embeddable":true,"href":"https:\/\/eterle.cz\/eshop\/wp-json\/wp\/v2\/product_brand?post=25515"},{"taxonomy":"product_cat","embeddable":true,"href":"https:\/\/eterle.cz\/eshop\/wp-json\/wp\/v2\/product_cat?post=25515"},{"taxonomy":"product_tag","embeddable":true,"href":"https:\/\/eterle.cz\/eshop\/wp-json\/wp\/v2\/product_tag?post=25515"}],"curies":[{"name":"wp","href":"https:\/\/api.w.org\/{rel}","templated":true}]}}