{"id":25523,"date":"2025-05-30T08:57:42","date_gmt":"2025-05-30T06:57:42","guid":{"rendered":"https:\/\/eterle.cz\/eshop\/produkt\/lustr-siska-2\/"},"modified":"2025-07-12T21:20:34","modified_gmt":"2025-07-12T19:20:34","slug":"lustr-siska-2","status":"publish","type":"product","link":"https:\/\/eterle.cz\/eshop\/produkt\/lustr-siska-2\/","title":{"rendered":"Lustr &#8222;\u0161i\u0161ka&#8220;"},"content":{"rendered":"<p>Lustr z matn\u00e9ho lisovan\u00e9ho skla, kter\u00fd sv\u00fdm podlouhl\u00fdm tvarem a strukturovan\u00fdm reli\u00e9fem p\u0159ipom\u00edn\u00e1 lesn\u00ed \u0161isku. Svisl\u00e9 \u017eebrov\u00e1n\u00ed a p\u00e1s s plastick\u00fdm optick\u00fdm dekorem dod\u00e1vaj\u00ed lamp\u011b so\u0161nou eleganci.<\/p>\n<p>Stav: dobr\u00fd &#8211; zlat\u00e1 ty\u010d s patinou, elektroinstalace nov\u00e1<br \/>\nRozm\u011br<br \/>\nV\u00fd\u0161ka: 78 cm<br \/>\nD\u00e9lka ty\u010de: 48 cm<br \/>\nPr\u016fm\u011br: 26 cm<\/p>\n<p>&nbsp;<\/p>\n","protected":false},"excerpt":{"rendered":"<p>Lustr z matn\u00e9ho lisovan\u00e9ho skla, kter\u00fd sv\u00fdm podlouhl\u00fdm tvarem a strukturovan\u00fdm reli\u00e9fem p\u0159ipom\u00edn\u00e1 lesn\u00ed \u0161isku. Svisl\u00e9 \u017eebrov\u00e1n\u00ed a p\u00e1s s<\/p>\n","protected":false},"featured_media":25525,"template":"","meta":[],"product_brand":[],"product_cat":[79,140],"product_tag":[],"class_list":{"0":"post-25523","1":"product","2":"type-product","3":"status-publish","4":"has-post-thumbnail","6":"product_cat-svetla","7":"product_cat-lustry","8":"product_shipping_class-nadrozmerne","10":"first","11":"instock","12":"purchasable","13":"product-type-simple"},"_links":{"self":[{"href":"https:\/\/eterle.cz\/eshop\/wp-json\/wp\/v2\/product\/25523","targetHints":{"allow":["GET"]}}],"collection":[{"href":"https:\/\/eterle.cz\/eshop\/wp-json\/wp\/v2\/product"}],"about":[{"href":"https:\/\/eterle.cz\/eshop\/wp-json\/wp\/v2\/types\/product"}],"version-history":[{"count":1,"href":"https:\/\/eterle.cz\/eshop\/wp-json\/wp\/v2\/product\/25523\/revisions"}],"predecessor-version":[{"id":25524,"href":"https:\/\/eterle.cz\/eshop\/wp-json\/wp\/v2\/product\/25523\/revisions\/25524"}],"wp:featuredmedia":[{"embeddable":true,"href":"https:\/\/eterle.cz\/eshop\/wp-json\/wp\/v2\/media\/25525"}],"wp:attachment":[{"href":"https:\/\/eterle.cz\/eshop\/wp-json\/wp\/v2\/media?parent=25523"}],"wp:term":[{"taxonomy":"product_brand","embeddable":true,"href":"https:\/\/eterle.cz\/eshop\/wp-json\/wp\/v2\/product_brand?post=25523"},{"taxonomy":"product_cat","embeddable":true,"href":"https:\/\/eterle.cz\/eshop\/wp-json\/wp\/v2\/product_cat?post=25523"},{"taxonomy":"product_tag","embeddable":true,"href":"https:\/\/eterle.cz\/eshop\/wp-json\/wp\/v2\/product_tag?post=25523"}],"curies":[{"name":"wp","href":"https:\/\/api.w.org\/{rel}","templated":true}]}}