{"id":25531,"date":"2025-05-30T08:57:48","date_gmt":"2025-05-30T06:57:48","guid":{"rendered":"https:\/\/eterle.cz\/eshop\/produkt\/lustr-turban\/"},"modified":"2025-07-12T21:20:33","modified_gmt":"2025-07-12T19:20:33","slug":"lustr-turban","status":"publish","type":"product","link":"https:\/\/eterle.cz\/eshop\/produkt\/lustr-turban\/","title":{"rendered":"Lustr turban"},"content":{"rendered":"<p>Lustr s matn\u00fdm sklem a \u010dern\u00fdmi kovov\u00fdmi detaily zaujme sv\u00fdm obl\u00fdm tvarem, kter\u00fd p\u0159ipom\u00edn\u00e1 design 70. let minul\u00e9ho stolet\u00ed, ov\u0161em s modern\u00ed zdr\u017eenlivost\u00ed.<\/p>\n<p>Sklen\u011bn\u00e9 st\u00ednidlo ve tvaru turbanu p\u016fsob\u00ed m\u011bkce a harmonicky. I zhasnut\u00e9 m\u00e1 v interi\u00e9ru v\u00fdraznou, ale nevt\u00edravou p\u0159\u00edtomnost. Minimalistick\u00e1 kombinace \u010dern\u00e9 a b\u00edl\u00e9 podtrhuje univerz\u00e1lnost lampy, kter\u00e1 se hod\u00ed jak nad j\u00eddeln\u00ed st\u016fl, tak do ob\u00fdvac\u00edho pokoje.<\/p>\n<p>Stav: perfektn\u00ed, elektroinstalace p\u016fvodn\u00ed a funk\u010dn\u00ed<br \/>\nRozm\u011br<br \/>\nV\u00fd\u0161ka: 48 cm<br \/>\nD\u00e9lka ty\u010de: 24 cm<br \/>\nPr\u016fm\u011br: 30 cm<\/p>\n<p>&nbsp;<\/p>\n","protected":false},"excerpt":{"rendered":"<p>Lustr s matn\u00fdm sklem a \u010dern\u00fdmi kovov\u00fdmi detaily zaujme sv\u00fdm obl\u00fdm tvarem, kter\u00fd p\u0159ipom\u00edn\u00e1 design 70. let minul\u00e9ho stolet\u00ed, ov\u0161em<\/p>\n","protected":false},"featured_media":25533,"template":"","meta":[],"product_brand":[],"product_cat":[79,140],"product_tag":[],"class_list":{"0":"post-25531","1":"product","2":"type-product","3":"status-publish","4":"has-post-thumbnail","6":"product_cat-svetla","7":"product_cat-lustry","8":"product_shipping_class-nadrozmerne","10":"first","11":"instock","12":"purchasable","13":"product-type-simple"},"_links":{"self":[{"href":"https:\/\/eterle.cz\/eshop\/wp-json\/wp\/v2\/product\/25531","targetHints":{"allow":["GET"]}}],"collection":[{"href":"https:\/\/eterle.cz\/eshop\/wp-json\/wp\/v2\/product"}],"about":[{"href":"https:\/\/eterle.cz\/eshop\/wp-json\/wp\/v2\/types\/product"}],"version-history":[{"count":1,"href":"https:\/\/eterle.cz\/eshop\/wp-json\/wp\/v2\/product\/25531\/revisions"}],"predecessor-version":[{"id":25532,"href":"https:\/\/eterle.cz\/eshop\/wp-json\/wp\/v2\/product\/25531\/revisions\/25532"}],"wp:featuredmedia":[{"embeddable":true,"href":"https:\/\/eterle.cz\/eshop\/wp-json\/wp\/v2\/media\/25533"}],"wp:attachment":[{"href":"https:\/\/eterle.cz\/eshop\/wp-json\/wp\/v2\/media?parent=25531"}],"wp:term":[{"taxonomy":"product_brand","embeddable":true,"href":"https:\/\/eterle.cz\/eshop\/wp-json\/wp\/v2\/product_brand?post=25531"},{"taxonomy":"product_cat","embeddable":true,"href":"https:\/\/eterle.cz\/eshop\/wp-json\/wp\/v2\/product_cat?post=25531"},{"taxonomy":"product_tag","embeddable":true,"href":"https:\/\/eterle.cz\/eshop\/wp-json\/wp\/v2\/product_tag?post=25531"}],"curies":[{"name":"wp","href":"https:\/\/api.w.org\/{rel}","templated":true}]}}