{"id":25590,"date":"2025-05-30T08:58:23","date_gmt":"2025-05-30T06:58:23","guid":{"rendered":"https:\/\/eterle.cz\/eshop\/produkt\/lustr-14\/"},"modified":"2025-10-07T21:14:24","modified_gmt":"2025-10-07T19:14:24","slug":"lustr-14","status":"publish","type":"product","link":"https:\/\/eterle.cz\/eshop\/produkt\/lustr-14\/","title":{"rendered":"Lustr"},"content":{"rendered":"<p>Lustr z op\u00e1lov\u00e9ho skla, jeho\u017e tvar p\u0159ipom\u00edn\u00e1 rozevl\u00e1tou sukni nebo zvon. Jemn\u011b roz\u0161\u00ed\u0159en\u00fd spodn\u00ed lem p\u016fsob\u00ed hrav\u011b i elegantn\u011b z\u00e1rove\u0148. Leskl\u00e1 kovov\u00e1 vrchn\u00ed \u010d\u00e1st pak dopl\u0148uje celek o decentn\u00ed retro akcent v duchu 60. a 70. let. Sv\u011btlo, kter\u00e9 zapadne t\u00e9m\u011b\u0159 kamkoli a p\u0159itom si zachov\u00e1 sv\u016fj osobit\u00fd p\u016fvab.<\/p>\n<p>Stav: elektroinstalace p\u016fvodn\u00ed a funk\u010dn\u00ed; chrom perfektn\u00ed<br \/>\nRozm\u011br<br \/>\nV\u00fd\u0161ka: 63 cm<br \/>\nD\u00e9lka ty\u010de: 37 cm<br \/>\nPr\u016fm\u011br: 38 cm<\/p>\n<p>&nbsp;<\/p>\n","protected":false},"excerpt":{"rendered":"<p>Lustr z op\u00e1lov\u00e9ho skla, jeho\u017e tvar p\u0159ipom\u00edn\u00e1 rozevl\u00e1tou sukni nebo zvon. Jemn\u011b roz\u0161\u00ed\u0159en\u00fd spodn\u00ed lem p\u016fsob\u00ed hrav\u011b i elegantn\u011b z\u00e1rove\u0148.<\/p>\n","protected":false},"featured_media":25592,"template":"","meta":[],"product_brand":[],"product_cat":[79,140],"product_tag":[],"class_list":{"0":"post-25590","1":"product","2":"type-product","3":"status-publish","4":"has-post-thumbnail","6":"product_cat-svetla","7":"product_cat-lustry","8":"product_shipping_class-nadrozmerne","10":"first","11":"instock","12":"purchasable","13":"product-type-simple"},"_links":{"self":[{"href":"https:\/\/eterle.cz\/eshop\/wp-json\/wp\/v2\/product\/25590","targetHints":{"allow":["GET"]}}],"collection":[{"href":"https:\/\/eterle.cz\/eshop\/wp-json\/wp\/v2\/product"}],"about":[{"href":"https:\/\/eterle.cz\/eshop\/wp-json\/wp\/v2\/types\/product"}],"version-history":[{"count":3,"href":"https:\/\/eterle.cz\/eshop\/wp-json\/wp\/v2\/product\/25590\/revisions"}],"predecessor-version":[{"id":29376,"href":"https:\/\/eterle.cz\/eshop\/wp-json\/wp\/v2\/product\/25590\/revisions\/29376"}],"wp:featuredmedia":[{"embeddable":true,"href":"https:\/\/eterle.cz\/eshop\/wp-json\/wp\/v2\/media\/25592"}],"wp:attachment":[{"href":"https:\/\/eterle.cz\/eshop\/wp-json\/wp\/v2\/media?parent=25590"}],"wp:term":[{"taxonomy":"product_brand","embeddable":true,"href":"https:\/\/eterle.cz\/eshop\/wp-json\/wp\/v2\/product_brand?post=25590"},{"taxonomy":"product_cat","embeddable":true,"href":"https:\/\/eterle.cz\/eshop\/wp-json\/wp\/v2\/product_cat?post=25590"},{"taxonomy":"product_tag","embeddable":true,"href":"https:\/\/eterle.cz\/eshop\/wp-json\/wp\/v2\/product_tag?post=25590"}],"curies":[{"name":"wp","href":"https:\/\/api.w.org\/{rel}","templated":true}]}}