{"id":25717,"date":"2025-05-30T08:59:40","date_gmt":"2025-05-30T06:59:40","guid":{"rendered":"https:\/\/eterle.cz\/eshop\/produkt\/stolni-lampicka-tabery-2\/"},"modified":"2025-08-26T00:18:09","modified_gmt":"2025-08-25T22:18:09","slug":"stolni-lampicka-tabery-2","status":"publish","type":"product","link":"https:\/\/eterle.cz\/eshop\/produkt\/stolni-lampicka-tabery-2\/","title":{"rendered":"Stoln\u00ed lampi\u010dka \/ Tabery"},"content":{"rendered":"<p>Sklen\u011bn\u00e1 stoln\u00ed lampa od nyn\u00ed popul\u00e1rn\u00edho \u0160t\u011bp\u00e1na Tabery, kterou navrhl v 70. letech pro Osv\u011btlovac\u00ed sklo, st\u0159edisko podniku v Kostanech u Teplic. Jde o ikonick\u00fd, notoricky zn\u00e1m\u00fd model z op\u00e1lov\u00e9ho skla, kter\u00e9 je v jednom kuse spole\u010dn\u011b s podstavcem. P\u0159i rozsv\u00edcen\u00ed se v\u0161ak rozz\u00e1\u0159\u00ed pouze jeho horn\u00ed \u010d\u00e1st.<\/p>\n<p>Stav: elektroinstalace p\u016fvodn\u00ed, funk\u010dn\u00ed; kovov\u00fd prou\u017eek s patinou<br \/>\nZna\u010dka: \u0160t\u011bp\u00e1n Tabery<br \/>\nRozm\u011br<br \/>\nV\u00fd\u0161ka: 32,5<br \/>\nPr\u016fm\u011br: 25 cm<\/p>\n<p>&nbsp;<\/p>\n","protected":false},"excerpt":{"rendered":"<p>Sklen\u011bn\u00e1 stoln\u00ed lampa od nyn\u00ed popul\u00e1rn\u00edho \u0160t\u011bp\u00e1na Tabery, kterou navrhl v 70. letech pro Osv\u011btlovac\u00ed sklo, st\u0159edisko podniku v Kostanech<\/p>\n","protected":false},"featured_media":25719,"template":"","meta":[],"product_brand":[],"product_cat":[91],"product_tag":[],"class_list":{"0":"post-25717","1":"product","2":"type-product","3":"status-publish","4":"has-post-thumbnail","6":"product_cat-prodane","7":"product_shipping_class-nadrozmerne","9":"first","10":"outofstock","11":"purchasable","12":"product-type-simple"},"_links":{"self":[{"href":"https:\/\/eterle.cz\/eshop\/wp-json\/wp\/v2\/product\/25717","targetHints":{"allow":["GET"]}}],"collection":[{"href":"https:\/\/eterle.cz\/eshop\/wp-json\/wp\/v2\/product"}],"about":[{"href":"https:\/\/eterle.cz\/eshop\/wp-json\/wp\/v2\/types\/product"}],"version-history":[{"count":1,"href":"https:\/\/eterle.cz\/eshop\/wp-json\/wp\/v2\/product\/25717\/revisions"}],"predecessor-version":[{"id":25718,"href":"https:\/\/eterle.cz\/eshop\/wp-json\/wp\/v2\/product\/25717\/revisions\/25718"}],"wp:featuredmedia":[{"embeddable":true,"href":"https:\/\/eterle.cz\/eshop\/wp-json\/wp\/v2\/media\/25719"}],"wp:attachment":[{"href":"https:\/\/eterle.cz\/eshop\/wp-json\/wp\/v2\/media?parent=25717"}],"wp:term":[{"taxonomy":"product_brand","embeddable":true,"href":"https:\/\/eterle.cz\/eshop\/wp-json\/wp\/v2\/product_brand?post=25717"},{"taxonomy":"product_cat","embeddable":true,"href":"https:\/\/eterle.cz\/eshop\/wp-json\/wp\/v2\/product_cat?post=25717"},{"taxonomy":"product_tag","embeddable":true,"href":"https:\/\/eterle.cz\/eshop\/wp-json\/wp\/v2\/product_tag?post=25717"}],"curies":[{"name":"wp","href":"https:\/\/api.w.org\/{rel}","templated":true}]}}