{"id":25827,"date":"2025-05-31T01:53:19","date_gmt":"2025-05-30T23:53:19","guid":{"rendered":"https:\/\/eterle.cz\/eshop\/produkt\/sada-6-melkych-taliru-rosenthal-2\/"},"modified":"2025-08-07T22:38:24","modified_gmt":"2025-08-07T20:38:24","slug":"sada-6-melkych-taliru-rosenthal-2","status":"publish","type":"product","link":"https:\/\/eterle.cz\/eshop\/produkt\/sada-6-melkych-taliru-rosenthal-2\/","title":{"rendered":"Sada 6 m\u011blk\u00fdch tal\u00ed\u0159\u016f \/ Rosenthal"},"content":{"rendered":"<p>Sada 6 m\u011blk\u00fdch tal\u00ed\u0159\u016f z \u0159ady Lotus, navr\u017een\u00e9 d\u00e1nsk\u00fdm design\u00e9rem Bj\u00f8rnem Wiinbladem pro zna\u010dku Rosenthal. Jemn\u00fd geometrick\u00fd dekor inspirovan\u00fd tvarem lotosu a typick\u00e1 pastelov\u00e1 barevnost odr\u00e1\u017eej\u00ed Wiinblad\u016fv dekorativn\u00ed styl. Design s p\u0159\u00edb\u011bhem, kter\u00fd v sob\u011b spojuje n\u011bmeckou porcel\u00e1novou kvalitu a severskou hravost. Wiinblad, v\u00fdrazn\u00e1 osobnost skandin\u00e1vsk\u00e9ho designu, byl v roce 1985 jmenov\u00e1n Mu\u017eem roku v New Yorku a v roce 1995 ocen\u011bn kulturn\u00ed cenou Americko-skandin\u00e1vsk\u00e9 nadace.<\/p>\n<p>Stav: nov\u00e9<br \/>\n Zna\u010dka: Rosenthal<br \/>\n Rozm\u011br<br \/>\n Pr\u016fm\u011br: 26 cm<\/p>\n<p>&nbsp;<\/p>\n","protected":false},"excerpt":{"rendered":"<p>Sada 6 m\u011blk\u00fdch tal\u00ed\u0159\u016f z \u0159ady Lotus, navr\u017een\u00e9 d\u00e1nsk\u00fdm design\u00e9rem Bj\u00f8rnem Wiinbladem pro zna\u010dku Rosenthal. Jemn\u00fd geometrick\u00fd dekor inspirovan\u00fd tvarem<\/p>\n","protected":false},"featured_media":25829,"template":"","meta":[],"product_brand":[],"product_cat":[91],"product_tag":[],"class_list":{"0":"post-25827","1":"product","2":"type-product","3":"status-publish","4":"has-post-thumbnail","6":"product_cat-prodane","8":"first","9":"outofstock","10":"purchasable","11":"product-type-simple"},"_links":{"self":[{"href":"https:\/\/eterle.cz\/eshop\/wp-json\/wp\/v2\/product\/25827","targetHints":{"allow":["GET"]}}],"collection":[{"href":"https:\/\/eterle.cz\/eshop\/wp-json\/wp\/v2\/product"}],"about":[{"href":"https:\/\/eterle.cz\/eshop\/wp-json\/wp\/v2\/types\/product"}],"version-history":[{"count":1,"href":"https:\/\/eterle.cz\/eshop\/wp-json\/wp\/v2\/product\/25827\/revisions"}],"predecessor-version":[{"id":25828,"href":"https:\/\/eterle.cz\/eshop\/wp-json\/wp\/v2\/product\/25827\/revisions\/25828"}],"wp:featuredmedia":[{"embeddable":true,"href":"https:\/\/eterle.cz\/eshop\/wp-json\/wp\/v2\/media\/25829"}],"wp:attachment":[{"href":"https:\/\/eterle.cz\/eshop\/wp-json\/wp\/v2\/media?parent=25827"}],"wp:term":[{"taxonomy":"product_brand","embeddable":true,"href":"https:\/\/eterle.cz\/eshop\/wp-json\/wp\/v2\/product_brand?post=25827"},{"taxonomy":"product_cat","embeddable":true,"href":"https:\/\/eterle.cz\/eshop\/wp-json\/wp\/v2\/product_cat?post=25827"},{"taxonomy":"product_tag","embeddable":true,"href":"https:\/\/eterle.cz\/eshop\/wp-json\/wp\/v2\/product_tag?post=25827"}],"curies":[{"name":"wp","href":"https:\/\/api.w.org\/{rel}","templated":true}]}}