{"id":25840,"date":"2025-05-31T01:53:26","date_gmt":"2025-05-30T23:53:26","guid":{"rendered":"https:\/\/eterle.cz\/eshop\/produkt\/sapo-rosenthal-7\/"},"modified":"2026-04-03T09:57:08","modified_gmt":"2026-04-03T07:57:08","slug":"sapo-rosenthal-7","status":"publish","type":"product","link":"https:\/\/eterle.cz\/eshop\/produkt\/sapo-rosenthal-7\/","title":{"rendered":"\u0160ap\u00f3 \/ Rosenthal"},"content":{"rendered":"<p>Minimalistick\u00e9 \u0161ap\u00f3 z kolekce Porcelaine Noire navr\u017een\u00e9 Tapiem Wirkkalou pro Rosenthal Studio-Linie. Elegantn\u00ed \u0161\u00e1lek s v\u00fdrazn\u00fdm kruhov\u00fdm uchem dopl\u0148uje matn\u011b \u010dern\u00fd pod\u0161\u00e1lek. Finsk\u00fd design\u00e9r Tapio Wirkkala vtiskl tomuto \u0161ap\u00f3 typickou \u010distotu forem a vizu\u00e1ln\u00ed kontrast, kter\u00fd podtrhuje nad\u010dasovost a preciznost n\u011bmeck\u00e9 v\u00fdroby. Wirkkala, jedna z nejv\u00fdrazn\u011bj\u0161\u00edch postav skandin\u00e1vsk\u00e9ho designu 20. stolet\u00ed, se proslavil svou schopnost\u00ed spojovat estetiku s funk\u010dnost\u00ed. A\u0165 u\u017e navrhoval sklo, d\u0159evo, nebo pr\u00e1v\u011b porcel\u00e1n.<br \/>\nUk\u00e1zka designu, kter\u00fd nehled\u00e1 pozornost a p\u0159esto ji snadno z\u00edsk\u00e1.<\/p>\n<p>Stav: velmi dobr\u00fd<br \/>\nZna\u010dka: Rosenthal<br \/>\nRozm\u011br<br \/>\nPr\u016fm\u011br pod\u0161\u00e1lku: 14 cm<br \/>\nObjem hrne\u010dku: 150 ml<\/p>\n<p>&nbsp;<\/p>\n","protected":false},"excerpt":{"rendered":"<p>Minimalistick\u00e9 \u0161ap\u00f3 z kolekce Porcelaine Noire navr\u017een\u00e9 Tapiem Wirkkalou pro Rosenthal Studio-Linie. Elegantn\u00ed \u0161\u00e1lek s v\u00fdrazn\u00fdm kruhov\u00fdm uchem dopl\u0148uje matn\u011b<\/p>\n","protected":false},"featured_media":25842,"template":"","meta":[],"product_brand":[],"product_cat":[76,120,101],"product_tag":[],"class_list":{"0":"post-25840","1":"product","2":"type-product","3":"status-publish","4":"has-post-thumbnail","6":"product_cat-porcelan","7":"product_cat-hrnecky","8":"product_cat-rosenthal","10":"first","11":"instock","12":"purchasable","13":"product-type-simple"},"_links":{"self":[{"href":"https:\/\/eterle.cz\/eshop\/wp-json\/wp\/v2\/product\/25840","targetHints":{"allow":["GET"]}}],"collection":[{"href":"https:\/\/eterle.cz\/eshop\/wp-json\/wp\/v2\/product"}],"about":[{"href":"https:\/\/eterle.cz\/eshop\/wp-json\/wp\/v2\/types\/product"}],"version-history":[{"count":2,"href":"https:\/\/eterle.cz\/eshop\/wp-json\/wp\/v2\/product\/25840\/revisions"}],"predecessor-version":[{"id":28654,"href":"https:\/\/eterle.cz\/eshop\/wp-json\/wp\/v2\/product\/25840\/revisions\/28654"}],"wp:featuredmedia":[{"embeddable":true,"href":"https:\/\/eterle.cz\/eshop\/wp-json\/wp\/v2\/media\/25842"}],"wp:attachment":[{"href":"https:\/\/eterle.cz\/eshop\/wp-json\/wp\/v2\/media?parent=25840"}],"wp:term":[{"taxonomy":"product_brand","embeddable":true,"href":"https:\/\/eterle.cz\/eshop\/wp-json\/wp\/v2\/product_brand?post=25840"},{"taxonomy":"product_cat","embeddable":true,"href":"https:\/\/eterle.cz\/eshop\/wp-json\/wp\/v2\/product_cat?post=25840"},{"taxonomy":"product_tag","embeddable":true,"href":"https:\/\/eterle.cz\/eshop\/wp-json\/wp\/v2\/product_tag?post=25840"}],"curies":[{"name":"wp","href":"https:\/\/api.w.org\/{rel}","templated":true}]}}